{"id":42512,"date":"2023-12-08T13:08:57","date_gmt":"2023-12-08T13:08:57","guid":{"rendered":"https:\/\/mylittlemeal.se\/?post_type=product&#038;p=42512"},"modified":"2026-02-23T19:38:48","modified_gmt":"2026-02-23T19:38:48","slug":"klemmepose-i-silikon-260ml","status":"publish","type":"product","link":"https:\/\/mylittlemeal.se\/no\/produkter\/klemmepose-i-silikon-260ml\/","title":{"rendered":"Klemmepose i silikon, 260ml"},"content":{"rendered":"<p>Med denne gjenbrukbare plastfrie klypen i 100 % matgodkjent silikon, blir hverdagen enklere for sm\u00e5barnsforeldre \u00e5 ta med seg en matbit p\u00e5 neste utflukt med barna. Fyll p\u00e5 med egen smoothie, blandet barnemat eller annen pur\u00e9. \u00c5pnes og lukkes enkelt med det avtakbare lokket. Munnstykket er lukket med den lekkasjesikre hetten.<br \/>\nDenne klemposen er et godt supplement til My Little Meal sine tradisjonelle genbrukbare klemmeposer da den raskt kan fylles og rengj\u00f8res og varer gjennom hele barnets vekst. V\u00e5r designbeskyttede klemmepose gj\u00f8r det ogs\u00e5 mulig \u00e5 bruke lokket som &laquo;munnstykke&raquo; for klemmeposer samt vanlige &laquo;klemmeposer&raquo; i butikk. P\u00e5 denne m\u00e5ten unng\u00e5r du s\u00f8l n\u00e5r barnet spiser av klemmeposen p\u00e5 egenh\u00e5nd. <\/p>\n<p>\u2013 Gjennomsiktig turkis farge<br \/>\n\u2013 Passer for barn over 6 m\u00e5neder<br \/>\n&#8211; 260 ml<br \/>\n\u2013 T\u00e5ler fryser og oppvaskmaskin<br \/>\n&#8211; Lett \u00e5 rengj\u00f8re i oppvaskmaskin eller for h\u00e5nd<br \/>\n\u2013 100 % testet og godkjent for barn<br \/>\n\u2013 Fri for BPA, PVC og ftalater<br \/>\n\u2013 Svensk design<br \/>\n\u2013 Vi er koblet til VOEC og v\u00e5re kunder betaler ikke tilleggsgebyrer<\/p>\n","protected":false},"excerpt":{"rendered":"\n","protected":false},"featured_media":40030,"template":"","meta":{"ocean_post_layout":"","ocean_both_sidebars_style":"","ocean_both_sidebars_content_width":0,"ocean_both_sidebars_sidebars_width":0,"ocean_sidebar":"0","ocean_second_sidebar":"0","ocean_disable_margins":"enable","ocean_add_body_class":"","ocean_shortcode_before_top_bar":"","ocean_shortcode_after_top_bar":"","ocean_shortcode_before_header":"","ocean_shortcode_after_header":"","ocean_has_shortcode":"","ocean_shortcode_after_title":"","ocean_shortcode_before_footer_widgets":"","ocean_shortcode_after_footer_widgets":"","ocean_shortcode_before_footer_bottom":"","ocean_shortcode_after_footer_bottom":"","ocean_display_top_bar":"default","ocean_display_header":"default","ocean_header_style":"","ocean_center_header_left_menu":"0","ocean_custom_header_template":"0","ocean_custom_logo":0,"ocean_custom_retina_logo":0,"ocean_custom_logo_max_width":0,"ocean_custom_logo_tablet_max_width":0,"ocean_custom_logo_mobile_max_width":0,"ocean_custom_logo_max_height":0,"ocean_custom_logo_tablet_max_height":0,"ocean_custom_logo_mobile_max_height":0,"ocean_header_custom_menu":"0","ocean_menu_typo_font_family":"0","ocean_menu_typo_font_subset":"","ocean_menu_typo_font_size":0,"ocean_menu_typo_font_size_tablet":0,"ocean_menu_typo_font_size_mobile":0,"ocean_menu_typo_font_size_unit":"px","ocean_menu_typo_font_weight":"","ocean_menu_typo_font_weight_tablet":"","ocean_menu_typo_font_weight_mobile":"","ocean_menu_typo_transform":"","ocean_menu_typo_transform_tablet":"","ocean_menu_typo_transform_mobile":"","ocean_menu_typo_line_height":0,"ocean_menu_typo_line_height_tablet":0,"ocean_menu_typo_line_height_mobile":0,"ocean_menu_typo_line_height_unit":"","ocean_menu_typo_spacing":0,"ocean_menu_typo_spacing_tablet":0,"ocean_menu_typo_spacing_mobile":0,"ocean_menu_typo_spacing_unit":"","ocean_menu_link_color":"","ocean_menu_link_color_hover":"","ocean_menu_link_color_active":"","ocean_menu_link_background":"","ocean_menu_link_hover_background":"","ocean_menu_link_active_background":"","ocean_menu_social_links_bg":"","ocean_menu_social_hover_links_bg":"","ocean_menu_social_links_color":"","ocean_menu_social_hover_links_color":"","ocean_disable_title":"enable","ocean_disable_heading":"on","ocean_post_title":"","ocean_post_subheading":"","ocean_post_title_style":"background-image","ocean_post_title_background_color":"","ocean_post_title_background":3466,"ocean_post_title_bg_image_position":"","ocean_post_title_bg_image_attachment":"","ocean_post_title_bg_image_repeat":"","ocean_post_title_bg_image_size":"","ocean_post_title_height":0,"ocean_post_title_bg_overlay":0.7,"ocean_post_title_bg_overlay_color":"#ffffff","ocean_disable_breadcrumbs":"on","ocean_breadcrumbs_color":"#898989","ocean_breadcrumbs_separator_color":"#898989","ocean_breadcrumbs_links_color":"#000000","ocean_breadcrumbs_links_hover_color":"#6bc9f4","ocean_display_footer_widgets":"default","ocean_display_footer_bottom":"default","ocean_custom_footer_template":"0"},"product_brand":[],"product_cat":[123],"product_tag":[],"class_list":{"0":"post-42512","1":"product","2":"type-product","3":"status-publish","4":"has-post-thumbnail","6":"product_cat-my-little-meal-klemmeposer","8":"entry","9":"has-media","11":"first","12":"instock","13":"taxable","14":"shipping-taxable","15":"purchasable","16":"product-type-simple","17":"has-product-nav","18":"col","19":"span_1_of_3","20":"owp-content-center","21":"owp-thumbs-layout-horizontal","22":"owp-btn-normal","23":"owp-tabs-layout-horizontal","25":"circle-sale"},"yoast_head":"<!-- This site is optimized with the Yoast SEO plugin v27.4 - https:\/\/yoast.com\/product\/yoast-seo-wordpress\/ -->\n<title>Klemmepose i silikon, 260ml - My Little Meal - Kl\u00e4mmisp\u00e5sar<\/title>\n<meta name=\"description\" content=\"Gjenbrukbar klemmepose i silikon. Unikt produkt med silikon av h\u00f8yeste kvalitet. Lag din egen babymat og ta den med deg p\u00e5 neste utflukt.\" \/>\n<meta name=\"robots\" content=\"index, follow, max-snippet:-1, max-image-preview:large, max-video-preview:-1\" \/>\n<link rel=\"canonical\" href=\"https:\/\/mylittlemeal.se\/no\/produkter\/klemmepose-i-silikon-260ml\/\" \/>\n<meta property=\"og:locale\" content=\"nb_NO\" \/>\n<meta property=\"og:type\" content=\"article\" \/>\n<meta property=\"og:title\" content=\"Klemmepose i silikon, 260ml - My Little Meal - Kl\u00e4mmisp\u00e5sar\" \/>\n<meta property=\"og:description\" content=\"Gjenbrukbar klemmepose i silikon. Unikt produkt med silikon av h\u00f8yeste kvalitet. Lag din egen babymat og ta den med deg p\u00e5 neste utflukt.\" \/>\n<meta property=\"og:url\" content=\"https:\/\/mylittlemeal.se\/no\/produkter\/klemmepose-i-silikon-260ml\/\" \/>\n<meta property=\"og:site_name\" content=\"My Little Meal - Kl\u00e4mmisp\u00e5sar\" \/>\n<meta property=\"article:publisher\" content=\"https:\/\/www.facebook.com\/MyLittleMeal\/\" \/>\n<meta property=\"article:modified_time\" content=\"2026-02-23T19:38:48+00:00\" \/>\n<meta property=\"og:image\" content=\"https:\/\/i0.wp.com\/mylittlemeal.se\/wp-content\/uploads\/2023\/10\/Silkonklammis-produktbild.jpg?fit=1845%2C1845&ssl=1\" \/>\n\t<meta property=\"og:image:width\" content=\"1845\" \/>\n\t<meta property=\"og:image:height\" content=\"1845\" \/>\n\t<meta property=\"og:image:type\" content=\"image\/jpeg\" \/>\n<meta name=\"twitter:card\" content=\"summary_large_image\" \/>\n<meta name=\"twitter:label1\" content=\"Ansl. lesetid\" \/>\n\t<meta name=\"twitter:data1\" content=\"1 minutt\" \/>\n<script type=\"application\/ld+json\" class=\"yoast-schema-graph\">{\"@context\":\"https:\\\/\\\/schema.org\",\"@graph\":[{\"@type\":[\"WebPage\",\"ItemPage\"],\"@id\":\"https:\\\/\\\/mylittlemeal.se\\\/no\\\/produkter\\\/klemmepose-i-silikon-260ml\\\/\",\"url\":\"https:\\\/\\\/mylittlemeal.se\\\/no\\\/produkter\\\/klemmepose-i-silikon-260ml\\\/\",\"name\":\"Klemmepose i silikon, 260ml - My Little Meal - Kl\u00e4mmisp\u00e5sar\",\"isPartOf\":{\"@id\":\"https:\\\/\\\/mylittlemeal.se\\\/no\\\/#website\"},\"primaryImageOfPage\":{\"@id\":\"https:\\\/\\\/mylittlemeal.se\\\/no\\\/produkter\\\/klemmepose-i-silikon-260ml\\\/#primaryimage\"},\"image\":{\"@id\":\"https:\\\/\\\/mylittlemeal.se\\\/no\\\/produkter\\\/klemmepose-i-silikon-260ml\\\/#primaryimage\"},\"thumbnailUrl\":\"https:\\\/\\\/i0.wp.com\\\/mylittlemeal.se\\\/wp-content\\\/uploads\\\/2023\\\/10\\\/Silkonklammis-produktbild.jpg?fit=1845%2C1845&ssl=1\",\"datePublished\":\"2023-12-08T13:08:57+00:00\",\"dateModified\":\"2026-02-23T19:38:48+00:00\",\"description\":\"Gjenbrukbar klemmepose i silikon. Unikt produkt med silikon av h\u00f8yeste kvalitet. Lag din egen babymat og ta den med deg p\u00e5 neste utflukt.\",\"breadcrumb\":{\"@id\":\"https:\\\/\\\/mylittlemeal.se\\\/no\\\/produkter\\\/klemmepose-i-silikon-260ml\\\/#breadcrumb\"},\"inLanguage\":\"nb-NO\",\"potentialAction\":[{\"@type\":\"ReadAction\",\"target\":[\"https:\\\/\\\/mylittlemeal.se\\\/no\\\/produkter\\\/klemmepose-i-silikon-260ml\\\/\"]}]},{\"@type\":\"ImageObject\",\"inLanguage\":\"nb-NO\",\"@id\":\"https:\\\/\\\/mylittlemeal.se\\\/no\\\/produkter\\\/klemmepose-i-silikon-260ml\\\/#primaryimage\",\"url\":\"https:\\\/\\\/i0.wp.com\\\/mylittlemeal.se\\\/wp-content\\\/uploads\\\/2023\\\/10\\\/Silkonklammis-produktbild.jpg?fit=1845%2C1845&ssl=1\",\"contentUrl\":\"https:\\\/\\\/i0.wp.com\\\/mylittlemeal.se\\\/wp-content\\\/uploads\\\/2023\\\/10\\\/Silkonklammis-produktbild.jpg?fit=1845%2C1845&ssl=1\",\"width\":1845,\"height\":1845,\"caption\":\"My Little Meal Silikonklemmepose\"},{\"@type\":\"BreadcrumbList\",\"@id\":\"https:\\\/\\\/mylittlemeal.se\\\/no\\\/produkter\\\/klemmepose-i-silikon-260ml\\\/#breadcrumb\",\"itemListElement\":[{\"@type\":\"ListItem\",\"position\":1,\"name\":\"Hem\",\"item\":\"https:\\\/\\\/mylittlemeal.se\\\/no\\\/hjem\\\/\"},{\"@type\":\"ListItem\",\"position\":2,\"name\":\"Produkter\",\"item\":\"https:\\\/\\\/mylittlemeal.se\\\/no\\\/produkter\\\/\"},{\"@type\":\"ListItem\",\"position\":3,\"name\":\"Klemmepose i silikon, 260ml\"}]},{\"@type\":\"WebSite\",\"@id\":\"https:\\\/\\\/mylittlemeal.se\\\/no\\\/#website\",\"url\":\"https:\\\/\\\/mylittlemeal.se\\\/no\\\/\",\"name\":\"My Little Meal - Kl\u00e4mmisp\u00e5sar\",\"description\":\"G\u00f6r Din Egen Kl\u00e4mmis\",\"publisher\":{\"@id\":\"https:\\\/\\\/mylittlemeal.se\\\/no\\\/#organization\"},\"potentialAction\":[{\"@type\":\"SearchAction\",\"target\":{\"@type\":\"EntryPoint\",\"urlTemplate\":\"https:\\\/\\\/mylittlemeal.se\\\/no\\\/?s={search_term_string}\"},\"query-input\":{\"@type\":\"PropertyValueSpecification\",\"valueRequired\":true,\"valueName\":\"search_term_string\"}}],\"inLanguage\":\"nb-NO\"},{\"@type\":\"Organization\",\"@id\":\"https:\\\/\\\/mylittlemeal.se\\\/no\\\/#organization\",\"name\":\"My Little Meal\",\"url\":\"https:\\\/\\\/mylittlemeal.se\\\/no\\\/\",\"logo\":{\"@type\":\"ImageObject\",\"inLanguage\":\"nb-NO\",\"@id\":\"https:\\\/\\\/mylittlemeal.se\\\/no\\\/#\\\/schema\\\/logo\\\/image\\\/\",\"url\":\"https:\\\/\\\/mylittlemeal.se\\\/wp-content\\\/uploads\\\/2019\\\/11\\\/My-Little-Meal.png\",\"contentUrl\":\"https:\\\/\\\/mylittlemeal.se\\\/wp-content\\\/uploads\\\/2019\\\/11\\\/My-Little-Meal.png\",\"width\":1772,\"height\":1772,\"caption\":\"My Little Meal\"},\"image\":{\"@id\":\"https:\\\/\\\/mylittlemeal.se\\\/no\\\/#\\\/schema\\\/logo\\\/image\\\/\"},\"sameAs\":[\"https:\\\/\\\/www.facebook.com\\\/MyLittleMeal\\\/\",\"https:\\\/\\\/www.instagram.com\\\/my_little_meal\\\/\",\"https:\\\/\\\/www.youtube.com\\\/channel\\\/UCJV-jxZ4L8AJbdgdEgS127A\"]}]}<\/script>\n<!-- \/ Yoast SEO plugin. -->","yoast_head_json":{"title":"Klemmepose i silikon, 260ml - My Little Meal - Kl\u00e4mmisp\u00e5sar","description":"Gjenbrukbar klemmepose i silikon. Unikt produkt med silikon av h\u00f8yeste kvalitet. Lag din egen babymat og ta den med deg p\u00e5 neste utflukt.","robots":{"index":"index","follow":"follow","max-snippet":"max-snippet:-1","max-image-preview":"max-image-preview:large","max-video-preview":"max-video-preview:-1"},"canonical":"https:\/\/mylittlemeal.se\/no\/produkter\/klemmepose-i-silikon-260ml\/","og_locale":"nb_NO","og_type":"article","og_title":"Klemmepose i silikon, 260ml - My Little Meal - Kl\u00e4mmisp\u00e5sar","og_description":"Gjenbrukbar klemmepose i silikon. Unikt produkt med silikon av h\u00f8yeste kvalitet. Lag din egen babymat og ta den med deg p\u00e5 neste utflukt.","og_url":"https:\/\/mylittlemeal.se\/no\/produkter\/klemmepose-i-silikon-260ml\/","og_site_name":"My Little Meal - Kl\u00e4mmisp\u00e5sar","article_publisher":"https:\/\/www.facebook.com\/MyLittleMeal\/","article_modified_time":"2026-02-23T19:38:48+00:00","og_image":[{"width":1845,"height":1845,"url":"https:\/\/i0.wp.com\/mylittlemeal.se\/wp-content\/uploads\/2023\/10\/Silkonklammis-produktbild.jpg?fit=1845%2C1845&ssl=1","type":"image\/jpeg"}],"twitter_card":"summary_large_image","twitter_misc":{"Ansl. lesetid":"1 minutt"},"schema":{"@context":"https:\/\/schema.org","@graph":[{"@type":["WebPage","ItemPage"],"@id":"https:\/\/mylittlemeal.se\/no\/produkter\/klemmepose-i-silikon-260ml\/","url":"https:\/\/mylittlemeal.se\/no\/produkter\/klemmepose-i-silikon-260ml\/","name":"Klemmepose i silikon, 260ml - My Little Meal - Kl\u00e4mmisp\u00e5sar","isPartOf":{"@id":"https:\/\/mylittlemeal.se\/no\/#website"},"primaryImageOfPage":{"@id":"https:\/\/mylittlemeal.se\/no\/produkter\/klemmepose-i-silikon-260ml\/#primaryimage"},"image":{"@id":"https:\/\/mylittlemeal.se\/no\/produkter\/klemmepose-i-silikon-260ml\/#primaryimage"},"thumbnailUrl":"https:\/\/i0.wp.com\/mylittlemeal.se\/wp-content\/uploads\/2023\/10\/Silkonklammis-produktbild.jpg?fit=1845%2C1845&ssl=1","datePublished":"2023-12-08T13:08:57+00:00","dateModified":"2026-02-23T19:38:48+00:00","description":"Gjenbrukbar klemmepose i silikon. Unikt produkt med silikon av h\u00f8yeste kvalitet. Lag din egen babymat og ta den med deg p\u00e5 neste utflukt.","breadcrumb":{"@id":"https:\/\/mylittlemeal.se\/no\/produkter\/klemmepose-i-silikon-260ml\/#breadcrumb"},"inLanguage":"nb-NO","potentialAction":[{"@type":"ReadAction","target":["https:\/\/mylittlemeal.se\/no\/produkter\/klemmepose-i-silikon-260ml\/"]}]},{"@type":"ImageObject","inLanguage":"nb-NO","@id":"https:\/\/mylittlemeal.se\/no\/produkter\/klemmepose-i-silikon-260ml\/#primaryimage","url":"https:\/\/i0.wp.com\/mylittlemeal.se\/wp-content\/uploads\/2023\/10\/Silkonklammis-produktbild.jpg?fit=1845%2C1845&ssl=1","contentUrl":"https:\/\/i0.wp.com\/mylittlemeal.se\/wp-content\/uploads\/2023\/10\/Silkonklammis-produktbild.jpg?fit=1845%2C1845&ssl=1","width":1845,"height":1845,"caption":"My Little Meal Silikonklemmepose"},{"@type":"BreadcrumbList","@id":"https:\/\/mylittlemeal.se\/no\/produkter\/klemmepose-i-silikon-260ml\/#breadcrumb","itemListElement":[{"@type":"ListItem","position":1,"name":"Hem","item":"https:\/\/mylittlemeal.se\/no\/hjem\/"},{"@type":"ListItem","position":2,"name":"Produkter","item":"https:\/\/mylittlemeal.se\/no\/produkter\/"},{"@type":"ListItem","position":3,"name":"Klemmepose i silikon, 260ml"}]},{"@type":"WebSite","@id":"https:\/\/mylittlemeal.se\/no\/#website","url":"https:\/\/mylittlemeal.se\/no\/","name":"My Little Meal - Kl\u00e4mmisp\u00e5sar","description":"G\u00f6r Din Egen Kl\u00e4mmis","publisher":{"@id":"https:\/\/mylittlemeal.se\/no\/#organization"},"potentialAction":[{"@type":"SearchAction","target":{"@type":"EntryPoint","urlTemplate":"https:\/\/mylittlemeal.se\/no\/?s={search_term_string}"},"query-input":{"@type":"PropertyValueSpecification","valueRequired":true,"valueName":"search_term_string"}}],"inLanguage":"nb-NO"},{"@type":"Organization","@id":"https:\/\/mylittlemeal.se\/no\/#organization","name":"My Little Meal","url":"https:\/\/mylittlemeal.se\/no\/","logo":{"@type":"ImageObject","inLanguage":"nb-NO","@id":"https:\/\/mylittlemeal.se\/no\/#\/schema\/logo\/image\/","url":"https:\/\/mylittlemeal.se\/wp-content\/uploads\/2019\/11\/My-Little-Meal.png","contentUrl":"https:\/\/mylittlemeal.se\/wp-content\/uploads\/2019\/11\/My-Little-Meal.png","width":1772,"height":1772,"caption":"My Little Meal"},"image":{"@id":"https:\/\/mylittlemeal.se\/no\/#\/schema\/logo\/image\/"},"sameAs":["https:\/\/www.facebook.com\/MyLittleMeal\/","https:\/\/www.instagram.com\/my_little_meal\/","https:\/\/www.youtube.com\/channel\/UCJV-jxZ4L8AJbdgdEgS127A"]}]}},"jetpack_sharing_enabled":true,"_links":{"self":[{"href":"https:\/\/mylittlemeal.se\/no\/wp-json\/wp\/v2\/product\/42512","targetHints":{"allow":["GET"]}}],"collection":[{"href":"https:\/\/mylittlemeal.se\/no\/wp-json\/wp\/v2\/product"}],"about":[{"href":"https:\/\/mylittlemeal.se\/no\/wp-json\/wp\/v2\/types\/product"}],"wp:featuredmedia":[{"embeddable":true,"href":"https:\/\/mylittlemeal.se\/no\/wp-json\/wp\/v2\/media\/40030"}],"wp:attachment":[{"href":"https:\/\/mylittlemeal.se\/no\/wp-json\/wp\/v2\/media?parent=42512"}],"wp:term":[{"taxonomy":"product_brand","embeddable":true,"href":"https:\/\/mylittlemeal.se\/no\/wp-json\/wp\/v2\/product_brand?post=42512"},{"taxonomy":"product_cat","embeddable":true,"href":"https:\/\/mylittlemeal.se\/no\/wp-json\/wp\/v2\/product_cat?post=42512"},{"taxonomy":"product_tag","embeddable":true,"href":"https:\/\/mylittlemeal.se\/no\/wp-json\/wp\/v2\/product_tag?post=42512"}],"curies":[{"name":"wp","href":"https:\/\/api.w.org\/{rel}","templated":true}]}}