{"id":39863,"date":"2021-09-10T19:48:17","date_gmt":"2021-09-10T19:48:17","guid":{"rendered":"https:\/\/mylittlemeal.se\/produkter\/sugelokk-bla-gronn\/"},"modified":"2026-03-13T08:34:37","modified_gmt":"2026-03-13T08:34:37","slug":"kork-bla-gron","status":"publish","type":"product","link":"https:\/\/mylittlemeal.se\/no\/produkter\/kork-bla-gron\/","title":{"rendered":"Sugelokk &#8211; Bl\u00e5 &amp; Gr\u00f8nn"},"content":{"rendered":"<p><p>Med sugehettene fra finske Vaapero kan du enkelt la barnet ditt spise av klemmeposen p\u00e5 egenh\u00e5nd uten \u00e5 risikere s\u00f8l. Barnet m\u00e5 suge for \u00e5 f\u00e5 ut maten, og kan dermed ikke presse ut innholdet som ellers.<\/p>\n<p>Sugehettene har et praktisk lokk som gj\u00f8r det ekstra trygt \u00e5 sette en halvbrukt klemme tilbake i posen uten \u00e5 risikere lekkasje.<\/p>\n<p>Sugehettene passer ikke bare til My Little Mealsine klemmeposer, men ogs\u00e5 til de fleste andre gjenbrukbare klemmeposer og engangsklemmeposer. <\/p>\n<p>Sugelokkene kommer i to pakker, her i bl\u00e5tt og gr\u00f8nt. <\/p>\n<p>Laget av medisinsk silikon, og selvf\u00f8lgelig BPA-fri. Anbefalt fra 4 m\u00e5neder. Vi er koblet til VOEC og v\u00e5re kunder betaler ikke tilleggsgebyrer<\/p>\n","protected":false},"excerpt":{"rendered":"\n","protected":false},"featured_media":39864,"template":"","meta":{"ocean_post_layout":"","ocean_both_sidebars_style":"","ocean_both_sidebars_content_width":0,"ocean_both_sidebars_sidebars_width":0,"ocean_sidebar":"0","ocean_second_sidebar":"0","ocean_disable_margins":"enable","ocean_add_body_class":"","ocean_shortcode_before_top_bar":"","ocean_shortcode_after_top_bar":"","ocean_shortcode_before_header":"","ocean_shortcode_after_header":"","ocean_has_shortcode":"","ocean_shortcode_after_title":"","ocean_shortcode_before_footer_widgets":"","ocean_shortcode_after_footer_widgets":"","ocean_shortcode_before_footer_bottom":"","ocean_shortcode_after_footer_bottom":"","ocean_display_top_bar":"default","ocean_display_header":"default","ocean_header_style":"","ocean_center_header_left_menu":"0","ocean_custom_header_template":"0","ocean_custom_logo":0,"ocean_custom_retina_logo":0,"ocean_custom_logo_max_width":0,"ocean_custom_logo_tablet_max_width":0,"ocean_custom_logo_mobile_max_width":0,"ocean_custom_logo_max_height":0,"ocean_custom_logo_tablet_max_height":0,"ocean_custom_logo_mobile_max_height":0,"ocean_header_custom_menu":"0","ocean_menu_typo_font_family":"0","ocean_menu_typo_font_subset":"","ocean_menu_typo_font_size":0,"ocean_menu_typo_font_size_tablet":0,"ocean_menu_typo_font_size_mobile":0,"ocean_menu_typo_font_size_unit":"px","ocean_menu_typo_font_weight":"","ocean_menu_typo_font_weight_tablet":"","ocean_menu_typo_font_weight_mobile":"","ocean_menu_typo_transform":"","ocean_menu_typo_transform_tablet":"","ocean_menu_typo_transform_mobile":"","ocean_menu_typo_line_height":0,"ocean_menu_typo_line_height_tablet":0,"ocean_menu_typo_line_height_mobile":0,"ocean_menu_typo_line_height_unit":"","ocean_menu_typo_spacing":0,"ocean_menu_typo_spacing_tablet":0,"ocean_menu_typo_spacing_mobile":0,"ocean_menu_typo_spacing_unit":"","ocean_menu_link_color":"","ocean_menu_link_color_hover":"","ocean_menu_link_color_active":"","ocean_menu_link_background":"","ocean_menu_link_hover_background":"","ocean_menu_link_active_background":"","ocean_menu_social_links_bg":"","ocean_menu_social_hover_links_bg":"","ocean_menu_social_links_color":"","ocean_menu_social_hover_links_color":"","ocean_disable_title":"enable","ocean_disable_heading":"on","ocean_post_title":"","ocean_post_subheading":"","ocean_post_title_style":"background-image","ocean_post_title_background_color":"","ocean_post_title_background":3466,"ocean_post_title_bg_image_position":"","ocean_post_title_bg_image_attachment":"","ocean_post_title_bg_image_repeat":"","ocean_post_title_bg_image_size":"","ocean_post_title_height":0,"ocean_post_title_bg_overlay":0.7,"ocean_post_title_bg_overlay_color":"#ffffff","ocean_disable_breadcrumbs":"on","ocean_breadcrumbs_color":"#898989","ocean_breadcrumbs_separator_color":"#898989","ocean_breadcrumbs_links_color":"#000000","ocean_breadcrumbs_links_hover_color":"#6bc9f4","ocean_display_footer_widgets":"default","ocean_display_footer_bottom":"default","ocean_custom_footer_template":"0"},"product_brand":[],"product_cat":[123],"product_tag":[124],"class_list":{"0":"post-39863","1":"product","2":"type-product","3":"status-publish","4":"has-post-thumbnail","6":"product_cat-my-little-meal-klemmeposer","7":"product_tag-klemmeposer-sugekopp","9":"entry","10":"has-media","12":"first","13":"instock","14":"taxable","15":"shipping-taxable","16":"purchasable","17":"product-type-simple","18":"has-product-nav","19":"col","20":"span_1_of_3","21":"owp-content-center","22":"owp-thumbs-layout-horizontal","23":"owp-btn-normal","24":"owp-tabs-layout-horizontal","26":"circle-sale"},"yoast_head":"<!-- This site is optimized with the Yoast SEO plugin v27.5 - https:\/\/yoast.com\/product\/yoast-seo-wordpress\/ -->\n<title>Sugelokk - Bl\u00e5 &amp; Gr\u00f8nn - My Little Meal - Kl\u00e4mmisp\u00e5sar<\/title>\n<meta name=\"description\" content=\"Med sugehettene fra finske Vaapero kan du enkelt la barnet ditt spise av klemmeposen p\u00e5 egenh\u00e5nd uten \u00e5 risikere s\u00f8l.\" \/>\n<meta name=\"robots\" content=\"index, follow, max-snippet:-1, max-image-preview:large, max-video-preview:-1\" \/>\n<link rel=\"canonical\" href=\"https:\/\/mylittlemeal.se\/no\/produkter\/kork-bla-gron\/\" \/>\n<meta property=\"og:locale\" content=\"nb_NO\" \/>\n<meta property=\"og:type\" content=\"article\" \/>\n<meta property=\"og:title\" content=\"Sugelokk - Bl\u00e5 &amp; Gr\u00f8nn - My Little Meal - Kl\u00e4mmisp\u00e5sar\" \/>\n<meta property=\"og:description\" content=\"Med sugehettene fra finske Vaapero kan du enkelt la barnet ditt spise av klemmeposen p\u00e5 egenh\u00e5nd uten \u00e5 risikere s\u00f8l.\" \/>\n<meta property=\"og:url\" content=\"https:\/\/mylittlemeal.se\/no\/produkter\/kork-bla-gron\/\" \/>\n<meta property=\"og:site_name\" content=\"My Little Meal - Kl\u00e4mmisp\u00e5sar\" \/>\n<meta property=\"article:publisher\" content=\"https:\/\/www.facebook.com\/MyLittleMeal\/\" \/>\n<meta property=\"article:modified_time\" content=\"2026-03-13T08:34:37+00:00\" \/>\n<meta property=\"og:image\" content=\"https:\/\/i0.wp.com\/mylittlemeal.se\/wp-content\/uploads\/2021\/09\/Gron-bla.jpg?fit=1080%2C1080&ssl=1\" \/>\n\t<meta property=\"og:image:width\" content=\"1080\" \/>\n\t<meta property=\"og:image:height\" content=\"1080\" \/>\n\t<meta property=\"og:image:type\" content=\"image\/jpeg\" \/>\n<meta name=\"twitter:card\" content=\"summary_large_image\" \/>\n<meta name=\"twitter:label1\" content=\"Ansl. lesetid\" \/>\n\t<meta name=\"twitter:data1\" content=\"1 minutt\" \/>\n<script type=\"application\/ld+json\" class=\"yoast-schema-graph\">{\"@context\":\"https:\\\/\\\/schema.org\",\"@graph\":[{\"@type\":[\"WebPage\",\"ItemPage\"],\"@id\":\"https:\\\/\\\/mylittlemeal.se\\\/no\\\/produkter\\\/kork-bla-gron\\\/\",\"url\":\"https:\\\/\\\/mylittlemeal.se\\\/no\\\/produkter\\\/kork-bla-gron\\\/\",\"name\":\"Sugelokk - Bl\u00e5 &amp; Gr\u00f8nn - My Little Meal - Kl\u00e4mmisp\u00e5sar\",\"isPartOf\":{\"@id\":\"https:\\\/\\\/mylittlemeal.se\\\/no\\\/#website\"},\"primaryImageOfPage\":{\"@id\":\"https:\\\/\\\/mylittlemeal.se\\\/no\\\/produkter\\\/kork-bla-gron\\\/#primaryimage\"},\"image\":{\"@id\":\"https:\\\/\\\/mylittlemeal.se\\\/no\\\/produkter\\\/kork-bla-gron\\\/#primaryimage\"},\"thumbnailUrl\":\"https:\\\/\\\/i0.wp.com\\\/mylittlemeal.se\\\/wp-content\\\/uploads\\\/2021\\\/09\\\/Gron-bla.jpg?fit=1080%2C1080&ssl=1\",\"datePublished\":\"2021-09-10T19:48:17+00:00\",\"dateModified\":\"2026-03-13T08:34:37+00:00\",\"description\":\"Med sugehettene fra finske Vaapero kan du enkelt la barnet ditt spise av klemmeposen p\u00e5 egenh\u00e5nd uten \u00e5 risikere s\u00f8l.\",\"breadcrumb\":{\"@id\":\"https:\\\/\\\/mylittlemeal.se\\\/no\\\/produkter\\\/kork-bla-gron\\\/#breadcrumb\"},\"inLanguage\":\"nb-NO\",\"potentialAction\":[{\"@type\":\"ReadAction\",\"target\":[\"https:\\\/\\\/mylittlemeal.se\\\/no\\\/produkter\\\/kork-bla-gron\\\/\"]}]},{\"@type\":\"ImageObject\",\"inLanguage\":\"nb-NO\",\"@id\":\"https:\\\/\\\/mylittlemeal.se\\\/no\\\/produkter\\\/kork-bla-gron\\\/#primaryimage\",\"url\":\"https:\\\/\\\/i0.wp.com\\\/mylittlemeal.se\\\/wp-content\\\/uploads\\\/2021\\\/09\\\/Gron-bla.jpg?fit=1080%2C1080&ssl=1\",\"contentUrl\":\"https:\\\/\\\/i0.wp.com\\\/mylittlemeal.se\\\/wp-content\\\/uploads\\\/2021\\\/09\\\/Gron-bla.jpg?fit=1080%2C1080&ssl=1\",\"width\":1080,\"height\":1080,\"caption\":\"Nyhet! Garanterat kladdfritt med denna sugkork\"},{\"@type\":\"BreadcrumbList\",\"@id\":\"https:\\\/\\\/mylittlemeal.se\\\/no\\\/produkter\\\/kork-bla-gron\\\/#breadcrumb\",\"itemListElement\":[{\"@type\":\"ListItem\",\"position\":1,\"name\":\"Hem\",\"item\":\"https:\\\/\\\/mylittlemeal.se\\\/no\\\/hjem\\\/\"},{\"@type\":\"ListItem\",\"position\":2,\"name\":\"Produkter\",\"item\":\"https:\\\/\\\/mylittlemeal.se\\\/no\\\/produkter\\\/\"},{\"@type\":\"ListItem\",\"position\":3,\"name\":\"Sugelokk &#8211; Bl\u00e5 &amp; Gr\u00f8nn\"}]},{\"@type\":\"WebSite\",\"@id\":\"https:\\\/\\\/mylittlemeal.se\\\/no\\\/#website\",\"url\":\"https:\\\/\\\/mylittlemeal.se\\\/no\\\/\",\"name\":\"My Little Meal - Kl\u00e4mmisp\u00e5sar\",\"description\":\"G\u00f6r Din Egen Kl\u00e4mmis\",\"publisher\":{\"@id\":\"https:\\\/\\\/mylittlemeal.se\\\/no\\\/#organization\"},\"potentialAction\":[{\"@type\":\"SearchAction\",\"target\":{\"@type\":\"EntryPoint\",\"urlTemplate\":\"https:\\\/\\\/mylittlemeal.se\\\/no\\\/?s={search_term_string}\"},\"query-input\":{\"@type\":\"PropertyValueSpecification\",\"valueRequired\":true,\"valueName\":\"search_term_string\"}}],\"inLanguage\":\"nb-NO\"},{\"@type\":\"Organization\",\"@id\":\"https:\\\/\\\/mylittlemeal.se\\\/no\\\/#organization\",\"name\":\"My Little Meal\",\"url\":\"https:\\\/\\\/mylittlemeal.se\\\/no\\\/\",\"logo\":{\"@type\":\"ImageObject\",\"inLanguage\":\"nb-NO\",\"@id\":\"https:\\\/\\\/mylittlemeal.se\\\/no\\\/#\\\/schema\\\/logo\\\/image\\\/\",\"url\":\"https:\\\/\\\/mylittlemeal.se\\\/wp-content\\\/uploads\\\/2019\\\/11\\\/My-Little-Meal.png\",\"contentUrl\":\"https:\\\/\\\/mylittlemeal.se\\\/wp-content\\\/uploads\\\/2019\\\/11\\\/My-Little-Meal.png\",\"width\":1772,\"height\":1772,\"caption\":\"My Little Meal\"},\"image\":{\"@id\":\"https:\\\/\\\/mylittlemeal.se\\\/no\\\/#\\\/schema\\\/logo\\\/image\\\/\"},\"sameAs\":[\"https:\\\/\\\/www.facebook.com\\\/MyLittleMeal\\\/\",\"https:\\\/\\\/www.instagram.com\\\/my_little_meal\\\/\",\"https:\\\/\\\/www.youtube.com\\\/channel\\\/UCJV-jxZ4L8AJbdgdEgS127A\"]}]}<\/script>\n<!-- \/ Yoast SEO plugin. -->","yoast_head_json":{"title":"Sugelokk - Bl\u00e5 &amp; Gr\u00f8nn - My Little Meal - Kl\u00e4mmisp\u00e5sar","description":"Med sugehettene fra finske Vaapero kan du enkelt la barnet ditt spise av klemmeposen p\u00e5 egenh\u00e5nd uten \u00e5 risikere s\u00f8l.","robots":{"index":"index","follow":"follow","max-snippet":"max-snippet:-1","max-image-preview":"max-image-preview:large","max-video-preview":"max-video-preview:-1"},"canonical":"https:\/\/mylittlemeal.se\/no\/produkter\/kork-bla-gron\/","og_locale":"nb_NO","og_type":"article","og_title":"Sugelokk - Bl\u00e5 &amp; Gr\u00f8nn - My Little Meal - Kl\u00e4mmisp\u00e5sar","og_description":"Med sugehettene fra finske Vaapero kan du enkelt la barnet ditt spise av klemmeposen p\u00e5 egenh\u00e5nd uten \u00e5 risikere s\u00f8l.","og_url":"https:\/\/mylittlemeal.se\/no\/produkter\/kork-bla-gron\/","og_site_name":"My Little Meal - Kl\u00e4mmisp\u00e5sar","article_publisher":"https:\/\/www.facebook.com\/MyLittleMeal\/","article_modified_time":"2026-03-13T08:34:37+00:00","og_image":[{"width":1080,"height":1080,"url":"https:\/\/i0.wp.com\/mylittlemeal.se\/wp-content\/uploads\/2021\/09\/Gron-bla.jpg?fit=1080%2C1080&ssl=1","type":"image\/jpeg"}],"twitter_card":"summary_large_image","twitter_misc":{"Ansl. lesetid":"1 minutt"},"schema":{"@context":"https:\/\/schema.org","@graph":[{"@type":["WebPage","ItemPage"],"@id":"https:\/\/mylittlemeal.se\/no\/produkter\/kork-bla-gron\/","url":"https:\/\/mylittlemeal.se\/no\/produkter\/kork-bla-gron\/","name":"Sugelokk - Bl\u00e5 &amp; Gr\u00f8nn - My Little Meal - Kl\u00e4mmisp\u00e5sar","isPartOf":{"@id":"https:\/\/mylittlemeal.se\/no\/#website"},"primaryImageOfPage":{"@id":"https:\/\/mylittlemeal.se\/no\/produkter\/kork-bla-gron\/#primaryimage"},"image":{"@id":"https:\/\/mylittlemeal.se\/no\/produkter\/kork-bla-gron\/#primaryimage"},"thumbnailUrl":"https:\/\/i0.wp.com\/mylittlemeal.se\/wp-content\/uploads\/2021\/09\/Gron-bla.jpg?fit=1080%2C1080&ssl=1","datePublished":"2021-09-10T19:48:17+00:00","dateModified":"2026-03-13T08:34:37+00:00","description":"Med sugehettene fra finske Vaapero kan du enkelt la barnet ditt spise av klemmeposen p\u00e5 egenh\u00e5nd uten \u00e5 risikere s\u00f8l.","breadcrumb":{"@id":"https:\/\/mylittlemeal.se\/no\/produkter\/kork-bla-gron\/#breadcrumb"},"inLanguage":"nb-NO","potentialAction":[{"@type":"ReadAction","target":["https:\/\/mylittlemeal.se\/no\/produkter\/kork-bla-gron\/"]}]},{"@type":"ImageObject","inLanguage":"nb-NO","@id":"https:\/\/mylittlemeal.se\/no\/produkter\/kork-bla-gron\/#primaryimage","url":"https:\/\/i0.wp.com\/mylittlemeal.se\/wp-content\/uploads\/2021\/09\/Gron-bla.jpg?fit=1080%2C1080&ssl=1","contentUrl":"https:\/\/i0.wp.com\/mylittlemeal.se\/wp-content\/uploads\/2021\/09\/Gron-bla.jpg?fit=1080%2C1080&ssl=1","width":1080,"height":1080,"caption":"Nyhet! Garanterat kladdfritt med denna sugkork"},{"@type":"BreadcrumbList","@id":"https:\/\/mylittlemeal.se\/no\/produkter\/kork-bla-gron\/#breadcrumb","itemListElement":[{"@type":"ListItem","position":1,"name":"Hem","item":"https:\/\/mylittlemeal.se\/no\/hjem\/"},{"@type":"ListItem","position":2,"name":"Produkter","item":"https:\/\/mylittlemeal.se\/no\/produkter\/"},{"@type":"ListItem","position":3,"name":"Sugelokk &#8211; Bl\u00e5 &amp; Gr\u00f8nn"}]},{"@type":"WebSite","@id":"https:\/\/mylittlemeal.se\/no\/#website","url":"https:\/\/mylittlemeal.se\/no\/","name":"My Little Meal - Kl\u00e4mmisp\u00e5sar","description":"G\u00f6r Din Egen Kl\u00e4mmis","publisher":{"@id":"https:\/\/mylittlemeal.se\/no\/#organization"},"potentialAction":[{"@type":"SearchAction","target":{"@type":"EntryPoint","urlTemplate":"https:\/\/mylittlemeal.se\/no\/?s={search_term_string}"},"query-input":{"@type":"PropertyValueSpecification","valueRequired":true,"valueName":"search_term_string"}}],"inLanguage":"nb-NO"},{"@type":"Organization","@id":"https:\/\/mylittlemeal.se\/no\/#organization","name":"My Little Meal","url":"https:\/\/mylittlemeal.se\/no\/","logo":{"@type":"ImageObject","inLanguage":"nb-NO","@id":"https:\/\/mylittlemeal.se\/no\/#\/schema\/logo\/image\/","url":"https:\/\/mylittlemeal.se\/wp-content\/uploads\/2019\/11\/My-Little-Meal.png","contentUrl":"https:\/\/mylittlemeal.se\/wp-content\/uploads\/2019\/11\/My-Little-Meal.png","width":1772,"height":1772,"caption":"My Little Meal"},"image":{"@id":"https:\/\/mylittlemeal.se\/no\/#\/schema\/logo\/image\/"},"sameAs":["https:\/\/www.facebook.com\/MyLittleMeal\/","https:\/\/www.instagram.com\/my_little_meal\/","https:\/\/www.youtube.com\/channel\/UCJV-jxZ4L8AJbdgdEgS127A"]}]}},"jetpack_sharing_enabled":true,"_links":{"self":[{"href":"https:\/\/mylittlemeal.se\/no\/wp-json\/wp\/v2\/product\/39863","targetHints":{"allow":["GET"]}}],"collection":[{"href":"https:\/\/mylittlemeal.se\/no\/wp-json\/wp\/v2\/product"}],"about":[{"href":"https:\/\/mylittlemeal.se\/no\/wp-json\/wp\/v2\/types\/product"}],"wp:featuredmedia":[{"embeddable":true,"href":"https:\/\/mylittlemeal.se\/no\/wp-json\/wp\/v2\/media\/39864"}],"wp:attachment":[{"href":"https:\/\/mylittlemeal.se\/no\/wp-json\/wp\/v2\/media?parent=39863"}],"wp:term":[{"taxonomy":"product_brand","embeddable":true,"href":"https:\/\/mylittlemeal.se\/no\/wp-json\/wp\/v2\/product_brand?post=39863"},{"taxonomy":"product_cat","embeddable":true,"href":"https:\/\/mylittlemeal.se\/no\/wp-json\/wp\/v2\/product_cat?post=39863"},{"taxonomy":"product_tag","embeddable":true,"href":"https:\/\/mylittlemeal.se\/no\/wp-json\/wp\/v2\/product_tag?post=39863"}],"curies":[{"name":"wp","href":"https:\/\/api.w.org\/{rel}","templated":true}]}}