{"id":57242,"date":"2026-01-31T19:27:56","date_gmt":"2026-01-31T19:27:56","guid":{"rendered":"https:\/\/mylittlemeal.se\/produkter\/my-first-straw-silikoniset-juomapillit-pienille-lapsille-1-5-vuotta-5-kpl\/"},"modified":"2026-03-28T14:04:52","modified_gmt":"2026-03-28T14:04:52","slug":"my-first-straw-silikoniset-juomapillit-pienille-lapsille-1-5-vuotta-5-kpl","status":"publish","type":"product","link":"https:\/\/mylittlemeal.se\/fi\/produkter\/my-first-straw-silikoniset-juomapillit-pienille-lapsille-1-5-vuotta-5-kpl\/","title":{"rendered":"My First Straw \u2013 silikoniset juomapillit pienille lapsille (1\u20135 vuotta), 5 kpl"},"content":{"rendered":"<p>My First Straw on huolellisesti valittu 5 kappaleen setti silikonisia juomapillej\u00e4, jotka on suunniteltu erityisesti 1\u20135-vuotiaille pienille lapsille. Juomapilleiss\u00e4 on lyhyempi, lapsille sopiva pituus, joka sopii t\u00e4ydellisesti pienempiin mukeihin \u2013 esimerkiksi suosittuihin lasten mukeihin kuten IKEA KALAS -malliin.<br \/>\nPehme\u00e4st\u00e4 ja elintarvikekelpoisesta silikonista valmistetut My First Straw -juomapillit ovat hell\u00e4varaisia pienten lasten suulle, hampaille ja ikenille. Ne ovat turvallinen vaihtoehto koville muovi- tai metallipilleille ja sopivat yht\u00e4 hyvin vedelle, smoothielle, maidolle tai vellille.<br \/>\nKaikki juomapillit on testattu sek\u00e4 tietoisesti ja huolellisesti valittu My Little Mealin toimesta, painottaen lapsiturvallisuutta, toimivuutta ja kest\u00e4vyytt\u00e4. Meille on t\u00e4rke\u00e4\u00e4, ett\u00e4 lasten tuotteet ovat korkealaatuisia \u2013 sek\u00e4 lapsesi ett\u00e4 ymp\u00e4rist\u00f6n kannalta.   <\/p>\n<p>Siksi vanhemmat rakastavat My First Straw -juomapillej\u00e4:<\/p>\n<p>&#8211; Suunniteltu 1\u20135-vuotiaille lapsille<br \/>\n&#8211; T\u00e4ydellinen pituus pienempiin mukeihin<br \/>\n&#8211; Uudelleenk\u00e4ytett\u00e4v\u00e4t &amp; ymp\u00e4rist\u00f6yst\u00e4v\u00e4lliset<br \/>\n&#8211; Pehme\u00e4t ja hell\u00e4varaiset suulle<br \/>\n&#8211; Helppo puhdistaa \u2013 konepesun kest\u00e4v\u00e4t<br \/>\n&#8211; Puhdistusharja mukana vaivattomaan k\u00e4sinpesuun<\/p>\n<p>Valitsemalla uudelleenk\u00e4ytett\u00e4v\u00e4t silikoniset juomapillit v\u00e4henn\u00e4t kertak\u00e4ytt\u00f6muovia ja teet tietoisen valinnan kest\u00e4v\u00e4mm\u00e4n arjen puolesta \u2013 tinkim\u00e4tt\u00e4 lapsen turvallisuudesta tai helppok\u00e4ytt\u00f6isyydest\u00e4.<br \/>My First Straw on itsest\u00e4\u00e4n selv\u00e4 ensimm\u00e4inen juomapilli pienille lapsille \u2013 suunniteltu pienille k\u00e4sille, pienille suille ja ymp\u00e4rist\u00f6\u00e4 ajatellen.<\/p>\n","protected":false},"excerpt":{"rendered":"<p>My First Straw on 5 kappaleen pakkaus pehmeit\u00e4 silikonisia juomapillej\u00e4 1\u20135-vuotiaille lapsille. Lyhyempi pituus sopii t\u00e4ydellisesti pieniin mukeihin, kuten esimerkiksi IKEA KALAS -mukeihin. Valmistettu elintarvikekelpoisesta silikonista ja My Little Mealin huolellisesti valitsemia, painottaen lapsiturvallisuutta ja kest\u00e4vyytt\u00e4. Uudelleenk\u00e4ytett\u00e4vi\u00e4, hell\u00e4varaisia pienille suille ja helppoja puhdistaa \u2013 sek\u00e4 astianpesukoneessa ett\u00e4 k\u00e4sin mukana tulevan harjan avulla.   <\/p>\n","protected":false},"featured_media":57255,"template":"","meta":{"ocean_post_layout":"","ocean_both_sidebars_style":"","ocean_both_sidebars_content_width":0,"ocean_both_sidebars_sidebars_width":0,"ocean_sidebar":"0","ocean_second_sidebar":"0","ocean_disable_margins":"enable","ocean_add_body_class":"","ocean_shortcode_before_top_bar":"","ocean_shortcode_after_top_bar":"","ocean_shortcode_before_header":"","ocean_shortcode_after_header":"","ocean_has_shortcode":"","ocean_shortcode_after_title":"","ocean_shortcode_before_footer_widgets":"","ocean_shortcode_after_footer_widgets":"","ocean_shortcode_before_footer_bottom":"","ocean_shortcode_after_footer_bottom":"","ocean_display_top_bar":"default","ocean_display_header":"default","ocean_header_style":"","ocean_center_header_left_menu":"0","ocean_custom_header_template":"0","ocean_custom_logo":0,"ocean_custom_retina_logo":0,"ocean_custom_logo_max_width":0,"ocean_custom_logo_tablet_max_width":0,"ocean_custom_logo_mobile_max_width":0,"ocean_custom_logo_max_height":0,"ocean_custom_logo_tablet_max_height":0,"ocean_custom_logo_mobile_max_height":0,"ocean_header_custom_menu":"0","ocean_menu_typo_font_family":"0","ocean_menu_typo_font_subset":"","ocean_menu_typo_font_size":0,"ocean_menu_typo_font_size_tablet":0,"ocean_menu_typo_font_size_mobile":0,"ocean_menu_typo_font_size_unit":"px","ocean_menu_typo_font_weight":"","ocean_menu_typo_font_weight_tablet":"","ocean_menu_typo_font_weight_mobile":"","ocean_menu_typo_transform":"","ocean_menu_typo_transform_tablet":"","ocean_menu_typo_transform_mobile":"","ocean_menu_typo_line_height":0,"ocean_menu_typo_line_height_tablet":0,"ocean_menu_typo_line_height_mobile":0,"ocean_menu_typo_line_height_unit":"","ocean_menu_typo_spacing":0,"ocean_menu_typo_spacing_tablet":0,"ocean_menu_typo_spacing_mobile":0,"ocean_menu_typo_spacing_unit":"","ocean_menu_link_color":"","ocean_menu_link_color_hover":"","ocean_menu_link_color_active":"","ocean_menu_link_background":"","ocean_menu_link_hover_background":"","ocean_menu_link_active_background":"","ocean_menu_social_links_bg":"","ocean_menu_social_hover_links_bg":"","ocean_menu_social_links_color":"","ocean_menu_social_hover_links_color":"","ocean_disable_title":"enable","ocean_disable_heading":"on","ocean_post_title":"","ocean_post_subheading":"","ocean_post_title_style":"background-image","ocean_post_title_background_color":"","ocean_post_title_background":38959,"ocean_post_title_bg_image_position":"","ocean_post_title_bg_image_attachment":"","ocean_post_title_bg_image_repeat":"","ocean_post_title_bg_image_size":"","ocean_post_title_height":0,"ocean_post_title_bg_overlay":0.5,"ocean_post_title_bg_overlay_color":"","ocean_disable_breadcrumbs":"on","ocean_breadcrumbs_color":"","ocean_breadcrumbs_separator_color":"","ocean_breadcrumbs_links_color":"","ocean_breadcrumbs_links_hover_color":"","ocean_display_footer_widgets":"default","ocean_display_footer_bottom":"default","ocean_custom_footer_template":"0"},"product_brand":[],"product_cat":[109],"product_tag":[166,165],"class_list":{"0":"post-57242","1":"product","2":"type-product","3":"status-publish","4":"has-post-thumbnail","6":"product_cat-my-little-meal-uudelleentaytettava-valipalapussi","7":"product_tag-my-little-meal","8":"product_tag-silikoniset-juomapillit","10":"entry","11":"has-media","13":"first","14":"instock","15":"taxable","16":"shipping-taxable","17":"purchasable","18":"product-type-simple","19":"has-product-nav","20":"col","21":"span_1_of_3","22":"owp-content-center","23":"owp-thumbs-layout-horizontal","24":"owp-btn-normal","25":"owp-tabs-layout-horizontal","27":"circle-sale"},"yoast_head":"<!-- This site is optimized with the Yoast SEO plugin v27.4 - https:\/\/yoast.com\/product\/yoast-seo-wordpress\/ -->\n<title>My First Straw \u2013 silikoniset juomapillit pienille lapsille (1\u20135 vuotta), 5 kpl - My Little Meal - Kl\u00e4mmisp\u00e5sar<\/title>\n<meta name=\"description\" content=\"My First Straw \u2013 Pehme\u00e4t silikoniset juomapillit 1\u20135-vuotiaille lapsille. T\u00e4ydellinen pituus pieniin mukeihin. Uudelleenk\u00e4ytett\u00e4v\u00e4t, konepesun kest\u00e4v\u00e4t &amp; harjan kanssa.\" \/>\n<meta name=\"robots\" content=\"index, follow, max-snippet:-1, max-image-preview:large, max-video-preview:-1\" \/>\n<link rel=\"canonical\" href=\"https:\/\/mylittlemeal.se\/fi\/produkter\/my-first-straw-silikoniset-juomapillit-pienille-lapsille-1-5-vuotta-5-kpl\/\" \/>\n<meta property=\"og:locale\" content=\"fi_FI\" \/>\n<meta property=\"og:type\" content=\"article\" \/>\n<meta property=\"og:title\" content=\"My First Straw \u2013 silikoniset juomapillit pienille lapsille (1\u20135 vuotta), 5 kpl - My Little Meal - Kl\u00e4mmisp\u00e5sar\" \/>\n<meta property=\"og:description\" content=\"My First Straw \u2013 Pehme\u00e4t silikoniset juomapillit 1\u20135-vuotiaille lapsille. T\u00e4ydellinen pituus pieniin mukeihin. Uudelleenk\u00e4ytett\u00e4v\u00e4t, konepesun kest\u00e4v\u00e4t &amp; harjan kanssa.\" \/>\n<meta property=\"og:url\" content=\"https:\/\/mylittlemeal.se\/fi\/produkter\/my-first-straw-silikoniset-juomapillit-pienille-lapsille-1-5-vuotta-5-kpl\/\" \/>\n<meta property=\"og:site_name\" content=\"My Little Meal - Kl\u00e4mmisp\u00e5sar\" \/>\n<meta property=\"article:publisher\" content=\"https:\/\/www.facebook.com\/MyLittleMeal\/\" \/>\n<meta property=\"article:modified_time\" content=\"2026-03-28T14:04:52+00:00\" \/>\n<meta property=\"og:image\" content=\"https:\/\/i0.wp.com\/mylittlemeal.se\/wp-content\/uploads\/2026\/01\/Silikonsugror_My-Little-Meal_Produktbild-3.jpg?fit=1124%2C1122&ssl=1\" \/>\n\t<meta property=\"og:image:width\" content=\"1124\" \/>\n\t<meta property=\"og:image:height\" content=\"1122\" \/>\n\t<meta property=\"og:image:type\" content=\"image\/jpeg\" \/>\n<meta name=\"twitter:card\" content=\"summary_large_image\" \/>\n<meta name=\"twitter:label1\" content=\"Arvioitu lukuaika\" \/>\n\t<meta name=\"twitter:data1\" content=\"1 minuutti\" \/>\n<script type=\"application\/ld+json\" class=\"yoast-schema-graph\">{\"@context\":\"https:\\\/\\\/schema.org\",\"@graph\":[{\"@type\":[\"WebPage\",\"ItemPage\"],\"@id\":\"https:\\\/\\\/mylittlemeal.se\\\/fi\\\/produkter\\\/my-first-straw-silikoniset-juomapillit-pienille-lapsille-1-5-vuotta-5-kpl\\\/\",\"url\":\"https:\\\/\\\/mylittlemeal.se\\\/fi\\\/produkter\\\/my-first-straw-silikoniset-juomapillit-pienille-lapsille-1-5-vuotta-5-kpl\\\/\",\"name\":\"My First Straw \u2013 silikoniset juomapillit pienille lapsille (1\u20135 vuotta), 5 kpl - My Little Meal - Kl\u00e4mmisp\u00e5sar\",\"isPartOf\":{\"@id\":\"https:\\\/\\\/mylittlemeal.se\\\/fi\\\/#website\"},\"primaryImageOfPage\":{\"@id\":\"https:\\\/\\\/mylittlemeal.se\\\/fi\\\/produkter\\\/my-first-straw-silikoniset-juomapillit-pienille-lapsille-1-5-vuotta-5-kpl\\\/#primaryimage\"},\"image\":{\"@id\":\"https:\\\/\\\/mylittlemeal.se\\\/fi\\\/produkter\\\/my-first-straw-silikoniset-juomapillit-pienille-lapsille-1-5-vuotta-5-kpl\\\/#primaryimage\"},\"thumbnailUrl\":\"https:\\\/\\\/i0.wp.com\\\/mylittlemeal.se\\\/wp-content\\\/uploads\\\/2026\\\/01\\\/Silikonsugror_My-Little-Meal_Produktbild-3.jpg?fit=1124%2C1122&ssl=1\",\"datePublished\":\"2026-01-31T19:27:56+00:00\",\"dateModified\":\"2026-03-28T14:04:52+00:00\",\"description\":\"My First Straw \u2013 Pehme\u00e4t silikoniset juomapillit 1\u20135-vuotiaille lapsille. T\u00e4ydellinen pituus pieniin mukeihin. Uudelleenk\u00e4ytett\u00e4v\u00e4t, konepesun kest\u00e4v\u00e4t & harjan kanssa.\",\"breadcrumb\":{\"@id\":\"https:\\\/\\\/mylittlemeal.se\\\/fi\\\/produkter\\\/my-first-straw-silikoniset-juomapillit-pienille-lapsille-1-5-vuotta-5-kpl\\\/#breadcrumb\"},\"inLanguage\":\"fi\",\"potentialAction\":[{\"@type\":\"ReadAction\",\"target\":[\"https:\\\/\\\/mylittlemeal.se\\\/fi\\\/produkter\\\/my-first-straw-silikoniset-juomapillit-pienille-lapsille-1-5-vuotta-5-kpl\\\/\"]}]},{\"@type\":\"ImageObject\",\"inLanguage\":\"fi\",\"@id\":\"https:\\\/\\\/mylittlemeal.se\\\/fi\\\/produkter\\\/my-first-straw-silikoniset-juomapillit-pienille-lapsille-1-5-vuotta-5-kpl\\\/#primaryimage\",\"url\":\"https:\\\/\\\/i0.wp.com\\\/mylittlemeal.se\\\/wp-content\\\/uploads\\\/2026\\\/01\\\/Silikonsugror_My-Little-Meal_Produktbild-3.jpg?fit=1124%2C1122&ssl=1\",\"contentUrl\":\"https:\\\/\\\/i0.wp.com\\\/mylittlemeal.se\\\/wp-content\\\/uploads\\\/2026\\\/01\\\/Silikonsugror_My-Little-Meal_Produktbild-3.jpg?fit=1124%2C1122&ssl=1\",\"width\":1124,\"height\":1122,\"caption\":\"My Little Meal\"},{\"@type\":\"BreadcrumbList\",\"@id\":\"https:\\\/\\\/mylittlemeal.se\\\/fi\\\/produkter\\\/my-first-straw-silikoniset-juomapillit-pienille-lapsille-1-5-vuotta-5-kpl\\\/#breadcrumb\",\"itemListElement\":[{\"@type\":\"ListItem\",\"position\":1,\"name\":\"Hem\",\"item\":\"https:\\\/\\\/mylittlemeal.se\\\/fi\\\/etusivu\\\/\"},{\"@type\":\"ListItem\",\"position\":2,\"name\":\"Tuotteet\",\"item\":\"https:\\\/\\\/mylittlemeal.se\\\/fi\\\/tuotteet\\\/\"},{\"@type\":\"ListItem\",\"position\":3,\"name\":\"My First Straw \u2013 silikoniset juomapillit pienille lapsille (1\u20135 vuotta), 5 kpl\"}]},{\"@type\":\"WebSite\",\"@id\":\"https:\\\/\\\/mylittlemeal.se\\\/fi\\\/#website\",\"url\":\"https:\\\/\\\/mylittlemeal.se\\\/fi\\\/\",\"name\":\"My Little Meal - Kl\u00e4mmisp\u00e5sar\",\"description\":\"G\u00f6r Din Egen Kl\u00e4mmis\",\"publisher\":{\"@id\":\"https:\\\/\\\/mylittlemeal.se\\\/fi\\\/#organization\"},\"potentialAction\":[{\"@type\":\"SearchAction\",\"target\":{\"@type\":\"EntryPoint\",\"urlTemplate\":\"https:\\\/\\\/mylittlemeal.se\\\/fi\\\/?s={search_term_string}\"},\"query-input\":{\"@type\":\"PropertyValueSpecification\",\"valueRequired\":true,\"valueName\":\"search_term_string\"}}],\"inLanguage\":\"fi\"},{\"@type\":\"Organization\",\"@id\":\"https:\\\/\\\/mylittlemeal.se\\\/fi\\\/#organization\",\"name\":\"My Little Meal\",\"url\":\"https:\\\/\\\/mylittlemeal.se\\\/fi\\\/\",\"logo\":{\"@type\":\"ImageObject\",\"inLanguage\":\"fi\",\"@id\":\"https:\\\/\\\/mylittlemeal.se\\\/fi\\\/#\\\/schema\\\/logo\\\/image\\\/\",\"url\":\"https:\\\/\\\/mylittlemeal.se\\\/wp-content\\\/uploads\\\/2019\\\/11\\\/My-Little-Meal.png\",\"contentUrl\":\"https:\\\/\\\/mylittlemeal.se\\\/wp-content\\\/uploads\\\/2019\\\/11\\\/My-Little-Meal.png\",\"width\":1772,\"height\":1772,\"caption\":\"My Little Meal\"},\"image\":{\"@id\":\"https:\\\/\\\/mylittlemeal.se\\\/fi\\\/#\\\/schema\\\/logo\\\/image\\\/\"},\"sameAs\":[\"https:\\\/\\\/www.facebook.com\\\/MyLittleMeal\\\/\",\"https:\\\/\\\/www.instagram.com\\\/my_little_meal\\\/\",\"https:\\\/\\\/www.youtube.com\\\/channel\\\/UCJV-jxZ4L8AJbdgdEgS127A\"]}]}<\/script>\n<!-- \/ Yoast SEO plugin. -->","yoast_head_json":{"title":"My First Straw \u2013 silikoniset juomapillit pienille lapsille (1\u20135 vuotta), 5 kpl - My Little Meal - Kl\u00e4mmisp\u00e5sar","description":"My First Straw \u2013 Pehme\u00e4t silikoniset juomapillit 1\u20135-vuotiaille lapsille. T\u00e4ydellinen pituus pieniin mukeihin. Uudelleenk\u00e4ytett\u00e4v\u00e4t, konepesun kest\u00e4v\u00e4t & harjan kanssa.","robots":{"index":"index","follow":"follow","max-snippet":"max-snippet:-1","max-image-preview":"max-image-preview:large","max-video-preview":"max-video-preview:-1"},"canonical":"https:\/\/mylittlemeal.se\/fi\/produkter\/my-first-straw-silikoniset-juomapillit-pienille-lapsille-1-5-vuotta-5-kpl\/","og_locale":"fi_FI","og_type":"article","og_title":"My First Straw \u2013 silikoniset juomapillit pienille lapsille (1\u20135 vuotta), 5 kpl - My Little Meal - Kl\u00e4mmisp\u00e5sar","og_description":"My First Straw \u2013 Pehme\u00e4t silikoniset juomapillit 1\u20135-vuotiaille lapsille. T\u00e4ydellinen pituus pieniin mukeihin. Uudelleenk\u00e4ytett\u00e4v\u00e4t, konepesun kest\u00e4v\u00e4t & harjan kanssa.","og_url":"https:\/\/mylittlemeal.se\/fi\/produkter\/my-first-straw-silikoniset-juomapillit-pienille-lapsille-1-5-vuotta-5-kpl\/","og_site_name":"My Little Meal - Kl\u00e4mmisp\u00e5sar","article_publisher":"https:\/\/www.facebook.com\/MyLittleMeal\/","article_modified_time":"2026-03-28T14:04:52+00:00","og_image":[{"width":1124,"height":1122,"url":"https:\/\/i0.wp.com\/mylittlemeal.se\/wp-content\/uploads\/2026\/01\/Silikonsugror_My-Little-Meal_Produktbild-3.jpg?fit=1124%2C1122&ssl=1","type":"image\/jpeg"}],"twitter_card":"summary_large_image","twitter_misc":{"Arvioitu lukuaika":"1 minuutti"},"schema":{"@context":"https:\/\/schema.org","@graph":[{"@type":["WebPage","ItemPage"],"@id":"https:\/\/mylittlemeal.se\/fi\/produkter\/my-first-straw-silikoniset-juomapillit-pienille-lapsille-1-5-vuotta-5-kpl\/","url":"https:\/\/mylittlemeal.se\/fi\/produkter\/my-first-straw-silikoniset-juomapillit-pienille-lapsille-1-5-vuotta-5-kpl\/","name":"My First Straw \u2013 silikoniset juomapillit pienille lapsille (1\u20135 vuotta), 5 kpl - My Little Meal - Kl\u00e4mmisp\u00e5sar","isPartOf":{"@id":"https:\/\/mylittlemeal.se\/fi\/#website"},"primaryImageOfPage":{"@id":"https:\/\/mylittlemeal.se\/fi\/produkter\/my-first-straw-silikoniset-juomapillit-pienille-lapsille-1-5-vuotta-5-kpl\/#primaryimage"},"image":{"@id":"https:\/\/mylittlemeal.se\/fi\/produkter\/my-first-straw-silikoniset-juomapillit-pienille-lapsille-1-5-vuotta-5-kpl\/#primaryimage"},"thumbnailUrl":"https:\/\/i0.wp.com\/mylittlemeal.se\/wp-content\/uploads\/2026\/01\/Silikonsugror_My-Little-Meal_Produktbild-3.jpg?fit=1124%2C1122&ssl=1","datePublished":"2026-01-31T19:27:56+00:00","dateModified":"2026-03-28T14:04:52+00:00","description":"My First Straw \u2013 Pehme\u00e4t silikoniset juomapillit 1\u20135-vuotiaille lapsille. T\u00e4ydellinen pituus pieniin mukeihin. Uudelleenk\u00e4ytett\u00e4v\u00e4t, konepesun kest\u00e4v\u00e4t & harjan kanssa.","breadcrumb":{"@id":"https:\/\/mylittlemeal.se\/fi\/produkter\/my-first-straw-silikoniset-juomapillit-pienille-lapsille-1-5-vuotta-5-kpl\/#breadcrumb"},"inLanguage":"fi","potentialAction":[{"@type":"ReadAction","target":["https:\/\/mylittlemeal.se\/fi\/produkter\/my-first-straw-silikoniset-juomapillit-pienille-lapsille-1-5-vuotta-5-kpl\/"]}]},{"@type":"ImageObject","inLanguage":"fi","@id":"https:\/\/mylittlemeal.se\/fi\/produkter\/my-first-straw-silikoniset-juomapillit-pienille-lapsille-1-5-vuotta-5-kpl\/#primaryimage","url":"https:\/\/i0.wp.com\/mylittlemeal.se\/wp-content\/uploads\/2026\/01\/Silikonsugror_My-Little-Meal_Produktbild-3.jpg?fit=1124%2C1122&ssl=1","contentUrl":"https:\/\/i0.wp.com\/mylittlemeal.se\/wp-content\/uploads\/2026\/01\/Silikonsugror_My-Little-Meal_Produktbild-3.jpg?fit=1124%2C1122&ssl=1","width":1124,"height":1122,"caption":"My Little Meal"},{"@type":"BreadcrumbList","@id":"https:\/\/mylittlemeal.se\/fi\/produkter\/my-first-straw-silikoniset-juomapillit-pienille-lapsille-1-5-vuotta-5-kpl\/#breadcrumb","itemListElement":[{"@type":"ListItem","position":1,"name":"Hem","item":"https:\/\/mylittlemeal.se\/fi\/etusivu\/"},{"@type":"ListItem","position":2,"name":"Tuotteet","item":"https:\/\/mylittlemeal.se\/fi\/tuotteet\/"},{"@type":"ListItem","position":3,"name":"My First Straw \u2013 silikoniset juomapillit pienille lapsille (1\u20135 vuotta), 5 kpl"}]},{"@type":"WebSite","@id":"https:\/\/mylittlemeal.se\/fi\/#website","url":"https:\/\/mylittlemeal.se\/fi\/","name":"My Little Meal - Kl\u00e4mmisp\u00e5sar","description":"G\u00f6r Din Egen Kl\u00e4mmis","publisher":{"@id":"https:\/\/mylittlemeal.se\/fi\/#organization"},"potentialAction":[{"@type":"SearchAction","target":{"@type":"EntryPoint","urlTemplate":"https:\/\/mylittlemeal.se\/fi\/?s={search_term_string}"},"query-input":{"@type":"PropertyValueSpecification","valueRequired":true,"valueName":"search_term_string"}}],"inLanguage":"fi"},{"@type":"Organization","@id":"https:\/\/mylittlemeal.se\/fi\/#organization","name":"My Little Meal","url":"https:\/\/mylittlemeal.se\/fi\/","logo":{"@type":"ImageObject","inLanguage":"fi","@id":"https:\/\/mylittlemeal.se\/fi\/#\/schema\/logo\/image\/","url":"https:\/\/mylittlemeal.se\/wp-content\/uploads\/2019\/11\/My-Little-Meal.png","contentUrl":"https:\/\/mylittlemeal.se\/wp-content\/uploads\/2019\/11\/My-Little-Meal.png","width":1772,"height":1772,"caption":"My Little Meal"},"image":{"@id":"https:\/\/mylittlemeal.se\/fi\/#\/schema\/logo\/image\/"},"sameAs":["https:\/\/www.facebook.com\/MyLittleMeal\/","https:\/\/www.instagram.com\/my_little_meal\/","https:\/\/www.youtube.com\/channel\/UCJV-jxZ4L8AJbdgdEgS127A"]}]}},"jetpack_sharing_enabled":true,"_links":{"self":[{"href":"https:\/\/mylittlemeal.se\/fi\/wp-json\/wp\/v2\/product\/57242","targetHints":{"allow":["GET"]}}],"collection":[{"href":"https:\/\/mylittlemeal.se\/fi\/wp-json\/wp\/v2\/product"}],"about":[{"href":"https:\/\/mylittlemeal.se\/fi\/wp-json\/wp\/v2\/types\/product"}],"wp:featuredmedia":[{"embeddable":true,"href":"https:\/\/mylittlemeal.se\/fi\/wp-json\/wp\/v2\/media\/57255"}],"wp:attachment":[{"href":"https:\/\/mylittlemeal.se\/fi\/wp-json\/wp\/v2\/media?parent=57242"}],"wp:term":[{"taxonomy":"product_brand","embeddable":true,"href":"https:\/\/mylittlemeal.se\/fi\/wp-json\/wp\/v2\/product_brand?post=57242"},{"taxonomy":"product_cat","embeddable":true,"href":"https:\/\/mylittlemeal.se\/fi\/wp-json\/wp\/v2\/product_cat?post=57242"},{"taxonomy":"product_tag","embeddable":true,"href":"https:\/\/mylittlemeal.se\/fi\/wp-json\/wp\/v2\/product_tag?post=57242"}],"curies":[{"name":"wp","href":"https:\/\/api.w.org\/{rel}","templated":true}]}}