{"id":56835,"date":"2025-10-17T08:53:46","date_gmt":"2025-10-17T08:53:46","guid":{"rendered":"https:\/\/mylittlemeal.se\/tietosuojakaytanto-eu\/"},"modified":"2025-10-17T08:53:46","modified_gmt":"2025-10-17T08:53:46","slug":"tietosuojakaytanto-eu","status":"publish","type":"page","link":"https:\/\/mylittlemeal.se\/fi\/tietosuojakaytanto-eu\/","title":{"rendered":"Tietosuojak\u00e4yt\u00e4nt\u00f6 (EU)"},"content":{"rendered":"\n<!-- Legal document generated by Complianz | GDPR\/CCPA Cookie Consent https:\/\/wordpress.org\/plugins\/complianz-gdpr -->\n<div id=\"cmplz-document\" class=\"cmplz-document privacy-statement cmplz-document-eu\"><p><i>T\u00e4m\u00e4 tietosuojaseloste p\u00e4ivitettiin viimeksi 12.6.2024 ja koskee Euroopan talousalueen ja Sveitsin kansalaisia ja laillisia vakituisia asukkaita.<\/i><br \/><br \/><\/p><p><p>T\u00e4ss\u00e4 tietosuojaselosteessa selit\u00e4mme, mit\u00e4 teemme tiedoilla, jotka saamme sinusta <a href=\"https:\/\/mylittlemeal.se\/fi\/\">https:\/\/mylittlemeal.se\/fi\/<\/a>:n kautta. Suosittelemme, ett\u00e4 luet t\u00e4m\u00e4n lausunnon huolellisesti. K\u00e4sittelyss\u00e4mme noudatamme tietosuojalains\u00e4\u00e4d\u00e4nn\u00f6n vaatimuksia. Se tarkoittaa muun muassa sit\u00e4, ett\u00e4:<\/p><ul>\n                <li>kerromme selv\u00e4sti, mihin tarkoitukseen k\u00e4sittelemme henkil\u00f6tietoja. Teemme t\u00e4m\u00e4n t\u00e4m\u00e4n tietosuojaselosteen avulla;<\/li>\n                <li>pyrimme rajoittamaan henkil\u00f6tietojen ker\u00e4\u00e4misemme vain laillisiin tarkoituksiin tarvittaviin henkil\u00f6tietoihin;<\/li>\n                <li>pyyd\u00e4mme ensin nimenomaista suostumustasi henkil\u00f6tietojesi k\u00e4sittelyyn tapauksissa, jotka edellytt\u00e4v\u00e4t suostumustasi;<\/li>\n                <li>ryhdymme asianmukaisiin turvatoimiin henkil\u00f6tietojesi suojaamiseksi ja vaadimme t\u00e4t\u00e4 my\u00f6s osapuolilta, jotka k\u00e4sittelev\u00e4t henkil\u00f6tietoja puolestamme;<\/li>\n                <li>kunnioitamme oikeuttasi p\u00e4\u00e4st\u00e4 k\u00e4siksi henkil\u00f6tietoihisi tai saada ne korjattua tai poistettua pyynn\u00f6st\u00e4si.<\/li>\n            <\/ul><p>Jos sinulla on kysytt\u00e4v\u00e4\u00e4 tai haluat tiet\u00e4\u00e4 tarkalleen, mit\u00e4 tietoja s\u00e4ilyt\u00e4mme sinusta, ota meihin yhteytt\u00e4.<\/p><\/p><h2>1. Tarkoitus, tiedot ja s\u00e4ilytysaika<\/h2>Saatamme ker\u00e4t\u00e4 tai vastaanottaa henkil\u00f6tietoja useisiin liiketoimintaamme liittyviin tarkoituksiin, joita voivat olla seuraavat: (laajenna napsauttamalla)<details class=\"cmplz-dropdown dropdown-privacy-statement\"><summary><div><h3>1.1 Maksut<\/h3><\/div><\/summary><p class=\"cmplz-subtitle\">T\u00e4t\u00e4 tarkoitusta varten k\u00e4yt\u00e4mme seuraavia tietoja:<\/p><p><ul><li>Etu- ja sukunimi<\/li><li>Koti- tai muu fyysinen osoite, mukaan lukien kadun nimi ja kaupungin nimi<\/li><li>S\u00e4hk\u00f6postiosoite<\/li><li>Puhelinnumero<\/li><li>Maantieteellinen sijaintitiedot<\/li><li>Internet-toimintaa koskevat tiedot, mukaan lukien, mutta ei rajoittuen, selaushistoria, hakuhistoria ja tiedot kuluttajan vuorovaikutuksesta Internet-sivuston, -sovelluksen tai -mainoksen kanssa<\/li><\/ul><\/p><p class=\"cmplz-subtitle\">Voimme k\u00e4sitell\u00e4 n\u00e4it\u00e4 tietoja:<\/p><p><a target=\"_blank\" rel=\"noopener noreferrer nofollow\" href=\"https:\/\/cookiedatabase.org\/legal-bases\/#consent\">Suostumuksen antamisen j\u00e4lkeen.<\/a><\/p><p class=\"cmplz-subtitle\">S\u00e4ilytysaika<\/p><p>S\u00e4ilyt\u00e4mme n\u00e4it\u00e4 tietoja, kunnes palvelu lopetetaan.<\/p><\/details><details class=\"cmplz-dropdown dropdown-privacy-statement\"><summary><div><h3>1.2 Tilastojen kokoaminen ja analysointi verkkosivujen parantamiseksi.<\/h3><\/div><\/summary><p class=\"cmplz-subtitle\">T\u00e4t\u00e4 tarkoitusta varten k\u00e4yt\u00e4mme seuraavia tietoja:<\/p><p><ul><li>Maantieteellinen sijaintitiedot<\/li><li>Internet-toimintaa koskevat tiedot, mukaan lukien, mutta ei rajoittuen, selaushistoria, hakuhistoria ja tiedot kuluttajan vuorovaikutuksesta Internet-sivuston, -sovelluksen tai -mainoksen kanssa<\/li><\/ul><\/p><p class=\"cmplz-subtitle\">Voimme k\u00e4sitell\u00e4 n\u00e4it\u00e4 tietoja:<\/p><p><a target=\"_blank\" rel=\"noopener noreferrer nofollow\" href=\"https:\/\/cookiedatabase.org\/legal-bases\/#consent\">Suostumuksen antamisen j\u00e4lkeen.<\/a><\/p><p class=\"cmplz-subtitle\">S\u00e4ilytysaika<\/p><p>S\u00e4ilyt\u00e4mme n\u00e4it\u00e4 tietoja, kunnes palvelu lopetetaan.<\/p><\/details><details class=\"cmplz-dropdown dropdown-privacy-statement\"><summary><div><h3>1.3 Voida tarjota henkil\u00f6kohtaisia tuotteita ja palveluita<\/h3><\/div><\/summary><p class=\"cmplz-subtitle\">T\u00e4t\u00e4 tarkoitusta varten k\u00e4yt\u00e4mme seuraavia tietoja:<\/p><p><ul><li>Internet-toimintaa koskevat tiedot, mukaan lukien, mutta ei rajoittuen, selaushistoria, hakuhistoria ja tiedot kuluttajan vuorovaikutuksesta Internet-sivuston, -sovelluksen tai -mainoksen kanssa<\/li><li>Maantieteellinen sijaintitiedot<\/li><\/ul><\/p><p class=\"cmplz-subtitle\">Voimme k\u00e4sitell\u00e4 n\u00e4it\u00e4 tietoja:<\/p><p><a target=\"_blank\" rel=\"noopener noreferrer nofollow\" href=\"https:\/\/cookiedatabase.org\/legal-bases\/#consent\">Suostumuksen antamisen j\u00e4lkeen.<\/a><\/p><p class=\"cmplz-subtitle\">S\u00e4ilytysaika<\/p><p>S\u00e4ilyt\u00e4mme n\u00e4it\u00e4 tietoja, kunnes palvelu lopetetaan.<\/p><\/details><details class=\"cmplz-dropdown dropdown-privacy-statement\"><summary><div><h3>1.4 Toimitukset<\/h3><\/div><\/summary><p class=\"cmplz-subtitle\">T\u00e4t\u00e4 tarkoitusta varten k\u00e4yt\u00e4mme seuraavia tietoja:<\/p><p><ul><li>Etu- ja sukunimi<\/li><li>Koti- tai muu fyysinen osoite, mukaan lukien kadun nimi ja kaupungin nimi<\/li><li>S\u00e4hk\u00f6postiosoite<\/li><li>Puhelinnumero<\/li><\/ul><\/p><p class=\"cmplz-subtitle\">Voimme k\u00e4sitell\u00e4 n\u00e4it\u00e4 tietoja:<\/p><p><a target=\"_blank\" rel=\"noopener noreferrer nofollow\" href=\"https:\/\/cookiedatabase.org\/legal-bases\/#consent\">Suostumuksen antamisen j\u00e4lkeen.<\/a><\/p><p class=\"cmplz-subtitle\">S\u00e4ilytysaika<\/p><p>S\u00e4ilyt\u00e4mme n\u00e4it\u00e4 tietoja, kunnes palvelu lopetetaan.<\/p><\/details><h2>2. Jakaminen muille osapuolille<\/h2><p>Jaamme tai luovutamme n\u00e4it\u00e4 tietoja k\u00e4sittelij\u00f6ille vain seuraaviin tarkoituksiin:<\/p><p class=\"cmplz-subtitle\">K\u00e4sittelij\u00e4t<\/p><p><b>Nimi:<\/b>&nbsp;New processor<br \/>\n            <b>Maa:<\/b>&nbsp;<br \/>\n            <b>Tarkoitus:<\/b>&nbsp;<br \/>\n            <\/p><h2>3. Ev\u00e4steet<\/h2><p>Sivustomme k\u00e4ytt\u00e4\u00e4 ev\u00e4steit\u00e4. Lis\u00e4tietoja ev\u00e4steist\u00e4 on <a href=\"https:\/\/mylittlemeal.se\/fi\/evastekaytanto-eu\/\">Ev\u00e4stek\u00e4yt\u00e4nn\u00f6ss\u00e4mme<\/a>.&nbsp;<\/p><h2>4. Julkistamisk\u00e4yt\u00e4nn\u00f6t<\/h2><p><p>Luovutamme henkil\u00f6tietoja, jos meit\u00e4 vaaditaan lain tai tuomioistuimen m\u00e4\u00e4r\u00e4yksen nojalla, lainvalvontaviranomaisen vastauksena, muiden lain s\u00e4\u00e4nn\u00f6sten sallimissa rajoissa, tietojen antamiseksi tai yleiseen turvallisuuteen liittyv\u00e4n asian tutkimiseksi.<\/p><p>Jos verkkosivustomme tai organisaatiomme otetaan haltuun, myyd\u00e4\u00e4n tai osallistuu fuusioon tai yrityskauppaan, tietojasi voidaan luovuttaa neuvonantajillemme ja mahdollisille ostajille, ja ne luovutetaan uusille omistajille.<\/p><\/p><p>Olemme tehneet Googlen kanssa tietojenk\u00e4sittelysopimuksen.<\/p><h2>5. Turvallisuus<\/h2><p>Olemme sitoutuneet henkil\u00f6tietojen turvallisuuteen. Ryhdymme asianmukaisiin turvatoimiin rajoittaaksemme henkil\u00f6tietojen v\u00e4\u00e4rink\u00e4ytt\u00f6\u00e4 ja luvatonta p\u00e4\u00e4sy\u00e4 niihin. N\u00e4in varmistetaan, ett\u00e4 vain tarpeelliset henkil\u00f6t p\u00e4\u00e4sev\u00e4t k\u00e4siksi tietoihisi, ett\u00e4 p\u00e4\u00e4sy tietoihin on suojattu ja ett\u00e4 turvatoimemme tarkistetaan s\u00e4\u00e4nn\u00f6llisesti.<\/p><h2>6. Kolmannen osapuolen verkkosivustot<\/h2><p>T\u00e4m\u00e4 tietosuojaseloste ei koske kolmansien osapuolten verkkosivustoja, jotka on yhdistetty verkkosivuillamme olevien linkkien kautta. Emme voi taata, ett\u00e4 n\u00e4m\u00e4 kolmannet osapuolet k\u00e4sittelev\u00e4t henkil\u00f6tietojasi luotettavalla tai turvallisella tavalla. Suosittelemme, ett\u00e4 luet n\u00e4iden verkkosivustojen tietosuojaselosteet ennen n\u00e4iden verkkosivustojen k\u00e4ytt\u00f6\u00e4.<\/p><h2>7. Muutokset t\u00e4h\u00e4n tietosuojaselosteeseen<\/h2><p>Pid\u00e4t\u00e4mme oikeuden tehd\u00e4 muutoksia t\u00e4h\u00e4n tietosuojaselosteeseen. On suositeltavaa tutustua t\u00e4h\u00e4n tietosuojaselosteeseen s\u00e4\u00e4nn\u00f6llisesti, jotta olet tietoinen muutoksista. Lis\u00e4ksi tiedotamme aktiivisesti mahdollisuuksien mukaan.<\/p><h2>8. Tietojesi k\u00e4ytt\u00f6 ja muokkaaminen<\/h2><p>Jos sinulla on kysytt\u00e4v\u00e4\u00e4 tai haluat tiet\u00e4\u00e4, mit\u00e4 henkil\u00f6tietoja meill\u00e4 on sinusta, ota meihin yhteytt\u00e4. Voit ottaa meihin yhteytt\u00e4 k\u00e4ytt\u00e4m\u00e4ll\u00e4 alla olevia tietoja. Sinulla on seuraavat oikeudet:<\/p><ul>\n                <li>Sinulla on oikeus tiet\u00e4\u00e4, miksi henkil\u00f6tietojasi tarvitaan, mit\u00e4 niille tapahtuu ja kuinka kauan niit\u00e4 s\u00e4ilytet\u00e4\u00e4n.<\/li>\n                <li>P\u00e4\u00e4syoikeus: Sinulla on oikeus p\u00e4\u00e4st\u00e4 k\u00e4siksi tietoihisi, jotka ovat tiedossamme.<\/li>\n                <li>Oikeus oikaisuun: Sinulla on oikeus t\u00e4ydent\u00e4\u00e4, korjata, poistaa tai est\u00e4\u00e4 henkil\u00f6tietojasi milloin tahansa.<\/li>\n                <li>Jos annat meille suostumuksesi tietojesi k\u00e4sittelyyn, sinulla on oikeus peruuttaa suostumuksesi ja pyyt\u00e4\u00e4 henkil\u00f6tietosi poistamista.<\/li>\n                <li>Oikeus siirt\u00e4\u00e4 tietojasi: Sinulla on oikeus pyyt\u00e4\u00e4 kaikki henkil\u00f6tietosi rekisterinpit\u00e4j\u00e4lt\u00e4 ja siirt\u00e4\u00e4 ne kokonaisuudessaan toiselle rekisterinpit\u00e4j\u00e4lle.<\/li>\n                <li>Oikeus vastustaa: voit vastustaa tietojesi k\u00e4sittely\u00e4. Noudatamme t\u00e4t\u00e4, ellei k\u00e4sittelyyn ole perusteltua syyt\u00e4.<\/li>\n            <\/ul><p>Muista aina ilmoittaa selv\u00e4sti, kuka olet, jotta voimme olla varmoja, ettemme muokkaa tai poista v\u00e4\u00e4r\u00e4n henkil\u00f6n tietoja.<\/p><h2>9. Valituksen l\u00e4hett\u00e4minen<\/h2><p>Jos et ole tyytyv\u00e4inen tapaan, jolla k\u00e4sittelemme (valituksen) henkil\u00f6tietojesi k\u00e4sittely\u00e4, sinulla on oikeus tehd\u00e4 valitus tietosuojaviranomaiselle.<\/p><h2>10. Yhteystiedot<\/h2><p>Svese AB<br \/>\n        Krokv\u00e4gen 5, 237 41 Bj\u00e4rred<br \/>\n        Ruotsi<br \/>\n        Verkkosivusto: <a href=\"https:\/\/mylittlemeal.se\/fi\/\">https:\/\/mylittlemeal.se\/fi\/<\/a> <br \/>\n        S\u00e4hk\u00f6posti: <span class=\"cmplz-obfuscate\">&#105;n&#102;o@<span class=\"cmplz-fmail-domain\">ex&#046;co&#109;<\/span>m&#121;&#108;i&#116;t&#108;&#101;&#109;&#101;&#097;&#108;.se<\/span> <br \/>\n        Puhelinnumero: +46738-213338<\/p><\/div>\n","protected":false},"excerpt":{"rendered":"","protected":false},"author":1,"featured_media":0,"parent":0,"menu_order":0,"comment_status":"closed","ping_status":"closed","template":"","meta":{"ocean_post_layout":"","ocean_both_sidebars_style":"","ocean_both_sidebars_content_width":0,"ocean_both_sidebars_sidebars_width":0,"ocean_sidebar":"","ocean_second_sidebar":"","ocean_disable_margins":"enable","ocean_add_body_class":"","ocean_shortcode_before_top_bar":"","ocean_shortcode_after_top_bar":"","ocean_shortcode_before_header":"","ocean_shortcode_after_header":"","ocean_has_shortcode":"","ocean_shortcode_after_title":"","ocean_shortcode_before_footer_widgets":"","ocean_shortcode_after_footer_widgets":"","ocean_shortcode_before_footer_bottom":"","ocean_shortcode_after_footer_bottom":"","ocean_display_top_bar":"default","ocean_display_header":"default","ocean_header_style":"","ocean_center_header_left_menu":"","ocean_custom_header_template":"","ocean_custom_logo":0,"ocean_custom_retina_logo":0,"ocean_custom_logo_max_width":0,"ocean_custom_logo_tablet_max_width":0,"ocean_custom_logo_mobile_max_width":0,"ocean_custom_logo_max_height":0,"ocean_custom_logo_tablet_max_height":0,"ocean_custom_logo_mobile_max_height":0,"ocean_header_custom_menu":"","ocean_menu_typo_font_family":"","ocean_menu_typo_font_subset":"","ocean_menu_typo_font_size":0,"ocean_menu_typo_font_size_tablet":0,"ocean_menu_typo_font_size_mobile":0,"ocean_menu_typo_font_size_unit":"px","ocean_menu_typo_font_weight":"","ocean_menu_typo_font_weight_tablet":"","ocean_menu_typo_font_weight_mobile":"","ocean_menu_typo_transform":"","ocean_menu_typo_transform_tablet":"","ocean_menu_typo_transform_mobile":"","ocean_menu_typo_line_height":0,"ocean_menu_typo_line_height_tablet":0,"ocean_menu_typo_line_height_mobile":0,"ocean_menu_typo_line_height_unit":"","ocean_menu_typo_spacing":0,"ocean_menu_typo_spacing_tablet":0,"ocean_menu_typo_spacing_mobile":0,"ocean_menu_typo_spacing_unit":"","ocean_menu_link_color":"","ocean_menu_link_color_hover":"","ocean_menu_link_color_active":"","ocean_menu_link_background":"","ocean_menu_link_hover_background":"","ocean_menu_link_active_background":"","ocean_menu_social_links_bg":"","ocean_menu_social_hover_links_bg":"","ocean_menu_social_links_color":"","ocean_menu_social_hover_links_color":"","ocean_disable_title":"default","ocean_disable_heading":"default","ocean_post_title":"","ocean_post_subheading":"","ocean_post_title_style":"","ocean_post_title_background_color":"","ocean_post_title_background":0,"ocean_post_title_bg_image_position":"","ocean_post_title_bg_image_attachment":"","ocean_post_title_bg_image_repeat":"","ocean_post_title_bg_image_size":"","ocean_post_title_height":0,"ocean_post_title_bg_overlay":0.5,"ocean_post_title_bg_overlay_color":"","ocean_disable_breadcrumbs":"default","ocean_breadcrumbs_color":"","ocean_breadcrumbs_separator_color":"","ocean_breadcrumbs_links_color":"","ocean_breadcrumbs_links_hover_color":"","ocean_display_footer_widgets":"default","ocean_display_footer_bottom":"default","ocean_custom_footer_template":"","footnotes":""},"class_list":["post-56835","page","type-page","status-publish","hentry","entry","owp-thumbs-layout-horizontal","owp-btn-normal","owp-tabs-layout-horizontal","has-no-thumbnails","has-product-nav","circle-sale"],"yoast_head":"<!-- This site is optimized with the Yoast SEO plugin v27.4 - https:\/\/yoast.com\/product\/yoast-seo-wordpress\/ -->\n<title>Tietosuojak\u00e4yt\u00e4nt\u00f6 (EU) - My Little Meal - Kl\u00e4mmisp\u00e5sar<\/title>\n<meta name=\"robots\" content=\"index, follow, max-snippet:-1, max-image-preview:large, max-video-preview:-1\" \/>\n<link rel=\"canonical\" href=\"https:\/\/mylittlemeal.se\/fi\/tietosuojakaytanto-eu\/\" \/>\n<meta property=\"og:locale\" content=\"fi_FI\" \/>\n<meta property=\"og:type\" content=\"article\" \/>\n<meta property=\"og:title\" content=\"Tietosuojak\u00e4yt\u00e4nt\u00f6 (EU) - My Little Meal - Kl\u00e4mmisp\u00e5sar\" \/>\n<meta property=\"og:url\" content=\"https:\/\/mylittlemeal.se\/fi\/tietosuojakaytanto-eu\/\" \/>\n<meta property=\"og:site_name\" content=\"My Little Meal - Kl\u00e4mmisp\u00e5sar\" \/>\n<meta property=\"article:publisher\" content=\"https:\/\/www.facebook.com\/MyLittleMeal\/\" \/>\n<meta property=\"og:image\" content=\"https:\/\/i0.wp.com\/mylittlemeal.se\/wp-content\/uploads\/2020\/01\/Koala_%C3%84ta-kl%C3%A4mmis.jpg?fit=750%2C750&ssl=1\" \/>\n\t<meta property=\"og:image:width\" content=\"750\" \/>\n\t<meta property=\"og:image:height\" content=\"750\" \/>\n\t<meta property=\"og:image:type\" content=\"image\/jpeg\" \/>\n<meta name=\"twitter:card\" content=\"summary_large_image\" \/>\n<script type=\"application\/ld+json\" class=\"yoast-schema-graph\">{\"@context\":\"https:\\\/\\\/schema.org\",\"@graph\":[{\"@type\":\"WebPage\",\"@id\":\"https:\\\/\\\/mylittlemeal.se\\\/fi\\\/tietosuojakaytanto-eu\\\/\",\"url\":\"https:\\\/\\\/mylittlemeal.se\\\/fi\\\/tietosuojakaytanto-eu\\\/\",\"name\":\"Tietosuojak\u00e4yt\u00e4nt\u00f6 (EU) - My Little Meal - Kl\u00e4mmisp\u00e5sar\",\"isPartOf\":{\"@id\":\"https:\\\/\\\/mylittlemeal.se\\\/fi\\\/#website\"},\"datePublished\":\"2025-10-17T08:53:46+00:00\",\"breadcrumb\":{\"@id\":\"https:\\\/\\\/mylittlemeal.se\\\/fi\\\/tietosuojakaytanto-eu\\\/#breadcrumb\"},\"inLanguage\":\"fi\",\"potentialAction\":[{\"@type\":\"ReadAction\",\"target\":[\"https:\\\/\\\/mylittlemeal.se\\\/fi\\\/tietosuojakaytanto-eu\\\/\"]}]},{\"@type\":\"BreadcrumbList\",\"@id\":\"https:\\\/\\\/mylittlemeal.se\\\/fi\\\/tietosuojakaytanto-eu\\\/#breadcrumb\",\"itemListElement\":[{\"@type\":\"ListItem\",\"position\":1,\"name\":\"Hem\",\"item\":\"https:\\\/\\\/mylittlemeal.se\\\/fi\\\/etusivu\\\/\"},{\"@type\":\"ListItem\",\"position\":2,\"name\":\"Tietosuojak\u00e4yt\u00e4nt\u00f6 (EU)\"}]},{\"@type\":\"WebSite\",\"@id\":\"https:\\\/\\\/mylittlemeal.se\\\/fi\\\/#website\",\"url\":\"https:\\\/\\\/mylittlemeal.se\\\/fi\\\/\",\"name\":\"My Little Meal - Kl\u00e4mmisp\u00e5sar\",\"description\":\"G\u00f6r Din Egen Kl\u00e4mmis\",\"publisher\":{\"@id\":\"https:\\\/\\\/mylittlemeal.se\\\/fi\\\/#organization\"},\"potentialAction\":[{\"@type\":\"SearchAction\",\"target\":{\"@type\":\"EntryPoint\",\"urlTemplate\":\"https:\\\/\\\/mylittlemeal.se\\\/fi\\\/?s={search_term_string}\"},\"query-input\":{\"@type\":\"PropertyValueSpecification\",\"valueRequired\":true,\"valueName\":\"search_term_string\"}}],\"inLanguage\":\"fi\"},{\"@type\":\"Organization\",\"@id\":\"https:\\\/\\\/mylittlemeal.se\\\/fi\\\/#organization\",\"name\":\"My Little Meal\",\"url\":\"https:\\\/\\\/mylittlemeal.se\\\/fi\\\/\",\"logo\":{\"@type\":\"ImageObject\",\"inLanguage\":\"fi\",\"@id\":\"https:\\\/\\\/mylittlemeal.se\\\/fi\\\/#\\\/schema\\\/logo\\\/image\\\/\",\"url\":\"https:\\\/\\\/mylittlemeal.se\\\/wp-content\\\/uploads\\\/2019\\\/11\\\/My-Little-Meal.png\",\"contentUrl\":\"https:\\\/\\\/mylittlemeal.se\\\/wp-content\\\/uploads\\\/2019\\\/11\\\/My-Little-Meal.png\",\"width\":1772,\"height\":1772,\"caption\":\"My Little Meal\"},\"image\":{\"@id\":\"https:\\\/\\\/mylittlemeal.se\\\/fi\\\/#\\\/schema\\\/logo\\\/image\\\/\"},\"sameAs\":[\"https:\\\/\\\/www.facebook.com\\\/MyLittleMeal\\\/\",\"https:\\\/\\\/www.instagram.com\\\/my_little_meal\\\/\",\"https:\\\/\\\/www.youtube.com\\\/channel\\\/UCJV-jxZ4L8AJbdgdEgS127A\"]}]}<\/script>\n<!-- \/ Yoast SEO plugin. -->","yoast_head_json":{"title":"Tietosuojak\u00e4yt\u00e4nt\u00f6 (EU) - My Little Meal - Kl\u00e4mmisp\u00e5sar","robots":{"index":"index","follow":"follow","max-snippet":"max-snippet:-1","max-image-preview":"max-image-preview:large","max-video-preview":"max-video-preview:-1"},"canonical":"https:\/\/mylittlemeal.se\/fi\/tietosuojakaytanto-eu\/","og_locale":"fi_FI","og_type":"article","og_title":"Tietosuojak\u00e4yt\u00e4nt\u00f6 (EU) - My Little Meal - Kl\u00e4mmisp\u00e5sar","og_url":"https:\/\/mylittlemeal.se\/fi\/tietosuojakaytanto-eu\/","og_site_name":"My Little Meal - Kl\u00e4mmisp\u00e5sar","article_publisher":"https:\/\/www.facebook.com\/MyLittleMeal\/","og_image":[{"width":750,"height":750,"url":"https:\/\/i0.wp.com\/mylittlemeal.se\/wp-content\/uploads\/2020\/01\/Koala_%C3%84ta-kl%C3%A4mmis.jpg?fit=750%2C750&ssl=1","type":"image\/jpeg"}],"twitter_card":"summary_large_image","schema":{"@context":"https:\/\/schema.org","@graph":[{"@type":"WebPage","@id":"https:\/\/mylittlemeal.se\/fi\/tietosuojakaytanto-eu\/","url":"https:\/\/mylittlemeal.se\/fi\/tietosuojakaytanto-eu\/","name":"Tietosuojak\u00e4yt\u00e4nt\u00f6 (EU) - My Little Meal - Kl\u00e4mmisp\u00e5sar","isPartOf":{"@id":"https:\/\/mylittlemeal.se\/fi\/#website"},"datePublished":"2025-10-17T08:53:46+00:00","breadcrumb":{"@id":"https:\/\/mylittlemeal.se\/fi\/tietosuojakaytanto-eu\/#breadcrumb"},"inLanguage":"fi","potentialAction":[{"@type":"ReadAction","target":["https:\/\/mylittlemeal.se\/fi\/tietosuojakaytanto-eu\/"]}]},{"@type":"BreadcrumbList","@id":"https:\/\/mylittlemeal.se\/fi\/tietosuojakaytanto-eu\/#breadcrumb","itemListElement":[{"@type":"ListItem","position":1,"name":"Hem","item":"https:\/\/mylittlemeal.se\/fi\/etusivu\/"},{"@type":"ListItem","position":2,"name":"Tietosuojak\u00e4yt\u00e4nt\u00f6 (EU)"}]},{"@type":"WebSite","@id":"https:\/\/mylittlemeal.se\/fi\/#website","url":"https:\/\/mylittlemeal.se\/fi\/","name":"My Little Meal - Kl\u00e4mmisp\u00e5sar","description":"G\u00f6r Din Egen Kl\u00e4mmis","publisher":{"@id":"https:\/\/mylittlemeal.se\/fi\/#organization"},"potentialAction":[{"@type":"SearchAction","target":{"@type":"EntryPoint","urlTemplate":"https:\/\/mylittlemeal.se\/fi\/?s={search_term_string}"},"query-input":{"@type":"PropertyValueSpecification","valueRequired":true,"valueName":"search_term_string"}}],"inLanguage":"fi"},{"@type":"Organization","@id":"https:\/\/mylittlemeal.se\/fi\/#organization","name":"My Little Meal","url":"https:\/\/mylittlemeal.se\/fi\/","logo":{"@type":"ImageObject","inLanguage":"fi","@id":"https:\/\/mylittlemeal.se\/fi\/#\/schema\/logo\/image\/","url":"https:\/\/mylittlemeal.se\/wp-content\/uploads\/2019\/11\/My-Little-Meal.png","contentUrl":"https:\/\/mylittlemeal.se\/wp-content\/uploads\/2019\/11\/My-Little-Meal.png","width":1772,"height":1772,"caption":"My Little Meal"},"image":{"@id":"https:\/\/mylittlemeal.se\/fi\/#\/schema\/logo\/image\/"},"sameAs":["https:\/\/www.facebook.com\/MyLittleMeal\/","https:\/\/www.instagram.com\/my_little_meal\/","https:\/\/www.youtube.com\/channel\/UCJV-jxZ4L8AJbdgdEgS127A"]}]}},"jetpack_sharing_enabled":true,"_links":{"self":[{"href":"https:\/\/mylittlemeal.se\/fi\/wp-json\/wp\/v2\/pages\/56835","targetHints":{"allow":["GET"]}}],"collection":[{"href":"https:\/\/mylittlemeal.se\/fi\/wp-json\/wp\/v2\/pages"}],"about":[{"href":"https:\/\/mylittlemeal.se\/fi\/wp-json\/wp\/v2\/types\/page"}],"author":[{"embeddable":true,"href":"https:\/\/mylittlemeal.se\/fi\/wp-json\/wp\/v2\/users\/1"}],"replies":[{"embeddable":true,"href":"https:\/\/mylittlemeal.se\/fi\/wp-json\/wp\/v2\/comments?post=56835"}],"version-history":[{"count":0,"href":"https:\/\/mylittlemeal.se\/fi\/wp-json\/wp\/v2\/pages\/56835\/revisions"}],"wp:attachment":[{"href":"https:\/\/mylittlemeal.se\/fi\/wp-json\/wp\/v2\/media?parent=56835"}],"curies":[{"name":"wp","href":"https:\/\/api.w.org\/{rel}","templated":true}]}}