{"id":39118,"date":"2023-10-06T07:25:27","date_gmt":"2023-10-06T07:25:27","guid":{"rendered":"https:\/\/mylittlemeal.se\/tietoja-my-little-mealista\/"},"modified":"2023-10-06T07:25:27","modified_gmt":"2023-10-06T07:25:27","slug":"tietoja-my-little-mealista","status":"publish","type":"page","link":"https:\/\/mylittlemeal.se\/fi\/tietoja-my-little-mealista\/","title":{"rendered":"Tietoja My Little Mealista"},"content":{"rendered":"\t\t<div data-elementor-type=\"wp-page\" data-elementor-id=\"39118\" class=\"elementor elementor-39118 elementor-152\">\n\t\t\t\t\t\t<section class=\"elementor-section elementor-top-section elementor-element elementor-element-6e25e2c6 elementor-section-stretched elementor-section-boxed elementor-section-height-default elementor-section-height-default\" data-id=\"6e25e2c6\" data-element_type=\"section\" data-e-type=\"section\" data-settings=\"{&quot;background_background&quot;:&quot;classic&quot;,&quot;stretch_section&quot;:&quot;section-stretched&quot;}\">\n\t\t\t\t\t\t<div class=\"elementor-container elementor-column-gap-default\">\n\t\t\t\t\t<div class=\"elementor-column elementor-col-100 elementor-top-column elementor-element elementor-element-4acd536e\" data-id=\"4acd536e\" data-element_type=\"column\" data-e-type=\"column\">\n\t\t\t<div class=\"elementor-widget-wrap elementor-element-populated\">\n\t\t\t\t\t\t<div class=\"elementor-element elementor-element-9af46f5 elementor-widget-mobile__width-inherit elementor-widget elementor-widget-heading\" data-id=\"9af46f5\" data-element_type=\"widget\" data-e-type=\"widget\" data-widget_type=\"heading.default\">\n\t\t\t\t<div class=\"elementor-widget-container\">\n\t\t\t\t\t<h1 class=\"elementor-heading-title elementor-size-small\"><span style=\"font-size: 50px\">Tietoja<\/span><br><span style=\"font-size: 50px\">My Little <\/span><span style=\"font-size: 50px\">Meal<\/span><\/h1>\t\t\t\t<\/div>\n\t\t\t\t<\/div>\n\t\t\t\t\t<\/div>\n\t\t<\/div>\n\t\t\t\t\t<\/div>\n\t\t<\/section>\n\t\t\t\t<section class=\"elementor-section elementor-top-section elementor-element elementor-element-45d16e9b elementor-section-stretched elementor-section-boxed elementor-section-height-default elementor-section-height-default\" data-id=\"45d16e9b\" data-element_type=\"section\" data-e-type=\"section\" data-settings=\"{&quot;stretch_section&quot;:&quot;section-stretched&quot;}\">\n\t\t\t\t\t\t<div class=\"elementor-container elementor-column-gap-default\">\n\t\t\t\t\t<div class=\"elementor-column elementor-col-100 elementor-top-column elementor-element elementor-element-11ce03c7\" data-id=\"11ce03c7\" data-element_type=\"column\" data-e-type=\"column\">\n\t\t\t<div class=\"elementor-widget-wrap elementor-element-populated\">\n\t\t\t\t\t\t<div class=\"elementor-element elementor-element-4a69d28e elementor-widget elementor-widget-heading\" data-id=\"4a69d28e\" data-element_type=\"widget\" data-e-type=\"widget\" data-widget_type=\"heading.default\">\n\t\t\t\t<div class=\"elementor-widget-container\">\n\t\t\t\t\t<h2 class=\"elementor-heading-title elementor-size-large\">Meist\u00e4 ja tuotteistamme<\/h2>\t\t\t\t<\/div>\n\t\t\t\t<\/div>\n\t\t\t\t<div class=\"elementor-element elementor-element-1ec841e0 elementor-widget elementor-widget-text-editor\" data-id=\"1ec841e0\" data-element_type=\"widget\" data-e-type=\"widget\" data-widget_type=\"text-editor.default\">\n\t\t\t\t<div class=\"elementor-widget-container\">\n\t\t\t\t\t\t\t\t\t<h2>\n<\/h2><p class=\"MsoNormal\"><span style=\"font-size: 10pt; line-height: 100%; font-family: ABeeZee, sans-serif; font-weight: normal;\">My Little Meal on perhe, jonka vanhemmilla on monen vuoden kokemus elintarvikkeiden hankinnasta ja tuotekehityksest\u00e4, ja he ovat keskittyneet kest\u00e4v\u00e4\u00e4n kehitykseen.&nbsp;<\/span><\/p>\n<p class=\"MsoNormal\"><span style=\"font-size: 10pt; line-height: 100%; font-family: ABeeZee, sans-serif; font-weight: normal;\">Tuotteidemme visio on toimiva muotoilu, joka tekee vanhempien el\u00e4m\u00e4st\u00e4 hieman helpompaa. Koska rakastamme my\u00f6s retki\u00e4 lasten kanssa mets\u00e4\u00e4n ja muille luontoalueille, ymp\u00e4rist\u00f6 ja luonto ovat iso osa perheemme el\u00e4m\u00e4\u00e4. Siksi on t\u00e4rke\u00e4\u00e4, ett\u00e4 toiminta ja laatu t\u00e4ytt\u00e4v\u00e4t korkeat vaatimuksemme. Kun tuote on hyv\u00e4, riski siit\u00e4, ett\u00e4 sit\u00e4 ei k\u00e4ytet\u00e4, pienenee. Haluamme, ett\u00e4 tuotteitamme k\u00e4ytet\u00e4\u00e4n mahdollisimman monta kertaa kertak\u00e4ytt\u00f6tuotteiden kulutuksen v\u00e4hent\u00e4miseksi Se on yrityksemme edist\u00e4\u00e4 kest\u00e4v\u00e4mp\u00e4\u00e4 el\u00e4m\u00e4ntapaa. &nbsp;<\/span><\/p>\n<p class=\"MsoNormal\"><span style=\"font-size: 10pt; line-height: 100%; font-family: ABeeZee, sans-serif; font-weight: normal;\">Tavoitteemme on, ett\u00e4 kehitt\u00e4m\u00e4mme tuotteet ovat parhaita kaikissa testikategorioissa. V\u00e4lipalapussejamme tulee olla helppo t\u00e4ytt\u00e4\u00e4 vauvanruoalla tai smoothiella. Niiden pit\u00e4isi olla helppo sulkea ja niiden pit\u00e4isi pysy\u00e4 tiiviin\u00e4. Suunnittelun on oltava lapsille ergonominen. Yksinkertainen ja k\u00e4yt\u00e4nn\u00f6llinen v\u00e4lipala voi &#8221;pelastaa&#8221; retken ja pit\u00e4\u00e4 lasten mielen vire\u00e4n\u00e4 viel\u00e4 hetken. Tied\u00e4mme t\u00e4m\u00e4n omasta kokemuksestamme \ud83d\ude42<o:p><\/o:p><\/span><\/p>\n<p class=\"MsoNormal\"><span style=\"font-weight: normal; font-size: 10pt; line-height: 107%; font-family: ABeeZee, sans-serif;\">Olemme valinneet tavarantoimittajamme huolellisesti, ja kaikki puristinlaukut voit ostaa meid\u00e4n <a href=\"https:\/\/mylittlemeal.se\/produkter\/\" rel=\"noopener\" target=\"_blank\"><u>kaupasta<\/u><\/a>&nbsp;t\u00e4ytt\u00e4v\u00e4t&nbsp; EU-standardin ja omat korkeat vaatimuksemme. Varmistaaksemme, ett\u00e4 t\u00e4yt\u00e4mme kaikki vaatimukset, olemme tehneet yhteisty\u00f6t\u00e4 seuraavien tahojen kanssa, <a href=\"http:\/\/www.sgs.com\" rel=\"noopener\" target=\"_blank\"><u>SGS<\/u><\/a>. He ovat auttaneet meit\u00e4 tekem\u00e4\u00e4n kaikki tarvittavat testit laboratoriossaan. Meille&nbsp;on t\u00e4rke\u00e4\u00e4, ettemme tee kompromisseja muotoilun, toiminnan ja laadun suhteen. Tuloksena on kest\u00e4v\u00e4 tuote, jota sin\u00e4 ja lapsesi k\u00e4yt\u00e4tte s\u00e4\u00e4nn\u00f6llisesti.<\/span><o:p><\/o:p><\/p>\n\t\t\t\t\t\t\t\t<\/div>\n\t\t\t\t<\/div>\n\t\t\t\t<section class=\"elementor-section elementor-inner-section elementor-element elementor-element-7474bd6d elementor-section-height-min-height elementor-section-content-bottom elementor-section-boxed elementor-section-height-default\" data-id=\"7474bd6d\" data-element_type=\"section\" data-e-type=\"section\">\n\t\t\t\t\t\t<div class=\"elementor-container elementor-column-gap-wider\">\n\t\t\t\t\t<div class=\"elementor-column elementor-col-33 elementor-inner-column elementor-element elementor-element-584a88bf\" data-id=\"584a88bf\" data-element_type=\"column\" data-e-type=\"column\" data-settings=\"{&quot;background_background&quot;:&quot;classic&quot;}\">\n\t\t\t<div class=\"elementor-widget-wrap elementor-element-populated\">\n\t\t\t\t\t\t<div class=\"elementor-element elementor-element-baa49ed elementor-widget elementor-widget-heading\" data-id=\"baa49ed\" data-element_type=\"widget\" data-e-type=\"widget\" data-widget_type=\"heading.default\">\n\t\t\t\t<div class=\"elementor-widget-container\">\n\t\t\t\t\t<h2 class=\"elementor-heading-title elementor-size-medium\">Suunnittelu<\/h2>\t\t\t\t<\/div>\n\t\t\t\t<\/div>\n\t\t\t\t\t<\/div>\n\t\t<\/div>\n\t\t\t\t<div class=\"elementor-column elementor-col-33 elementor-inner-column elementor-element elementor-element-3b1a0ca4\" data-id=\"3b1a0ca4\" data-element_type=\"column\" data-e-type=\"column\" data-settings=\"{&quot;background_background&quot;:&quot;classic&quot;}\">\n\t\t\t<div class=\"elementor-widget-wrap elementor-element-populated\">\n\t\t\t\t\t\t<div class=\"elementor-element elementor-element-48ba193b elementor-widget elementor-widget-heading\" data-id=\"48ba193b\" data-element_type=\"widget\" data-e-type=\"widget\" data-widget_type=\"heading.default\">\n\t\t\t\t<div class=\"elementor-widget-container\">\n\t\t\t\t\t<h2 class=\"elementor-heading-title elementor-size-medium\">toiminto<\/h2>\t\t\t\t<\/div>\n\t\t\t\t<\/div>\n\t\t\t\t\t<\/div>\n\t\t<\/div>\n\t\t\t\t<div class=\"elementor-column elementor-col-33 elementor-inner-column elementor-element elementor-element-5700110d\" data-id=\"5700110d\" data-element_type=\"column\" data-e-type=\"column\" data-settings=\"{&quot;background_background&quot;:&quot;classic&quot;}\">\n\t\t\t<div class=\"elementor-widget-wrap elementor-element-populated\">\n\t\t\t\t\t\t<div class=\"elementor-element elementor-element-19a24d13 elementor-widget elementor-widget-heading\" data-id=\"19a24d13\" data-element_type=\"widget\" data-e-type=\"widget\" data-widget_type=\"heading.default\">\n\t\t\t\t<div class=\"elementor-widget-container\">\n\t\t\t\t\t<h2 class=\"elementor-heading-title elementor-size-large\">Laatu<\/h2>\t\t\t\t<\/div>\n\t\t\t\t<\/div>\n\t\t\t\t\t<\/div>\n\t\t<\/div>\n\t\t\t\t\t<\/div>\n\t\t<\/section>\n\t\t\t\t\t<\/div>\n\t\t<\/div>\n\t\t\t\t\t<\/div>\n\t\t<\/section>\n\t\t\t\t<\/div>\n\t\t","protected":false},"excerpt":{"rendered":"<p>TietojaMy Little Meal Meist\u00e4 ja tuotteistamme My Little Meal on perhe, jonka vanhemmilla on monen vuoden kokemus elintarvikkeiden hankinnasta ja tuotekehityksest\u00e4, ja he ovat keskittyneet kest\u00e4v\u00e4\u00e4n kehitykseen.&nbsp; Tuotteidemme visio on toimiva muotoilu, joka tekee vanhempien el\u00e4m\u00e4st\u00e4 hieman helpompaa. Koska rakastamme my\u00f6s retki\u00e4 lasten kanssa mets\u00e4\u00e4n ja muille luontoalueille, ymp\u00e4rist\u00f6 ja luonto ovat iso osa perheemme [&hellip;]<\/p>\n","protected":false},"author":1,"featured_media":0,"parent":0,"menu_order":0,"comment_status":"closed","ping_status":"closed","template":"","meta":{"ocean_post_layout":"","ocean_both_sidebars_style":"","ocean_both_sidebars_content_width":0,"ocean_both_sidebars_sidebars_width":0,"ocean_sidebar":"0","ocean_second_sidebar":"0","ocean_disable_margins":"on","ocean_add_body_class":"","ocean_shortcode_before_top_bar":"","ocean_shortcode_after_top_bar":"","ocean_shortcode_before_header":"","ocean_shortcode_after_header":"","ocean_has_shortcode":"","ocean_shortcode_after_title":"","ocean_shortcode_before_footer_widgets":"","ocean_shortcode_after_footer_widgets":"","ocean_shortcode_before_footer_bottom":"","ocean_shortcode_after_footer_bottom":"","ocean_display_top_bar":"off","ocean_display_header":"default","ocean_header_style":"","ocean_center_header_left_menu":"0","ocean_custom_header_template":"0","ocean_custom_logo":0,"ocean_custom_retina_logo":0,"ocean_custom_logo_max_width":0,"ocean_custom_logo_tablet_max_width":0,"ocean_custom_logo_mobile_max_width":0,"ocean_custom_logo_max_height":0,"ocean_custom_logo_tablet_max_height":0,"ocean_custom_logo_mobile_max_height":0,"ocean_header_custom_menu":"0","ocean_menu_typo_font_family":"0","ocean_menu_typo_font_subset":"","ocean_menu_typo_font_size":0,"ocean_menu_typo_font_size_tablet":0,"ocean_menu_typo_font_size_mobile":0,"ocean_menu_typo_font_size_unit":"px","ocean_menu_typo_font_weight":"","ocean_menu_typo_font_weight_tablet":"","ocean_menu_typo_font_weight_mobile":"","ocean_menu_typo_transform":"","ocean_menu_typo_transform_tablet":"","ocean_menu_typo_transform_mobile":"","ocean_menu_typo_line_height":0,"ocean_menu_typo_line_height_tablet":0,"ocean_menu_typo_line_height_mobile":0,"ocean_menu_typo_line_height_unit":"","ocean_menu_typo_spacing":0,"ocean_menu_typo_spacing_tablet":0,"ocean_menu_typo_spacing_mobile":0,"ocean_menu_typo_spacing_unit":"","ocean_menu_link_color":"","ocean_menu_link_color_hover":"","ocean_menu_link_color_active":"","ocean_menu_link_background":"","ocean_menu_link_hover_background":"","ocean_menu_link_active_background":"","ocean_menu_social_links_bg":"","ocean_menu_social_hover_links_bg":"","ocean_menu_social_links_color":"","ocean_menu_social_hover_links_color":"","ocean_disable_title":"on","ocean_disable_heading":"default","ocean_post_title":"","ocean_post_subheading":"","ocean_post_title_style":"","ocean_post_title_background_color":"","ocean_post_title_background":0,"ocean_post_title_bg_image_position":"","ocean_post_title_bg_image_attachment":"","ocean_post_title_bg_image_repeat":"","ocean_post_title_bg_image_size":"","ocean_post_title_height":0,"ocean_post_title_bg_overlay":0.5,"ocean_post_title_bg_overlay_color":"","ocean_disable_breadcrumbs":"default","ocean_breadcrumbs_color":"","ocean_breadcrumbs_separator_color":"","ocean_breadcrumbs_links_color":"","ocean_breadcrumbs_links_hover_color":"","ocean_display_footer_widgets":"default","ocean_display_footer_bottom":"default","ocean_custom_footer_template":"0","footnotes":""},"class_list":["post-39118","page","type-page","status-publish","hentry","entry","owp-thumbs-layout-horizontal","owp-btn-normal","owp-tabs-layout-horizontal","has-no-thumbnails","has-product-nav","circle-sale"],"yoast_head":"<!-- This site is optimized with the Yoast SEO plugin v27.4 - https:\/\/yoast.com\/product\/yoast-seo-wordpress\/ -->\n<title>Tietoja My Little Mealista ja v\u00e4lipalapussien taustaa<\/title>\n<meta name=\"description\" content=\"My Little Meal -yrityksess\u00e4 suhtaudumme intohimoisesti lasten tuotteiden toiminnalliseen suunnitteluun. T\u00e4m\u00e4 on ohjannut meit\u00e4 kehitt\u00e4ess\u00e4mme tuotteitamme vauvanruokaan.\" \/>\n<meta name=\"robots\" content=\"index, follow, max-snippet:-1, max-image-preview:large, max-video-preview:-1\" \/>\n<link rel=\"canonical\" href=\"https:\/\/mylittlemeal.se\/fi\/tietoja-my-little-mealista\/\" \/>\n<meta property=\"og:locale\" content=\"fi_FI\" \/>\n<meta property=\"og:type\" content=\"article\" \/>\n<meta property=\"og:title\" content=\"Tietoja My Little Mealista ja v\u00e4lipalapussien taustaa\" \/>\n<meta property=\"og:description\" content=\"My Little Meal -yrityksess\u00e4 suhtaudumme intohimoisesti lasten tuotteiden toiminnalliseen suunnitteluun. T\u00e4m\u00e4 on ohjannut meit\u00e4 kehitt\u00e4ess\u00e4mme tuotteitamme vauvanruokaan.\" \/>\n<meta property=\"og:url\" content=\"https:\/\/mylittlemeal.se\/fi\/tietoja-my-little-mealista\/\" \/>\n<meta property=\"og:site_name\" content=\"My Little Meal - Kl\u00e4mmisp\u00e5sar\" \/>\n<meta property=\"article:publisher\" content=\"https:\/\/www.facebook.com\/MyLittleMeal\/\" \/>\n<meta property=\"og:image\" content=\"https:\/\/i0.wp.com\/mylittlemeal.se\/wp-content\/uploads\/2020\/01\/Koala_%C3%84ta-kl%C3%A4mmis.jpg?fit=750%2C750&ssl=1\" \/>\n\t<meta property=\"og:image:width\" content=\"750\" \/>\n\t<meta property=\"og:image:height\" content=\"750\" \/>\n\t<meta property=\"og:image:type\" content=\"image\/jpeg\" \/>\n<meta name=\"twitter:card\" content=\"summary_large_image\" \/>\n<meta name=\"twitter:label1\" content=\"Arvioitu lukuaika\" \/>\n\t<meta name=\"twitter:data1\" content=\"1 minuutti\" \/>\n<script type=\"application\/ld+json\" class=\"yoast-schema-graph\">{\"@context\":\"https:\\\/\\\/schema.org\",\"@graph\":[{\"@type\":\"WebPage\",\"@id\":\"https:\\\/\\\/mylittlemeal.se\\\/fi\\\/tietoja-my-little-mealista\\\/\",\"url\":\"https:\\\/\\\/mylittlemeal.se\\\/fi\\\/tietoja-my-little-mealista\\\/\",\"name\":\"Tietoja My Little Mealista ja v\u00e4lipalapussien taustaa\",\"isPartOf\":{\"@id\":\"https:\\\/\\\/mylittlemeal.se\\\/fi\\\/#website\"},\"datePublished\":\"2023-10-06T07:25:27+00:00\",\"description\":\"My Little Meal -yrityksess\u00e4 suhtaudumme intohimoisesti lasten tuotteiden toiminnalliseen suunnitteluun. T\u00e4m\u00e4 on ohjannut meit\u00e4 kehitt\u00e4ess\u00e4mme tuotteitamme vauvanruokaan.\",\"breadcrumb\":{\"@id\":\"https:\\\/\\\/mylittlemeal.se\\\/fi\\\/tietoja-my-little-mealista\\\/#breadcrumb\"},\"inLanguage\":\"fi\",\"potentialAction\":[{\"@type\":\"ReadAction\",\"target\":[\"https:\\\/\\\/mylittlemeal.se\\\/fi\\\/tietoja-my-little-mealista\\\/\"]}]},{\"@type\":\"BreadcrumbList\",\"@id\":\"https:\\\/\\\/mylittlemeal.se\\\/fi\\\/tietoja-my-little-mealista\\\/#breadcrumb\",\"itemListElement\":[{\"@type\":\"ListItem\",\"position\":1,\"name\":\"Hem\",\"item\":\"https:\\\/\\\/mylittlemeal.se\\\/fi\\\/etusivu\\\/\"},{\"@type\":\"ListItem\",\"position\":2,\"name\":\"Tietoja My Little Mealista\"}]},{\"@type\":\"WebSite\",\"@id\":\"https:\\\/\\\/mylittlemeal.se\\\/fi\\\/#website\",\"url\":\"https:\\\/\\\/mylittlemeal.se\\\/fi\\\/\",\"name\":\"My Little Meal - Kl\u00e4mmisp\u00e5sar\",\"description\":\"G\u00f6r Din Egen Kl\u00e4mmis\",\"publisher\":{\"@id\":\"https:\\\/\\\/mylittlemeal.se\\\/fi\\\/#organization\"},\"potentialAction\":[{\"@type\":\"SearchAction\",\"target\":{\"@type\":\"EntryPoint\",\"urlTemplate\":\"https:\\\/\\\/mylittlemeal.se\\\/fi\\\/?s={search_term_string}\"},\"query-input\":{\"@type\":\"PropertyValueSpecification\",\"valueRequired\":true,\"valueName\":\"search_term_string\"}}],\"inLanguage\":\"fi\"},{\"@type\":\"Organization\",\"@id\":\"https:\\\/\\\/mylittlemeal.se\\\/fi\\\/#organization\",\"name\":\"My Little Meal\",\"url\":\"https:\\\/\\\/mylittlemeal.se\\\/fi\\\/\",\"logo\":{\"@type\":\"ImageObject\",\"inLanguage\":\"fi\",\"@id\":\"https:\\\/\\\/mylittlemeal.se\\\/fi\\\/#\\\/schema\\\/logo\\\/image\\\/\",\"url\":\"https:\\\/\\\/mylittlemeal.se\\\/wp-content\\\/uploads\\\/2019\\\/11\\\/My-Little-Meal.png\",\"contentUrl\":\"https:\\\/\\\/mylittlemeal.se\\\/wp-content\\\/uploads\\\/2019\\\/11\\\/My-Little-Meal.png\",\"width\":1772,\"height\":1772,\"caption\":\"My Little Meal\"},\"image\":{\"@id\":\"https:\\\/\\\/mylittlemeal.se\\\/fi\\\/#\\\/schema\\\/logo\\\/image\\\/\"},\"sameAs\":[\"https:\\\/\\\/www.facebook.com\\\/MyLittleMeal\\\/\",\"https:\\\/\\\/www.instagram.com\\\/my_little_meal\\\/\",\"https:\\\/\\\/www.youtube.com\\\/channel\\\/UCJV-jxZ4L8AJbdgdEgS127A\"]}]}<\/script>\n<!-- \/ Yoast SEO plugin. -->","yoast_head_json":{"title":"Tietoja My Little Mealista ja v\u00e4lipalapussien taustaa","description":"My Little Meal -yrityksess\u00e4 suhtaudumme intohimoisesti lasten tuotteiden toiminnalliseen suunnitteluun. T\u00e4m\u00e4 on ohjannut meit\u00e4 kehitt\u00e4ess\u00e4mme tuotteitamme vauvanruokaan.","robots":{"index":"index","follow":"follow","max-snippet":"max-snippet:-1","max-image-preview":"max-image-preview:large","max-video-preview":"max-video-preview:-1"},"canonical":"https:\/\/mylittlemeal.se\/fi\/tietoja-my-little-mealista\/","og_locale":"fi_FI","og_type":"article","og_title":"Tietoja My Little Mealista ja v\u00e4lipalapussien taustaa","og_description":"My Little Meal -yrityksess\u00e4 suhtaudumme intohimoisesti lasten tuotteiden toiminnalliseen suunnitteluun. T\u00e4m\u00e4 on ohjannut meit\u00e4 kehitt\u00e4ess\u00e4mme tuotteitamme vauvanruokaan.","og_url":"https:\/\/mylittlemeal.se\/fi\/tietoja-my-little-mealista\/","og_site_name":"My Little Meal - Kl\u00e4mmisp\u00e5sar","article_publisher":"https:\/\/www.facebook.com\/MyLittleMeal\/","og_image":[{"width":750,"height":750,"url":"https:\/\/i0.wp.com\/mylittlemeal.se\/wp-content\/uploads\/2020\/01\/Koala_%C3%84ta-kl%C3%A4mmis.jpg?fit=750%2C750&ssl=1","type":"image\/jpeg"}],"twitter_card":"summary_large_image","twitter_misc":{"Arvioitu lukuaika":"1 minuutti"},"schema":{"@context":"https:\/\/schema.org","@graph":[{"@type":"WebPage","@id":"https:\/\/mylittlemeal.se\/fi\/tietoja-my-little-mealista\/","url":"https:\/\/mylittlemeal.se\/fi\/tietoja-my-little-mealista\/","name":"Tietoja My Little Mealista ja v\u00e4lipalapussien taustaa","isPartOf":{"@id":"https:\/\/mylittlemeal.se\/fi\/#website"},"datePublished":"2023-10-06T07:25:27+00:00","description":"My Little Meal -yrityksess\u00e4 suhtaudumme intohimoisesti lasten tuotteiden toiminnalliseen suunnitteluun. T\u00e4m\u00e4 on ohjannut meit\u00e4 kehitt\u00e4ess\u00e4mme tuotteitamme vauvanruokaan.","breadcrumb":{"@id":"https:\/\/mylittlemeal.se\/fi\/tietoja-my-little-mealista\/#breadcrumb"},"inLanguage":"fi","potentialAction":[{"@type":"ReadAction","target":["https:\/\/mylittlemeal.se\/fi\/tietoja-my-little-mealista\/"]}]},{"@type":"BreadcrumbList","@id":"https:\/\/mylittlemeal.se\/fi\/tietoja-my-little-mealista\/#breadcrumb","itemListElement":[{"@type":"ListItem","position":1,"name":"Hem","item":"https:\/\/mylittlemeal.se\/fi\/etusivu\/"},{"@type":"ListItem","position":2,"name":"Tietoja My Little Mealista"}]},{"@type":"WebSite","@id":"https:\/\/mylittlemeal.se\/fi\/#website","url":"https:\/\/mylittlemeal.se\/fi\/","name":"My Little Meal - Kl\u00e4mmisp\u00e5sar","description":"G\u00f6r Din Egen Kl\u00e4mmis","publisher":{"@id":"https:\/\/mylittlemeal.se\/fi\/#organization"},"potentialAction":[{"@type":"SearchAction","target":{"@type":"EntryPoint","urlTemplate":"https:\/\/mylittlemeal.se\/fi\/?s={search_term_string}"},"query-input":{"@type":"PropertyValueSpecification","valueRequired":true,"valueName":"search_term_string"}}],"inLanguage":"fi"},{"@type":"Organization","@id":"https:\/\/mylittlemeal.se\/fi\/#organization","name":"My Little Meal","url":"https:\/\/mylittlemeal.se\/fi\/","logo":{"@type":"ImageObject","inLanguage":"fi","@id":"https:\/\/mylittlemeal.se\/fi\/#\/schema\/logo\/image\/","url":"https:\/\/mylittlemeal.se\/wp-content\/uploads\/2019\/11\/My-Little-Meal.png","contentUrl":"https:\/\/mylittlemeal.se\/wp-content\/uploads\/2019\/11\/My-Little-Meal.png","width":1772,"height":1772,"caption":"My Little Meal"},"image":{"@id":"https:\/\/mylittlemeal.se\/fi\/#\/schema\/logo\/image\/"},"sameAs":["https:\/\/www.facebook.com\/MyLittleMeal\/","https:\/\/www.instagram.com\/my_little_meal\/","https:\/\/www.youtube.com\/channel\/UCJV-jxZ4L8AJbdgdEgS127A"]}]}},"jetpack_sharing_enabled":true,"_links":{"self":[{"href":"https:\/\/mylittlemeal.se\/fi\/wp-json\/wp\/v2\/pages\/39118","targetHints":{"allow":["GET"]}}],"collection":[{"href":"https:\/\/mylittlemeal.se\/fi\/wp-json\/wp\/v2\/pages"}],"about":[{"href":"https:\/\/mylittlemeal.se\/fi\/wp-json\/wp\/v2\/types\/page"}],"author":[{"embeddable":true,"href":"https:\/\/mylittlemeal.se\/fi\/wp-json\/wp\/v2\/users\/1"}],"replies":[{"embeddable":true,"href":"https:\/\/mylittlemeal.se\/fi\/wp-json\/wp\/v2\/comments?post=39118"}],"version-history":[{"count":1,"href":"https:\/\/mylittlemeal.se\/fi\/wp-json\/wp\/v2\/pages\/39118\/revisions"}],"predecessor-version":[{"id":39119,"href":"https:\/\/mylittlemeal.se\/fi\/wp-json\/wp\/v2\/pages\/39118\/revisions\/39119"}],"wp:attachment":[{"href":"https:\/\/mylittlemeal.se\/fi\/wp-json\/wp\/v2\/media?parent=39118"}],"curies":[{"name":"wp","href":"https:\/\/api.w.org\/{rel}","templated":true}]}}