{"id":39109,"date":"2023-10-06T07:11:30","date_gmt":"2023-10-06T07:11:30","guid":{"rendered":"https:\/\/mylittlemeal.se\/valipalapussi-resepti\/kesa\/"},"modified":"2023-10-06T07:11:30","modified_gmt":"2023-10-06T07:11:30","slug":"kesa","status":"publish","type":"page","link":"https:\/\/mylittlemeal.se\/fi\/valipalapussi-resepti\/kesa\/","title":{"rendered":"Kes\u00e4"},"content":{"rendered":"\t\t<div data-elementor-type=\"wp-page\" data-elementor-id=\"39109\" class=\"elementor elementor-39109 elementor-4642\">\n\t\t\t\t\t\t<section class=\"elementor-section elementor-top-section elementor-element elementor-element-9205798 elementor-section-full_width elementor-section-stretched elementor-section-height-default elementor-section-height-default\" data-id=\"9205798\" data-element_type=\"section\" data-e-type=\"section\" data-settings=\"{&quot;stretch_section&quot;:&quot;section-stretched&quot;}\">\n\t\t\t\t\t\t\t<div class=\"elementor-background-overlay\"><\/div>\n\t\t\t\t\t\t\t<div class=\"elementor-container elementor-column-gap-default\">\n\t\t\t\t\t<div class=\"elementor-column elementor-col-100 elementor-top-column elementor-element elementor-element-4d38492\" data-id=\"4d38492\" data-element_type=\"column\" data-e-type=\"column\">\n\t\t\t<div class=\"elementor-widget-wrap elementor-element-populated\">\n\t\t\t\t\t\t<div class=\"elementor-element elementor-element-7223222 elementor-widget elementor-widget-heading\" data-id=\"7223222\" data-element_type=\"widget\" data-e-type=\"widget\" data-widget_type=\"heading.default\">\n\t\t\t\t<div class=\"elementor-widget-container\">\n\t\t\t\t\t<h1 class=\"elementor-heading-title elementor-size-default\">Kes\u00e4<\/h1>\t\t\t\t<\/div>\n\t\t\t\t<\/div>\n\t\t\t\t\t<\/div>\n\t\t<\/div>\n\t\t\t\t\t<\/div>\n\t\t<\/section>\n\t\t\t\t<section class=\"elementor-section elementor-top-section elementor-element elementor-element-18de8a89 elementor-section-content-middle elementor-reverse-mobile elementor-section-boxed elementor-section-height-default elementor-section-height-default\" data-id=\"18de8a89\" data-element_type=\"section\" data-e-type=\"section\">\n\t\t\t\t\t\t<div class=\"elementor-container elementor-column-gap-default\">\n\t\t\t\t\t<div class=\"elementor-column elementor-col-50 elementor-top-column elementor-element elementor-element-3cb10a75\" data-id=\"3cb10a75\" data-element_type=\"column\" data-e-type=\"column\">\n\t\t\t<div class=\"elementor-widget-wrap elementor-element-populated\">\n\t\t\t\t\t\t<div class=\"elementor-element elementor-element-1ef87965 elementor-widget elementor-widget-heading\" data-id=\"1ef87965\" data-element_type=\"widget\" data-e-type=\"widget\" data-widget_type=\"heading.default\">\n\t\t\t\t<div class=\"elementor-widget-container\">\n\t\t\t\t\t<h3 class=\"elementor-heading-title elementor-size-large\">Resepti<\/h3>\t\t\t\t<\/div>\n\t\t\t\t<\/div>\n\t\t\t\t<div class=\"elementor-element elementor-element-5509c75 elementor-widget elementor-widget-text-editor\" data-id=\"5509c75\" data-element_type=\"widget\" data-e-type=\"widget\" data-widget_type=\"text-editor.default\">\n\t\t\t\t<div class=\"elementor-widget-container\">\n\t\t\t\t\t\t\t\t\t<p>Ainesosat<\/p>\n\t\t\t\t\t\t\t\t<\/div>\n\t\t\t\t<\/div>\n\t\t\t\t<div class=\"elementor-element elementor-element-1670941 elementor-widget elementor-widget-text-editor\" data-id=\"1670941\" data-element_type=\"widget\" data-e-type=\"widget\" data-widget_type=\"text-editor.default\">\n\t\t\t\t<div class=\"elementor-widget-container\">\n\t\t\t\t\t\t\t\t\t<div>Riitt\u00e4\u00e4 3 v\u00e4lipalapussiin<\/div>\n<ul>\n<li><span style=\"font-size: 14px; color: var( --e-global-color-text );\">2 dl mansikoita<\/span><br><\/li>\n<li><span style=\"font-size: 14px; color: var( --e-global-color-text );\">1 kyps\u00e4 avokado<\/span><br><\/li>\n<li><span style=\"font-size: 14px; color: var( --e-global-color-text );\">1 banaani<\/span><\/li>\n<li>tilkka sitruunamehua<\/li>\n<li><span style=\"font-size: 14px; color: var( --e-global-color-text );\">1 banaani<\/span><\/li>\n<\/ul>\t\t\t\t\t\t\t\t<\/div>\n\t\t\t\t<\/div>\n\t\t\t\t<div class=\"elementor-element elementor-element-a7d6213 elementor-widget elementor-widget-text-editor\" data-id=\"a7d6213\" data-element_type=\"widget\" data-e-type=\"widget\" data-widget_type=\"text-editor.default\">\n\t\t\t\t<div class=\"elementor-widget-container\">\n\t\t\t\t\t\t\t\t\t<p>Valmistelu<\/p>\n\t\t\t\t\t\t\t\t<\/div>\n\t\t\t\t<\/div>\n\t\t\t\t<div class=\"elementor-element elementor-element-6eddf86 elementor-widget elementor-widget-text-editor\" data-id=\"6eddf86\" data-element_type=\"widget\" data-e-type=\"widget\" data-widget_type=\"text-editor.default\">\n\t\t\t\t<div class=\"elementor-widget-container\">\n\t\t\t\t\t\t\t\t\t<ol>\n<li>Kuori banaani ja kuori avokado.<\/li>\n<li>Huuhtele mansikat<\/li>\n<li>Laita kaikki kulhoon ja sekoita sauvasekoittimella.<\/li>\n<li>Lis\u00e4\u00e4 tilkka sitruunamehua ja sekoita.<\/li>\n<\/ol>\n<p>Vinkkej\u00e4! Pakastan aina v\u00e4lipalapussejani, kes\u00e4ll\u00e4 poikani sy\u00f6 niit\u00e4 mielell\u00e4\u00e4n puoliksi sulatettuina. Se on kuin lasi.&nbsp;<\/p>\t\t\t\t\t\t\t\t<\/div>\n\t\t\t\t<\/div>\n\t\t\t\t<div class=\"elementor-element elementor-element-4680dc7f elementor-widget elementor-widget-heading\" data-id=\"4680dc7f\" data-element_type=\"widget\" data-e-type=\"widget\" data-widget_type=\"heading.default\">\n\t\t\t\t<div class=\"elementor-widget-container\">\n\t\t\t\t\t<h5 class=\"elementor-heading-title elementor-size-small\">\/\/Hanna<\/h5>\t\t\t\t<\/div>\n\t\t\t\t<\/div>\n\t\t\t\t\t<\/div>\n\t\t<\/div>\n\t\t\t\t<div class=\"elementor-column elementor-col-50 elementor-top-column elementor-element elementor-element-1c0c164\" data-id=\"1c0c164\" data-element_type=\"column\" data-e-type=\"column\" data-settings=\"{&quot;background_background&quot;:&quot;classic&quot;}\">\n\t\t\t<div class=\"elementor-widget-wrap elementor-element-populated\">\n\t\t\t\t\t\t<div class=\"elementor-element elementor-element-d24915d elementor-widget elementor-widget-image\" data-id=\"d24915d\" data-element_type=\"widget\" data-e-type=\"widget\" data-widget_type=\"image.default\">\n\t\t\t\t<div class=\"elementor-widget-container\">\n\t\t\t\t\t\t\t\t\t\t\t\t\t\t\t<img fetchpriority=\"high\" decoding=\"async\" width=\"768\" height=\"1024\" src=\"https:\/\/i0.wp.com\/mylittlemeal.se\/wp-content\/uploads\/2021\/09\/avokado.jpg?fit=768%2C1024&amp;ssl=1\" class=\"attachment-full size-full wp-image-39094\" alt=\"Kes\u00e4puristin\" srcset=\"https:\/\/i0.wp.com\/mylittlemeal.se\/wp-content\/uploads\/2021\/09\/avokado.jpg?w=768&amp;ssl=1 768w, https:\/\/i0.wp.com\/mylittlemeal.se\/wp-content\/uploads\/2021\/09\/avokado.jpg?resize=225%2C300&amp;ssl=1 225w, https:\/\/i0.wp.com\/mylittlemeal.se\/wp-content\/uploads\/2021\/09\/avokado.jpg?resize=500%2C667&amp;ssl=1 500w\" sizes=\"(max-width: 768px) 100vw, 768px\" \/>\t\t\t\t\t\t\t\t\t\t\t\t\t\t\t<\/div>\n\t\t\t\t<\/div>\n\t\t\t\t\t<\/div>\n\t\t<\/div>\n\t\t\t\t\t<\/div>\n\t\t<\/section>\n\t\t\t\t<\/div>\n\t\t","protected":false},"excerpt":{"rendered":"<p>Kes\u00e4 Resepti Ainesosat Riitt\u00e4\u00e4 3 v\u00e4lipalapussiin 2 dl mansikoita 1 kyps\u00e4 avokado 1 banaani tilkka sitruunamehua 1 banaani Valmistelu Kuori banaani ja kuori avokado. Huuhtele mansikat Laita kaikki kulhoon ja sekoita sauvasekoittimella. Lis\u00e4\u00e4 tilkka sitruunamehua ja sekoita. Vinkkej\u00e4! Pakastan aina v\u00e4lipalapussejani, kes\u00e4ll\u00e4 poikani sy\u00f6 niit\u00e4 mielell\u00e4\u00e4n puoliksi sulatettuina. Se on kuin lasi.&nbsp; \/\/Hanna<\/p>\n","protected":false},"author":1,"featured_media":0,"parent":39086,"menu_order":0,"comment_status":"closed","ping_status":"closed","template":"","meta":{"ocean_post_layout":"full-screen","ocean_both_sidebars_style":"","ocean_both_sidebars_content_width":0,"ocean_both_sidebars_sidebars_width":0,"ocean_sidebar":"0","ocean_second_sidebar":"0","ocean_disable_margins":"on","ocean_add_body_class":"","ocean_shortcode_before_top_bar":"","ocean_shortcode_after_top_bar":"","ocean_shortcode_before_header":"","ocean_shortcode_after_header":"","ocean_has_shortcode":"","ocean_shortcode_after_title":"","ocean_shortcode_before_footer_widgets":"","ocean_shortcode_after_footer_widgets":"","ocean_shortcode_before_footer_bottom":"","ocean_shortcode_after_footer_bottom":"","ocean_display_top_bar":"default","ocean_display_header":"default","ocean_header_style":"","ocean_center_header_left_menu":"0","ocean_custom_header_template":"0","ocean_custom_logo":0,"ocean_custom_retina_logo":0,"ocean_custom_logo_max_width":0,"ocean_custom_logo_tablet_max_width":0,"ocean_custom_logo_mobile_max_width":0,"ocean_custom_logo_max_height":0,"ocean_custom_logo_tablet_max_height":0,"ocean_custom_logo_mobile_max_height":0,"ocean_header_custom_menu":"0","ocean_menu_typo_font_family":"ABeeZee","ocean_menu_typo_font_subset":"","ocean_menu_typo_font_size":0,"ocean_menu_typo_font_size_tablet":0,"ocean_menu_typo_font_size_mobile":0,"ocean_menu_typo_font_size_unit":"px","ocean_menu_typo_font_weight":"","ocean_menu_typo_font_weight_tablet":"","ocean_menu_typo_font_weight_mobile":"","ocean_menu_typo_transform":"","ocean_menu_typo_transform_tablet":"","ocean_menu_typo_transform_mobile":"","ocean_menu_typo_line_height":0,"ocean_menu_typo_line_height_tablet":0,"ocean_menu_typo_line_height_mobile":0,"ocean_menu_typo_line_height_unit":"","ocean_menu_typo_spacing":0,"ocean_menu_typo_spacing_tablet":0,"ocean_menu_typo_spacing_mobile":0,"ocean_menu_typo_spacing_unit":"","ocean_menu_link_color":"","ocean_menu_link_color_hover":"","ocean_menu_link_color_active":"","ocean_menu_link_background":"","ocean_menu_link_hover_background":"","ocean_menu_link_active_background":"","ocean_menu_social_links_bg":"","ocean_menu_social_hover_links_bg":"","ocean_menu_social_links_color":"","ocean_menu_social_hover_links_color":"","ocean_disable_title":"on","ocean_disable_heading":"default","ocean_post_title":"","ocean_post_subheading":"","ocean_post_title_style":"","ocean_post_title_background_color":"","ocean_post_title_background":0,"ocean_post_title_bg_image_position":"","ocean_post_title_bg_image_attachment":"","ocean_post_title_bg_image_repeat":"","ocean_post_title_bg_image_size":"","ocean_post_title_height":0,"ocean_post_title_bg_overlay":0.5,"ocean_post_title_bg_overlay_color":"","ocean_disable_breadcrumbs":"default","ocean_breadcrumbs_color":"","ocean_breadcrumbs_separator_color":"","ocean_breadcrumbs_links_color":"","ocean_breadcrumbs_links_hover_color":"","ocean_display_footer_widgets":"default","ocean_display_footer_bottom":"default","ocean_custom_footer_template":"504","footnotes":""},"class_list":["post-39109","page","type-page","status-publish","hentry","entry","owp-thumbs-layout-horizontal","owp-btn-normal","owp-tabs-layout-horizontal","has-no-thumbnails","has-product-nav","circle-sale"],"yoast_head":"<!-- This site is optimized with the Yoast SEO plugin v27.4 - https:\/\/yoast.com\/product\/yoast-seo-wordpress\/ -->\n<title>Kes\u00e4 - My Little Meal - Kl\u00e4mmisp\u00e5sar<\/title>\n<meta name=\"robots\" content=\"index, follow, max-snippet:-1, max-image-preview:large, max-video-preview:-1\" \/>\n<link rel=\"canonical\" href=\"https:\/\/mylittlemeal.se\/fi\/valipalapussi-resepti\/kesa\/\" \/>\n<meta property=\"og:locale\" content=\"fi_FI\" \/>\n<meta property=\"og:type\" content=\"article\" \/>\n<meta property=\"og:title\" content=\"Kes\u00e4 - My Little Meal - Kl\u00e4mmisp\u00e5sar\" \/>\n<meta property=\"og:description\" content=\"Kes\u00e4 Resepti Ainesosat Riitt\u00e4\u00e4 3 v\u00e4lipalapussiin 2 dl mansikoita 1 kyps\u00e4 avokado 1 banaani tilkka sitruunamehua 1 banaani Valmistelu Kuori banaani ja kuori avokado. Huuhtele mansikat Laita kaikki kulhoon ja sekoita sauvasekoittimella. Lis\u00e4\u00e4 tilkka sitruunamehua ja sekoita. Vinkkej\u00e4! Pakastan aina v\u00e4lipalapussejani, kes\u00e4ll\u00e4 poikani sy\u00f6 niit\u00e4 mielell\u00e4\u00e4n puoliksi sulatettuina. Se on kuin lasi.&nbsp; \/\/Hanna\" \/>\n<meta property=\"og:url\" content=\"https:\/\/mylittlemeal.se\/fi\/valipalapussi-resepti\/kesa\/\" \/>\n<meta property=\"og:site_name\" content=\"My Little Meal - Kl\u00e4mmisp\u00e5sar\" \/>\n<meta property=\"article:publisher\" content=\"https:\/\/www.facebook.com\/MyLittleMeal\/\" \/>\n<meta property=\"og:image\" content=\"https:\/\/i0.wp.com\/mylittlemeal.se\/wp-content\/uploads\/2021\/09\/avokado.jpg?fit=768%2C1024&amp;ssl=1\" \/>\n<meta name=\"twitter:card\" content=\"summary_large_image\" \/>\n<script type=\"application\/ld+json\" class=\"yoast-schema-graph\">{\"@context\":\"https:\\\/\\\/schema.org\",\"@graph\":[{\"@type\":\"WebPage\",\"@id\":\"https:\\\/\\\/mylittlemeal.se\\\/fi\\\/valipalapussi-resepti\\\/kesa\\\/\",\"url\":\"https:\\\/\\\/mylittlemeal.se\\\/fi\\\/valipalapussi-resepti\\\/kesa\\\/\",\"name\":\"Kes\u00e4 - My Little Meal - Kl\u00e4mmisp\u00e5sar\",\"isPartOf\":{\"@id\":\"https:\\\/\\\/mylittlemeal.se\\\/fi\\\/#website\"},\"primaryImageOfPage\":{\"@id\":\"https:\\\/\\\/mylittlemeal.se\\\/fi\\\/valipalapussi-resepti\\\/kesa\\\/#primaryimage\"},\"image\":{\"@id\":\"https:\\\/\\\/mylittlemeal.se\\\/fi\\\/valipalapussi-resepti\\\/kesa\\\/#primaryimage\"},\"thumbnailUrl\":\"https:\\\/\\\/i0.wp.com\\\/mylittlemeal.se\\\/wp-content\\\/uploads\\\/2021\\\/09\\\/avokado.jpg?fit=768%2C1024&amp;ssl=1\",\"datePublished\":\"2023-10-06T07:11:30+00:00\",\"breadcrumb\":{\"@id\":\"https:\\\/\\\/mylittlemeal.se\\\/fi\\\/valipalapussi-resepti\\\/kesa\\\/#breadcrumb\"},\"inLanguage\":\"fi\",\"potentialAction\":[{\"@type\":\"ReadAction\",\"target\":[\"https:\\\/\\\/mylittlemeal.se\\\/fi\\\/valipalapussi-resepti\\\/kesa\\\/\"]}]},{\"@type\":\"ImageObject\",\"inLanguage\":\"fi\",\"@id\":\"https:\\\/\\\/mylittlemeal.se\\\/fi\\\/valipalapussi-resepti\\\/kesa\\\/#primaryimage\",\"url\":\"https:\\\/\\\/i0.wp.com\\\/mylittlemeal.se\\\/wp-content\\\/uploads\\\/2021\\\/09\\\/avokado.jpg?fit=768%2C1024&amp;ssl=1\",\"contentUrl\":\"https:\\\/\\\/i0.wp.com\\\/mylittlemeal.se\\\/wp-content\\\/uploads\\\/2021\\\/09\\\/avokado.jpg?fit=768%2C1024&amp;ssl=1\"},{\"@type\":\"BreadcrumbList\",\"@id\":\"https:\\\/\\\/mylittlemeal.se\\\/fi\\\/valipalapussi-resepti\\\/kesa\\\/#breadcrumb\",\"itemListElement\":[{\"@type\":\"ListItem\",\"position\":1,\"name\":\"Hem\",\"item\":\"https:\\\/\\\/mylittlemeal.se\\\/fi\\\/etusivu\\\/\"},{\"@type\":\"ListItem\",\"position\":2,\"name\":\"V\u00e4lipalapussi resepti\",\"item\":\"https:\\\/\\\/mylittlemeal.se\\\/fi\\\/klammis-recept\\\/\"},{\"@type\":\"ListItem\",\"position\":3,\"name\":\"Kes\u00e4\"}]},{\"@type\":\"WebSite\",\"@id\":\"https:\\\/\\\/mylittlemeal.se\\\/fi\\\/#website\",\"url\":\"https:\\\/\\\/mylittlemeal.se\\\/fi\\\/\",\"name\":\"My Little Meal - Kl\u00e4mmisp\u00e5sar\",\"description\":\"G\u00f6r Din Egen Kl\u00e4mmis\",\"publisher\":{\"@id\":\"https:\\\/\\\/mylittlemeal.se\\\/fi\\\/#organization\"},\"potentialAction\":[{\"@type\":\"SearchAction\",\"target\":{\"@type\":\"EntryPoint\",\"urlTemplate\":\"https:\\\/\\\/mylittlemeal.se\\\/fi\\\/?s={search_term_string}\"},\"query-input\":{\"@type\":\"PropertyValueSpecification\",\"valueRequired\":true,\"valueName\":\"search_term_string\"}}],\"inLanguage\":\"fi\"},{\"@type\":\"Organization\",\"@id\":\"https:\\\/\\\/mylittlemeal.se\\\/fi\\\/#organization\",\"name\":\"My Little Meal\",\"url\":\"https:\\\/\\\/mylittlemeal.se\\\/fi\\\/\",\"logo\":{\"@type\":\"ImageObject\",\"inLanguage\":\"fi\",\"@id\":\"https:\\\/\\\/mylittlemeal.se\\\/fi\\\/#\\\/schema\\\/logo\\\/image\\\/\",\"url\":\"https:\\\/\\\/mylittlemeal.se\\\/wp-content\\\/uploads\\\/2019\\\/11\\\/My-Little-Meal.png\",\"contentUrl\":\"https:\\\/\\\/mylittlemeal.se\\\/wp-content\\\/uploads\\\/2019\\\/11\\\/My-Little-Meal.png\",\"width\":1772,\"height\":1772,\"caption\":\"My Little Meal\"},\"image\":{\"@id\":\"https:\\\/\\\/mylittlemeal.se\\\/fi\\\/#\\\/schema\\\/logo\\\/image\\\/\"},\"sameAs\":[\"https:\\\/\\\/www.facebook.com\\\/MyLittleMeal\\\/\",\"https:\\\/\\\/www.instagram.com\\\/my_little_meal\\\/\",\"https:\\\/\\\/www.youtube.com\\\/channel\\\/UCJV-jxZ4L8AJbdgdEgS127A\"]}]}<\/script>\n<!-- \/ Yoast SEO plugin. -->","yoast_head_json":{"title":"Kes\u00e4 - My Little Meal - Kl\u00e4mmisp\u00e5sar","robots":{"index":"index","follow":"follow","max-snippet":"max-snippet:-1","max-image-preview":"max-image-preview:large","max-video-preview":"max-video-preview:-1"},"canonical":"https:\/\/mylittlemeal.se\/fi\/valipalapussi-resepti\/kesa\/","og_locale":"fi_FI","og_type":"article","og_title":"Kes\u00e4 - My Little Meal - Kl\u00e4mmisp\u00e5sar","og_description":"Kes\u00e4 Resepti Ainesosat Riitt\u00e4\u00e4 3 v\u00e4lipalapussiin 2 dl mansikoita 1 kyps\u00e4 avokado 1 banaani tilkka sitruunamehua 1 banaani Valmistelu Kuori banaani ja kuori avokado. Huuhtele mansikat Laita kaikki kulhoon ja sekoita sauvasekoittimella. Lis\u00e4\u00e4 tilkka sitruunamehua ja sekoita. Vinkkej\u00e4! Pakastan aina v\u00e4lipalapussejani, kes\u00e4ll\u00e4 poikani sy\u00f6 niit\u00e4 mielell\u00e4\u00e4n puoliksi sulatettuina. Se on kuin lasi.&nbsp; \/\/Hanna","og_url":"https:\/\/mylittlemeal.se\/fi\/valipalapussi-resepti\/kesa\/","og_site_name":"My Little Meal - Kl\u00e4mmisp\u00e5sar","article_publisher":"https:\/\/www.facebook.com\/MyLittleMeal\/","og_image":[{"url":"https:\/\/i0.wp.com\/mylittlemeal.se\/wp-content\/uploads\/2021\/09\/avokado.jpg?fit=768%2C1024&amp;ssl=1","type":"","width":"","height":""}],"twitter_card":"summary_large_image","schema":{"@context":"https:\/\/schema.org","@graph":[{"@type":"WebPage","@id":"https:\/\/mylittlemeal.se\/fi\/valipalapussi-resepti\/kesa\/","url":"https:\/\/mylittlemeal.se\/fi\/valipalapussi-resepti\/kesa\/","name":"Kes\u00e4 - My Little Meal - Kl\u00e4mmisp\u00e5sar","isPartOf":{"@id":"https:\/\/mylittlemeal.se\/fi\/#website"},"primaryImageOfPage":{"@id":"https:\/\/mylittlemeal.se\/fi\/valipalapussi-resepti\/kesa\/#primaryimage"},"image":{"@id":"https:\/\/mylittlemeal.se\/fi\/valipalapussi-resepti\/kesa\/#primaryimage"},"thumbnailUrl":"https:\/\/i0.wp.com\/mylittlemeal.se\/wp-content\/uploads\/2021\/09\/avokado.jpg?fit=768%2C1024&amp;ssl=1","datePublished":"2023-10-06T07:11:30+00:00","breadcrumb":{"@id":"https:\/\/mylittlemeal.se\/fi\/valipalapussi-resepti\/kesa\/#breadcrumb"},"inLanguage":"fi","potentialAction":[{"@type":"ReadAction","target":["https:\/\/mylittlemeal.se\/fi\/valipalapussi-resepti\/kesa\/"]}]},{"@type":"ImageObject","inLanguage":"fi","@id":"https:\/\/mylittlemeal.se\/fi\/valipalapussi-resepti\/kesa\/#primaryimage","url":"https:\/\/i0.wp.com\/mylittlemeal.se\/wp-content\/uploads\/2021\/09\/avokado.jpg?fit=768%2C1024&amp;ssl=1","contentUrl":"https:\/\/i0.wp.com\/mylittlemeal.se\/wp-content\/uploads\/2021\/09\/avokado.jpg?fit=768%2C1024&amp;ssl=1"},{"@type":"BreadcrumbList","@id":"https:\/\/mylittlemeal.se\/fi\/valipalapussi-resepti\/kesa\/#breadcrumb","itemListElement":[{"@type":"ListItem","position":1,"name":"Hem","item":"https:\/\/mylittlemeal.se\/fi\/etusivu\/"},{"@type":"ListItem","position":2,"name":"V\u00e4lipalapussi resepti","item":"https:\/\/mylittlemeal.se\/fi\/klammis-recept\/"},{"@type":"ListItem","position":3,"name":"Kes\u00e4"}]},{"@type":"WebSite","@id":"https:\/\/mylittlemeal.se\/fi\/#website","url":"https:\/\/mylittlemeal.se\/fi\/","name":"My Little Meal - Kl\u00e4mmisp\u00e5sar","description":"G\u00f6r Din Egen Kl\u00e4mmis","publisher":{"@id":"https:\/\/mylittlemeal.se\/fi\/#organization"},"potentialAction":[{"@type":"SearchAction","target":{"@type":"EntryPoint","urlTemplate":"https:\/\/mylittlemeal.se\/fi\/?s={search_term_string}"},"query-input":{"@type":"PropertyValueSpecification","valueRequired":true,"valueName":"search_term_string"}}],"inLanguage":"fi"},{"@type":"Organization","@id":"https:\/\/mylittlemeal.se\/fi\/#organization","name":"My Little Meal","url":"https:\/\/mylittlemeal.se\/fi\/","logo":{"@type":"ImageObject","inLanguage":"fi","@id":"https:\/\/mylittlemeal.se\/fi\/#\/schema\/logo\/image\/","url":"https:\/\/mylittlemeal.se\/wp-content\/uploads\/2019\/11\/My-Little-Meal.png","contentUrl":"https:\/\/mylittlemeal.se\/wp-content\/uploads\/2019\/11\/My-Little-Meal.png","width":1772,"height":1772,"caption":"My Little Meal"},"image":{"@id":"https:\/\/mylittlemeal.se\/fi\/#\/schema\/logo\/image\/"},"sameAs":["https:\/\/www.facebook.com\/MyLittleMeal\/","https:\/\/www.instagram.com\/my_little_meal\/","https:\/\/www.youtube.com\/channel\/UCJV-jxZ4L8AJbdgdEgS127A"]}]}},"jetpack_sharing_enabled":true,"_links":{"self":[{"href":"https:\/\/mylittlemeal.se\/fi\/wp-json\/wp\/v2\/pages\/39109","targetHints":{"allow":["GET"]}}],"collection":[{"href":"https:\/\/mylittlemeal.se\/fi\/wp-json\/wp\/v2\/pages"}],"about":[{"href":"https:\/\/mylittlemeal.se\/fi\/wp-json\/wp\/v2\/types\/page"}],"author":[{"embeddable":true,"href":"https:\/\/mylittlemeal.se\/fi\/wp-json\/wp\/v2\/users\/1"}],"replies":[{"embeddable":true,"href":"https:\/\/mylittlemeal.se\/fi\/wp-json\/wp\/v2\/comments?post=39109"}],"version-history":[{"count":1,"href":"https:\/\/mylittlemeal.se\/fi\/wp-json\/wp\/v2\/pages\/39109\/revisions"}],"predecessor-version":[{"id":39110,"href":"https:\/\/mylittlemeal.se\/fi\/wp-json\/wp\/v2\/pages\/39109\/revisions\/39110"}],"up":[{"embeddable":true,"href":"https:\/\/mylittlemeal.se\/fi\/wp-json\/wp\/v2\/pages\/39086"}],"wp:attachment":[{"href":"https:\/\/mylittlemeal.se\/fi\/wp-json\/wp\/v2\/media?parent=39109"}],"curies":[{"name":"wp","href":"https:\/\/api.w.org\/{rel}","templated":true}]}}