{"id":57228,"date":"2026-01-31T19:27:56","date_gmt":"2026-01-31T19:27:56","guid":{"rendered":"https:\/\/mylittlemeal.se\/produkter\/my-first-straw-silikonesugeroer-til-smaa-boern-1-5-aar-5-pak\/"},"modified":"2026-04-20T17:55:06","modified_gmt":"2026-04-20T17:55:06","slug":"my-first-straw-silikonesugeroer-til-smaa-boern-1-5-aar-5-pak","status":"publish","type":"product","link":"https:\/\/mylittlemeal.se\/da\/produkter\/my-first-straw-silikonesugeroer-til-smaa-boern-1-5-aar-5-pak\/","title":{"rendered":"My First Straw \u2013 silikonesuger\u00f8r til sm\u00e5 b\u00f8rn (1\u20135 \u00e5r), 5-pak"},"content":{"rendered":"<p>My First Straw er et n\u00f8je udvalgt 5-pak silikonesuger\u00f8r, specielt udviklet til sm\u00e5 b\u00f8rn mellem 1\u20135 \u00e5r. Suger\u00f8rene har en kortere, b\u00f8rnetilpasset l\u00e6ngde, som passer perfekt til mindre kopper \u2013 for eksempel popul\u00e6re b\u00f8rnekopper som KALAS-modellen fra IKEA.<br \/>Fremstillet af bl\u00f8d og f\u00f8devaregodkendt silikone er My First Straw sk\u00e5nsomme mod sm\u00e5 munde, t\u00e6nder og tandk\u00f8d. De er et trygt alternativ til h\u00e5rde plast- eller metalr\u00f8r og egner sig lige s\u00e5 godt til vand, smoothie, m\u00e6lk eller v\u00e6lling.<br \/>Alle suger\u00f8r er testet og bevidst, omhyggeligt udvalgt af My Little Meal med fokus p\u00e5 b\u00f8rnesikkerhed, funktion og holdbarhed. For os er det vigtigt, at produkter til b\u00f8rn holder h\u00f8j kvalitet \u2013 b\u00e5de for dit barn og for milj\u00f8et.   <\/p>\n<p>Derfor elsker for\u00e6ldre My First Straw:<\/p>\n<p>&#8211; Tilpasset b\u00f8rn i alderen 1\u20135 \u00e5r<br \/>\n&#8211; Perfekt l\u00e6ngde til mindre kopper<br \/>\n&#8211; Genanvendelige &amp; milj\u00f8venlige<br \/>\n&#8211; Bl\u00f8de og sk\u00e5nsomme mod munden<br \/>\n&#8211; Nemme at reng\u00f8re \u2013 t\u00e5ler opvaskemaskine<br \/>\n&#8211; Reng\u00f8ringsb\u00f8rste medf\u00f8lger til nem h\u00e5ndopvask<\/p>\n<p>Ved at v\u00e6lge genanvendelige silikonesuger\u00f8r reducerer du engangsplast og tr\u00e6ffer et bevidst valg for en mere b\u00e6redygtig hverdag \u2013 uden at g\u00e5 p\u00e5 kompromis med barnets tryghed eller brugervenlighed.<br \/>My First Straw er det oplagte f\u00f8rste suger\u00f8r til sm\u00e5 b\u00f8rn \u2013 udviklet til sm\u00e5 h\u00e6nder, sm\u00e5 munde og milj\u00f8et.<\/p>\n","protected":false},"excerpt":{"rendered":"<p>My First Straw er et 5-pak bl\u00f8de silikonesuger\u00f8r til b\u00f8rn i alderen 1\u20135 \u00e5r. Den kortere l\u00e6ngde passer perfekt til sm\u00e5 kopper, for eksempel IKEA KALAS. Fremstillet af f\u00f8devaregodkendt silikone og n\u00f8je udvalgt af My Little Meal med fokus p\u00e5 b\u00f8rnesikkerhed og holdbarhed. Genanvendelige, sk\u00e5nsomme mod sm\u00e5 munde og nemme at reng\u00f8re \u2013 b\u00e5de i opvaskemaskine og i h\u00e5nden med den medf\u00f8lgende b\u00f8rste.   <\/p>\n","protected":false},"featured_media":57254,"template":"","meta":{"ocean_post_layout":"","ocean_both_sidebars_style":"","ocean_both_sidebars_content_width":0,"ocean_both_sidebars_sidebars_width":0,"ocean_sidebar":"0","ocean_second_sidebar":"0","ocean_disable_margins":"enable","ocean_add_body_class":"","ocean_shortcode_before_top_bar":"","ocean_shortcode_after_top_bar":"","ocean_shortcode_before_header":"","ocean_shortcode_after_header":"","ocean_has_shortcode":"","ocean_shortcode_after_title":"","ocean_shortcode_before_footer_widgets":"","ocean_shortcode_after_footer_widgets":"","ocean_shortcode_before_footer_bottom":"","ocean_shortcode_after_footer_bottom":"","ocean_display_top_bar":"default","ocean_display_header":"default","ocean_header_style":"","ocean_center_header_left_menu":"0","ocean_custom_header_template":"0","ocean_custom_logo":0,"ocean_custom_retina_logo":0,"ocean_custom_logo_max_width":0,"ocean_custom_logo_tablet_max_width":0,"ocean_custom_logo_mobile_max_width":0,"ocean_custom_logo_max_height":0,"ocean_custom_logo_tablet_max_height":0,"ocean_custom_logo_mobile_max_height":0,"ocean_header_custom_menu":"0","ocean_menu_typo_font_family":"0","ocean_menu_typo_font_subset":"","ocean_menu_typo_font_size":0,"ocean_menu_typo_font_size_tablet":0,"ocean_menu_typo_font_size_mobile":0,"ocean_menu_typo_font_size_unit":"px","ocean_menu_typo_font_weight":"","ocean_menu_typo_font_weight_tablet":"","ocean_menu_typo_font_weight_mobile":"","ocean_menu_typo_transform":"","ocean_menu_typo_transform_tablet":"","ocean_menu_typo_transform_mobile":"","ocean_menu_typo_line_height":0,"ocean_menu_typo_line_height_tablet":0,"ocean_menu_typo_line_height_mobile":0,"ocean_menu_typo_line_height_unit":"","ocean_menu_typo_spacing":0,"ocean_menu_typo_spacing_tablet":0,"ocean_menu_typo_spacing_mobile":0,"ocean_menu_typo_spacing_unit":"","ocean_menu_link_color":"","ocean_menu_link_color_hover":"","ocean_menu_link_color_active":"","ocean_menu_link_background":"","ocean_menu_link_hover_background":"","ocean_menu_link_active_background":"","ocean_menu_social_links_bg":"","ocean_menu_social_hover_links_bg":"","ocean_menu_social_links_color":"","ocean_menu_social_hover_links_color":"","ocean_disable_title":"enable","ocean_disable_heading":"on","ocean_post_title":"","ocean_post_subheading":"","ocean_post_title_style":"background-image","ocean_post_title_background_color":"","ocean_post_title_background":38959,"ocean_post_title_bg_image_position":"","ocean_post_title_bg_image_attachment":"","ocean_post_title_bg_image_repeat":"","ocean_post_title_bg_image_size":"","ocean_post_title_height":0,"ocean_post_title_bg_overlay":0.5,"ocean_post_title_bg_overlay_color":"","ocean_disable_breadcrumbs":"on","ocean_breadcrumbs_color":"","ocean_breadcrumbs_separator_color":"","ocean_breadcrumbs_links_color":"","ocean_breadcrumbs_links_hover_color":"","ocean_display_footer_widgets":"default","ocean_display_footer_bottom":"default","ocean_custom_footer_template":"0"},"product_brand":[],"product_cat":[97],"product_tag":[164,163],"class_list":{"0":"post-57228","1":"product","2":"type-product","3":"status-publish","4":"has-post-thumbnail","6":"product_cat-my-little-meal-madpose","7":"product_tag-my-little-meal","8":"product_tag-silikonesugeror","10":"entry","11":"has-media","13":"first","14":"instock","15":"taxable","16":"shipping-taxable","17":"purchasable","18":"product-type-simple","19":"has-product-nav","20":"col","21":"span_1_of_3","22":"owp-content-center","23":"owp-thumbs-layout-horizontal","24":"owp-btn-normal","25":"owp-tabs-layout-horizontal","27":"circle-sale"},"yoast_head":"<!-- This site is optimized with the Yoast SEO plugin v27.5 - https:\/\/yoast.com\/product\/yoast-seo-wordpress\/ -->\n<title>My First Straw \u2013 silikonesuger\u00f8r til sm\u00e5 b\u00f8rn (1\u20135 \u00e5r), 5-pak - My Little Meal - Kl\u00e4mmisp\u00e5sar<\/title>\n<meta name=\"description\" content=\"My First Straw \u2013 bl\u00f8de silikonesuger\u00f8r til b\u00f8rn 1\u20135 \u00e5r. Perfekt l\u00e6ngde til sm\u00e5 kopper. Genanvendelige, t\u00e5ler opvaskemaskine &amp; leveres med b\u00f8rste.\" \/>\n<meta name=\"robots\" content=\"index, follow, max-snippet:-1, max-image-preview:large, max-video-preview:-1\" \/>\n<link rel=\"canonical\" href=\"https:\/\/mylittlemeal.se\/da\/produkter\/my-first-straw-silikonesugeroer-til-smaa-boern-1-5-aar-5-pak\/\" \/>\n<meta property=\"og:locale\" content=\"da_DK\" \/>\n<meta property=\"og:type\" content=\"article\" \/>\n<meta property=\"og:title\" content=\"My First Straw \u2013 silikonesuger\u00f8r til sm\u00e5 b\u00f8rn (1\u20135 \u00e5r), 5-pak - My Little Meal - Kl\u00e4mmisp\u00e5sar\" \/>\n<meta property=\"og:description\" content=\"My First Straw \u2013 bl\u00f8de silikonesuger\u00f8r til b\u00f8rn 1\u20135 \u00e5r. Perfekt l\u00e6ngde til sm\u00e5 kopper. Genanvendelige, t\u00e5ler opvaskemaskine &amp; leveres med b\u00f8rste.\" \/>\n<meta property=\"og:url\" content=\"https:\/\/mylittlemeal.se\/da\/produkter\/my-first-straw-silikonesugeroer-til-smaa-boern-1-5-aar-5-pak\/\" \/>\n<meta property=\"og:site_name\" content=\"My Little Meal - Kl\u00e4mmisp\u00e5sar\" \/>\n<meta property=\"article:publisher\" content=\"https:\/\/www.facebook.com\/MyLittleMeal\/\" \/>\n<meta property=\"article:modified_time\" content=\"2026-04-20T17:55:06+00:00\" \/>\n<meta property=\"og:image\" content=\"https:\/\/i0.wp.com\/mylittlemeal.se\/wp-content\/uploads\/2026\/01\/Silikonsugror_My-Little-Meal_Produktbild-3.jpg?fit=1124%2C1122&ssl=1\" \/>\n\t<meta property=\"og:image:width\" content=\"1124\" \/>\n\t<meta property=\"og:image:height\" content=\"1122\" \/>\n\t<meta property=\"og:image:type\" content=\"image\/jpeg\" \/>\n<meta name=\"twitter:card\" content=\"summary_large_image\" \/>\n<meta name=\"twitter:label1\" content=\"Estimeret l\u00e6setid\" \/>\n\t<meta name=\"twitter:data1\" content=\"1 minut\" \/>\n<script type=\"application\/ld+json\" class=\"yoast-schema-graph\">{\"@context\":\"https:\\\/\\\/schema.org\",\"@graph\":[{\"@type\":[\"WebPage\",\"ItemPage\"],\"@id\":\"https:\\\/\\\/mylittlemeal.se\\\/da\\\/produkter\\\/my-first-straw-silikonesugeroer-til-smaa-boern-1-5-aar-5-pak\\\/\",\"url\":\"https:\\\/\\\/mylittlemeal.se\\\/da\\\/produkter\\\/my-first-straw-silikonesugeroer-til-smaa-boern-1-5-aar-5-pak\\\/\",\"name\":\"My First Straw \u2013 silikonesuger\u00f8r til sm\u00e5 b\u00f8rn (1\u20135 \u00e5r), 5-pak - My Little Meal - Kl\u00e4mmisp\u00e5sar\",\"isPartOf\":{\"@id\":\"https:\\\/\\\/mylittlemeal.se\\\/da\\\/#website\"},\"primaryImageOfPage\":{\"@id\":\"https:\\\/\\\/mylittlemeal.se\\\/da\\\/produkter\\\/my-first-straw-silikonesugeroer-til-smaa-boern-1-5-aar-5-pak\\\/#primaryimage\"},\"image\":{\"@id\":\"https:\\\/\\\/mylittlemeal.se\\\/da\\\/produkter\\\/my-first-straw-silikonesugeroer-til-smaa-boern-1-5-aar-5-pak\\\/#primaryimage\"},\"thumbnailUrl\":\"https:\\\/\\\/i0.wp.com\\\/mylittlemeal.se\\\/wp-content\\\/uploads\\\/2026\\\/01\\\/Silikonsugror_My-Little-Meal_Produktbild-3.jpg?fit=1124%2C1122&ssl=1\",\"datePublished\":\"2026-01-31T19:27:56+00:00\",\"dateModified\":\"2026-04-20T17:55:06+00:00\",\"description\":\"My First Straw \u2013 bl\u00f8de silikonesuger\u00f8r til b\u00f8rn 1\u20135 \u00e5r. Perfekt l\u00e6ngde til sm\u00e5 kopper. Genanvendelige, t\u00e5ler opvaskemaskine & leveres med b\u00f8rste.\",\"breadcrumb\":{\"@id\":\"https:\\\/\\\/mylittlemeal.se\\\/da\\\/produkter\\\/my-first-straw-silikonesugeroer-til-smaa-boern-1-5-aar-5-pak\\\/#breadcrumb\"},\"inLanguage\":\"da-DK\",\"potentialAction\":[{\"@type\":\"ReadAction\",\"target\":[\"https:\\\/\\\/mylittlemeal.se\\\/da\\\/produkter\\\/my-first-straw-silikonesugeroer-til-smaa-boern-1-5-aar-5-pak\\\/\"]}]},{\"@type\":\"ImageObject\",\"inLanguage\":\"da-DK\",\"@id\":\"https:\\\/\\\/mylittlemeal.se\\\/da\\\/produkter\\\/my-first-straw-silikonesugeroer-til-smaa-boern-1-5-aar-5-pak\\\/#primaryimage\",\"url\":\"https:\\\/\\\/i0.wp.com\\\/mylittlemeal.se\\\/wp-content\\\/uploads\\\/2026\\\/01\\\/Silikonsugror_My-Little-Meal_Produktbild-3.jpg?fit=1124%2C1122&ssl=1\",\"contentUrl\":\"https:\\\/\\\/i0.wp.com\\\/mylittlemeal.se\\\/wp-content\\\/uploads\\\/2026\\\/01\\\/Silikonsugror_My-Little-Meal_Produktbild-3.jpg?fit=1124%2C1122&ssl=1\",\"width\":1124,\"height\":1122,\"caption\":\"My Little Meal - Silikonesuger\u00f8r\"},{\"@type\":\"BreadcrumbList\",\"@id\":\"https:\\\/\\\/mylittlemeal.se\\\/da\\\/produkter\\\/my-first-straw-silikonesugeroer-til-smaa-boern-1-5-aar-5-pak\\\/#breadcrumb\",\"itemListElement\":[{\"@type\":\"ListItem\",\"position\":1,\"name\":\"Hem\",\"item\":\"https:\\\/\\\/mylittlemeal.se\\\/da\\\/hjem\\\/\"},{\"@type\":\"ListItem\",\"position\":2,\"name\":\"Produkter\",\"item\":\"https:\\\/\\\/mylittlemeal.se\\\/da\\\/produkter\\\/\"},{\"@type\":\"ListItem\",\"position\":3,\"name\":\"My First Straw \u2013 silikonesuger\u00f8r til sm\u00e5 b\u00f8rn (1\u20135 \u00e5r), 5-pak\"}]},{\"@type\":\"WebSite\",\"@id\":\"https:\\\/\\\/mylittlemeal.se\\\/da\\\/#website\",\"url\":\"https:\\\/\\\/mylittlemeal.se\\\/da\\\/\",\"name\":\"My Little Meal - Kl\u00e4mmisp\u00e5sar\",\"description\":\"G\u00f6r Din Egen Kl\u00e4mmis\",\"publisher\":{\"@id\":\"https:\\\/\\\/mylittlemeal.se\\\/da\\\/#organization\"},\"potentialAction\":[{\"@type\":\"SearchAction\",\"target\":{\"@type\":\"EntryPoint\",\"urlTemplate\":\"https:\\\/\\\/mylittlemeal.se\\\/da\\\/?s={search_term_string}\"},\"query-input\":{\"@type\":\"PropertyValueSpecification\",\"valueRequired\":true,\"valueName\":\"search_term_string\"}}],\"inLanguage\":\"da-DK\"},{\"@type\":\"Organization\",\"@id\":\"https:\\\/\\\/mylittlemeal.se\\\/da\\\/#organization\",\"name\":\"My Little Meal\",\"url\":\"https:\\\/\\\/mylittlemeal.se\\\/da\\\/\",\"logo\":{\"@type\":\"ImageObject\",\"inLanguage\":\"da-DK\",\"@id\":\"https:\\\/\\\/mylittlemeal.se\\\/da\\\/#\\\/schema\\\/logo\\\/image\\\/\",\"url\":\"https:\\\/\\\/mylittlemeal.se\\\/wp-content\\\/uploads\\\/2019\\\/11\\\/My-Little-Meal.png\",\"contentUrl\":\"https:\\\/\\\/mylittlemeal.se\\\/wp-content\\\/uploads\\\/2019\\\/11\\\/My-Little-Meal.png\",\"width\":1772,\"height\":1772,\"caption\":\"My Little Meal\"},\"image\":{\"@id\":\"https:\\\/\\\/mylittlemeal.se\\\/da\\\/#\\\/schema\\\/logo\\\/image\\\/\"},\"sameAs\":[\"https:\\\/\\\/www.facebook.com\\\/MyLittleMeal\\\/\",\"https:\\\/\\\/www.instagram.com\\\/my_little_meal\\\/\",\"https:\\\/\\\/www.youtube.com\\\/channel\\\/UCJV-jxZ4L8AJbdgdEgS127A\"]}]}<\/script>\n<!-- \/ Yoast SEO plugin. -->","yoast_head_json":{"title":"My First Straw \u2013 silikonesuger\u00f8r til sm\u00e5 b\u00f8rn (1\u20135 \u00e5r), 5-pak - My Little Meal - Kl\u00e4mmisp\u00e5sar","description":"My First Straw \u2013 bl\u00f8de silikonesuger\u00f8r til b\u00f8rn 1\u20135 \u00e5r. Perfekt l\u00e6ngde til sm\u00e5 kopper. Genanvendelige, t\u00e5ler opvaskemaskine & leveres med b\u00f8rste.","robots":{"index":"index","follow":"follow","max-snippet":"max-snippet:-1","max-image-preview":"max-image-preview:large","max-video-preview":"max-video-preview:-1"},"canonical":"https:\/\/mylittlemeal.se\/da\/produkter\/my-first-straw-silikonesugeroer-til-smaa-boern-1-5-aar-5-pak\/","og_locale":"da_DK","og_type":"article","og_title":"My First Straw \u2013 silikonesuger\u00f8r til sm\u00e5 b\u00f8rn (1\u20135 \u00e5r), 5-pak - My Little Meal - Kl\u00e4mmisp\u00e5sar","og_description":"My First Straw \u2013 bl\u00f8de silikonesuger\u00f8r til b\u00f8rn 1\u20135 \u00e5r. Perfekt l\u00e6ngde til sm\u00e5 kopper. Genanvendelige, t\u00e5ler opvaskemaskine & leveres med b\u00f8rste.","og_url":"https:\/\/mylittlemeal.se\/da\/produkter\/my-first-straw-silikonesugeroer-til-smaa-boern-1-5-aar-5-pak\/","og_site_name":"My Little Meal - Kl\u00e4mmisp\u00e5sar","article_publisher":"https:\/\/www.facebook.com\/MyLittleMeal\/","article_modified_time":"2026-04-20T17:55:06+00:00","og_image":[{"width":1124,"height":1122,"url":"https:\/\/i0.wp.com\/mylittlemeal.se\/wp-content\/uploads\/2026\/01\/Silikonsugror_My-Little-Meal_Produktbild-3.jpg?fit=1124%2C1122&ssl=1","type":"image\/jpeg"}],"twitter_card":"summary_large_image","twitter_misc":{"Estimeret l\u00e6setid":"1 minut"},"schema":{"@context":"https:\/\/schema.org","@graph":[{"@type":["WebPage","ItemPage"],"@id":"https:\/\/mylittlemeal.se\/da\/produkter\/my-first-straw-silikonesugeroer-til-smaa-boern-1-5-aar-5-pak\/","url":"https:\/\/mylittlemeal.se\/da\/produkter\/my-first-straw-silikonesugeroer-til-smaa-boern-1-5-aar-5-pak\/","name":"My First Straw \u2013 silikonesuger\u00f8r til sm\u00e5 b\u00f8rn (1\u20135 \u00e5r), 5-pak - My Little Meal - Kl\u00e4mmisp\u00e5sar","isPartOf":{"@id":"https:\/\/mylittlemeal.se\/da\/#website"},"primaryImageOfPage":{"@id":"https:\/\/mylittlemeal.se\/da\/produkter\/my-first-straw-silikonesugeroer-til-smaa-boern-1-5-aar-5-pak\/#primaryimage"},"image":{"@id":"https:\/\/mylittlemeal.se\/da\/produkter\/my-first-straw-silikonesugeroer-til-smaa-boern-1-5-aar-5-pak\/#primaryimage"},"thumbnailUrl":"https:\/\/i0.wp.com\/mylittlemeal.se\/wp-content\/uploads\/2026\/01\/Silikonsugror_My-Little-Meal_Produktbild-3.jpg?fit=1124%2C1122&ssl=1","datePublished":"2026-01-31T19:27:56+00:00","dateModified":"2026-04-20T17:55:06+00:00","description":"My First Straw \u2013 bl\u00f8de silikonesuger\u00f8r til b\u00f8rn 1\u20135 \u00e5r. Perfekt l\u00e6ngde til sm\u00e5 kopper. Genanvendelige, t\u00e5ler opvaskemaskine & leveres med b\u00f8rste.","breadcrumb":{"@id":"https:\/\/mylittlemeal.se\/da\/produkter\/my-first-straw-silikonesugeroer-til-smaa-boern-1-5-aar-5-pak\/#breadcrumb"},"inLanguage":"da-DK","potentialAction":[{"@type":"ReadAction","target":["https:\/\/mylittlemeal.se\/da\/produkter\/my-first-straw-silikonesugeroer-til-smaa-boern-1-5-aar-5-pak\/"]}]},{"@type":"ImageObject","inLanguage":"da-DK","@id":"https:\/\/mylittlemeal.se\/da\/produkter\/my-first-straw-silikonesugeroer-til-smaa-boern-1-5-aar-5-pak\/#primaryimage","url":"https:\/\/i0.wp.com\/mylittlemeal.se\/wp-content\/uploads\/2026\/01\/Silikonsugror_My-Little-Meal_Produktbild-3.jpg?fit=1124%2C1122&ssl=1","contentUrl":"https:\/\/i0.wp.com\/mylittlemeal.se\/wp-content\/uploads\/2026\/01\/Silikonsugror_My-Little-Meal_Produktbild-3.jpg?fit=1124%2C1122&ssl=1","width":1124,"height":1122,"caption":"My Little Meal - Silikonesuger\u00f8r"},{"@type":"BreadcrumbList","@id":"https:\/\/mylittlemeal.se\/da\/produkter\/my-first-straw-silikonesugeroer-til-smaa-boern-1-5-aar-5-pak\/#breadcrumb","itemListElement":[{"@type":"ListItem","position":1,"name":"Hem","item":"https:\/\/mylittlemeal.se\/da\/hjem\/"},{"@type":"ListItem","position":2,"name":"Produkter","item":"https:\/\/mylittlemeal.se\/da\/produkter\/"},{"@type":"ListItem","position":3,"name":"My First Straw \u2013 silikonesuger\u00f8r til sm\u00e5 b\u00f8rn (1\u20135 \u00e5r), 5-pak"}]},{"@type":"WebSite","@id":"https:\/\/mylittlemeal.se\/da\/#website","url":"https:\/\/mylittlemeal.se\/da\/","name":"My Little Meal - Kl\u00e4mmisp\u00e5sar","description":"G\u00f6r Din Egen Kl\u00e4mmis","publisher":{"@id":"https:\/\/mylittlemeal.se\/da\/#organization"},"potentialAction":[{"@type":"SearchAction","target":{"@type":"EntryPoint","urlTemplate":"https:\/\/mylittlemeal.se\/da\/?s={search_term_string}"},"query-input":{"@type":"PropertyValueSpecification","valueRequired":true,"valueName":"search_term_string"}}],"inLanguage":"da-DK"},{"@type":"Organization","@id":"https:\/\/mylittlemeal.se\/da\/#organization","name":"My Little Meal","url":"https:\/\/mylittlemeal.se\/da\/","logo":{"@type":"ImageObject","inLanguage":"da-DK","@id":"https:\/\/mylittlemeal.se\/da\/#\/schema\/logo\/image\/","url":"https:\/\/mylittlemeal.se\/wp-content\/uploads\/2019\/11\/My-Little-Meal.png","contentUrl":"https:\/\/mylittlemeal.se\/wp-content\/uploads\/2019\/11\/My-Little-Meal.png","width":1772,"height":1772,"caption":"My Little Meal"},"image":{"@id":"https:\/\/mylittlemeal.se\/da\/#\/schema\/logo\/image\/"},"sameAs":["https:\/\/www.facebook.com\/MyLittleMeal\/","https:\/\/www.instagram.com\/my_little_meal\/","https:\/\/www.youtube.com\/channel\/UCJV-jxZ4L8AJbdgdEgS127A"]}]}},"jetpack_sharing_enabled":true,"_links":{"self":[{"href":"https:\/\/mylittlemeal.se\/da\/wp-json\/wp\/v2\/product\/57228","targetHints":{"allow":["GET"]}}],"collection":[{"href":"https:\/\/mylittlemeal.se\/da\/wp-json\/wp\/v2\/product"}],"about":[{"href":"https:\/\/mylittlemeal.se\/da\/wp-json\/wp\/v2\/types\/product"}],"wp:featuredmedia":[{"embeddable":true,"href":"https:\/\/mylittlemeal.se\/da\/wp-json\/wp\/v2\/media\/57254"}],"wp:attachment":[{"href":"https:\/\/mylittlemeal.se\/da\/wp-json\/wp\/v2\/media?parent=57228"}],"wp:term":[{"taxonomy":"product_brand","embeddable":true,"href":"https:\/\/mylittlemeal.se\/da\/wp-json\/wp\/v2\/product_brand?post=57228"},{"taxonomy":"product_cat","embeddable":true,"href":"https:\/\/mylittlemeal.se\/da\/wp-json\/wp\/v2\/product_cat?post=57228"},{"taxonomy":"product_tag","embeddable":true,"href":"https:\/\/mylittlemeal.se\/da\/wp-json\/wp\/v2\/product_tag?post=57228"}],"curies":[{"name":"wp","href":"https:\/\/api.w.org\/{rel}","templated":true}]}}