{"id":42509,"date":"2023-12-08T13:08:57","date_gmt":"2023-12-08T13:08:57","guid":{"rendered":"https:\/\/mylittlemeal.se\/?post_type=product&#038;p=42509"},"modified":"2025-11-25T18:35:02","modified_gmt":"2025-11-25T18:35:02","slug":"smoothiepose-af-silikone-260-ml","status":"publish","type":"product","link":"https:\/\/mylittlemeal.se\/da\/produkter\/smoothiepose-af-silikone-260-ml\/","title":{"rendered":"Smoothiepose af silikone, 260 ml"},"content":{"rendered":"<p>Denne genanvendelige, plastikfri is med clips af 100 % f\u00f8devaregodkendt silikone g\u00f8r det nemmere for sm\u00e5b\u00f8rnsfor\u00e6ldre at tage en snack med p\u00e5 deres n\u00e6ste udflugt. Tils\u00e6t din egen smoothie, blendede babymad eller anden pur\u00e9. \u00c5bnes og lukkes nemt med det aftagelige l\u00e5g. Dysen er forseglet med den l\u00e6kagesikre h\u00e6tte.<br \/>\nDenne klemmepose er et godt supplement til My Little Meals traditionelle klemmeposer, da den er hurtig at fylde og reng\u00f8re og holder hele barnets v\u00e6kst. Vores patenterede design g\u00f8r det ogs\u00e5 muligt at bruge l\u00e5get som &#8220;dyse&#8221; til klemmeposer s\u00e5vel som almindelige &#8220;engangs&#8221;-madpose i butikkerne. P\u00e5 den m\u00e5de undg\u00e5r du at spilde, n\u00e5r dit barn spiser af madposen p\u00e5 egen h\u00e5nd. <\/p>\n<p>&#8211; Transparent turkis farve<br \/>\n&#8211; Velegnet til b\u00f8rn fra 6 m\u00e5neder<br \/>\n&#8211; 260 ml<br \/>\n&#8211; T\u00e5ler fryser og opvaskemaskine<br \/>\n&#8211; Let at reng\u00f8re i opvaskemaskinen eller i h\u00e5nden<br \/>\n&#8211; 100% testet og godkendt til b\u00f8rn<br \/>\n&#8211; Fri for BPA, PVC og phthalater<br \/>\n&#8211; Svensk design<br \/>\n&#8211; Hurtig forsendelse, 2-4 arbejdsdage<\/p>\n","protected":false},"excerpt":{"rendered":"\n","protected":false},"featured_media":40027,"template":"","meta":{"ocean_post_layout":"","ocean_both_sidebars_style":"","ocean_both_sidebars_content_width":0,"ocean_both_sidebars_sidebars_width":0,"ocean_sidebar":"0","ocean_second_sidebar":"0","ocean_disable_margins":"enable","ocean_add_body_class":"","ocean_shortcode_before_top_bar":"","ocean_shortcode_after_top_bar":"","ocean_shortcode_before_header":"","ocean_shortcode_after_header":"","ocean_has_shortcode":"","ocean_shortcode_after_title":"","ocean_shortcode_before_footer_widgets":"","ocean_shortcode_after_footer_widgets":"","ocean_shortcode_before_footer_bottom":"","ocean_shortcode_after_footer_bottom":"","ocean_display_top_bar":"default","ocean_display_header":"default","ocean_header_style":"","ocean_center_header_left_menu":"0","ocean_custom_header_template":"0","ocean_custom_logo":0,"ocean_custom_retina_logo":0,"ocean_custom_logo_max_width":0,"ocean_custom_logo_tablet_max_width":0,"ocean_custom_logo_mobile_max_width":0,"ocean_custom_logo_max_height":0,"ocean_custom_logo_tablet_max_height":0,"ocean_custom_logo_mobile_max_height":0,"ocean_header_custom_menu":"0","ocean_menu_typo_font_family":"0","ocean_menu_typo_font_subset":"","ocean_menu_typo_font_size":0,"ocean_menu_typo_font_size_tablet":0,"ocean_menu_typo_font_size_mobile":0,"ocean_menu_typo_font_size_unit":"px","ocean_menu_typo_font_weight":"","ocean_menu_typo_font_weight_tablet":"","ocean_menu_typo_font_weight_mobile":"","ocean_menu_typo_transform":"","ocean_menu_typo_transform_tablet":"","ocean_menu_typo_transform_mobile":"","ocean_menu_typo_line_height":0,"ocean_menu_typo_line_height_tablet":0,"ocean_menu_typo_line_height_mobile":0,"ocean_menu_typo_line_height_unit":"","ocean_menu_typo_spacing":0,"ocean_menu_typo_spacing_tablet":0,"ocean_menu_typo_spacing_mobile":0,"ocean_menu_typo_spacing_unit":"","ocean_menu_link_color":"","ocean_menu_link_color_hover":"","ocean_menu_link_color_active":"","ocean_menu_link_background":"","ocean_menu_link_hover_background":"","ocean_menu_link_active_background":"","ocean_menu_social_links_bg":"","ocean_menu_social_hover_links_bg":"","ocean_menu_social_links_color":"","ocean_menu_social_hover_links_color":"","ocean_disable_title":"enable","ocean_disable_heading":"on","ocean_post_title":"","ocean_post_subheading":"","ocean_post_title_style":"background-image","ocean_post_title_background_color":"","ocean_post_title_background":3466,"ocean_post_title_bg_image_position":"","ocean_post_title_bg_image_attachment":"","ocean_post_title_bg_image_repeat":"","ocean_post_title_bg_image_size":"","ocean_post_title_height":0,"ocean_post_title_bg_overlay":0.7,"ocean_post_title_bg_overlay_color":"#ffffff","ocean_disable_breadcrumbs":"on","ocean_breadcrumbs_color":"#898989","ocean_breadcrumbs_separator_color":"#898989","ocean_breadcrumbs_links_color":"#000000","ocean_breadcrumbs_links_hover_color":"#6bc9f4","ocean_display_footer_widgets":"default","ocean_display_footer_bottom":"default","ocean_custom_footer_template":"0"},"product_brand":[],"product_cat":[97],"product_tag":[],"class_list":{"0":"post-42509","1":"product","2":"type-product","3":"status-publish","4":"has-post-thumbnail","6":"product_cat-my-little-meal-madpose","8":"entry","9":"has-media","11":"first","12":"instock","13":"taxable","14":"shipping-taxable","15":"purchasable","16":"product-type-simple","17":"has-product-nav","18":"col","19":"span_1_of_3","20":"owp-content-center","21":"owp-thumbs-layout-horizontal","22":"owp-btn-normal","23":"owp-tabs-layout-horizontal","25":"circle-sale"},"yoast_head":"<!-- This site is optimized with the Yoast SEO plugin v27.4 - https:\/\/yoast.com\/product\/yoast-seo-wordpress\/ -->\n<title>Smoothiepose af silikone, 260 ml - My Little Meal - Kl\u00e4mmisp\u00e5sar<\/title>\n<meta name=\"description\" content=\"Svensk-designet genanvendelig smoothiepose af silikone. Unikt produkt med silikone af h\u00f8jeste kvalitet. Lav din egen babymad, og tag den med p\u00e5 din n\u00e6ste udflugt.\" \/>\n<meta name=\"robots\" content=\"index, follow, max-snippet:-1, max-image-preview:large, max-video-preview:-1\" \/>\n<link rel=\"canonical\" href=\"https:\/\/mylittlemeal.se\/da\/produkter\/smoothiepose-af-silikone-260-ml\/\" \/>\n<meta property=\"og:locale\" content=\"da_DK\" \/>\n<meta property=\"og:type\" content=\"article\" \/>\n<meta property=\"og:title\" content=\"Smoothiepose af silikone, 260 ml - My Little Meal - Kl\u00e4mmisp\u00e5sar\" \/>\n<meta property=\"og:description\" content=\"Svensk-designet genanvendelig smoothiepose af silikone. Unikt produkt med silikone af h\u00f8jeste kvalitet. Lav din egen babymad, og tag den med p\u00e5 din n\u00e6ste udflugt.\" \/>\n<meta property=\"og:url\" content=\"https:\/\/mylittlemeal.se\/da\/produkter\/smoothiepose-af-silikone-260-ml\/\" \/>\n<meta property=\"og:site_name\" content=\"My Little Meal - Kl\u00e4mmisp\u00e5sar\" \/>\n<meta property=\"article:publisher\" content=\"https:\/\/www.facebook.com\/MyLittleMeal\/\" \/>\n<meta property=\"article:modified_time\" content=\"2025-11-25T18:35:02+00:00\" \/>\n<meta property=\"og:image\" content=\"https:\/\/i0.wp.com\/mylittlemeal.se\/wp-content\/uploads\/2023\/10\/Silkonklammis-produktbild.jpg?fit=1845%2C1845&ssl=1\" \/>\n\t<meta property=\"og:image:width\" content=\"1845\" \/>\n\t<meta property=\"og:image:height\" content=\"1845\" \/>\n\t<meta property=\"og:image:type\" content=\"image\/jpeg\" \/>\n<meta name=\"twitter:card\" content=\"summary_large_image\" \/>\n<meta name=\"twitter:label1\" content=\"Estimeret l\u00e6setid\" \/>\n\t<meta name=\"twitter:data1\" content=\"1 minut\" \/>\n<script type=\"application\/ld+json\" class=\"yoast-schema-graph\">{\"@context\":\"https:\\\/\\\/schema.org\",\"@graph\":[{\"@type\":[\"WebPage\",\"ItemPage\"],\"@id\":\"https:\\\/\\\/mylittlemeal.se\\\/da\\\/produkter\\\/smoothiepose-af-silikone-260-ml\\\/\",\"url\":\"https:\\\/\\\/mylittlemeal.se\\\/da\\\/produkter\\\/smoothiepose-af-silikone-260-ml\\\/\",\"name\":\"Smoothiepose af silikone, 260 ml - My Little Meal - Kl\u00e4mmisp\u00e5sar\",\"isPartOf\":{\"@id\":\"https:\\\/\\\/mylittlemeal.se\\\/da\\\/#website\"},\"primaryImageOfPage\":{\"@id\":\"https:\\\/\\\/mylittlemeal.se\\\/da\\\/produkter\\\/smoothiepose-af-silikone-260-ml\\\/#primaryimage\"},\"image\":{\"@id\":\"https:\\\/\\\/mylittlemeal.se\\\/da\\\/produkter\\\/smoothiepose-af-silikone-260-ml\\\/#primaryimage\"},\"thumbnailUrl\":\"https:\\\/\\\/i0.wp.com\\\/mylittlemeal.se\\\/wp-content\\\/uploads\\\/2023\\\/10\\\/Silkonklammis-produktbild.jpg?fit=1845%2C1845&ssl=1\",\"datePublished\":\"2023-12-08T13:08:57+00:00\",\"dateModified\":\"2025-11-25T18:35:02+00:00\",\"description\":\"Svensk-designet genanvendelig smoothiepose af silikone. Unikt produkt med silikone af h\u00f8jeste kvalitet. Lav din egen babymad, og tag den med p\u00e5 din n\u00e6ste udflugt.\",\"breadcrumb\":{\"@id\":\"https:\\\/\\\/mylittlemeal.se\\\/da\\\/produkter\\\/smoothiepose-af-silikone-260-ml\\\/#breadcrumb\"},\"inLanguage\":\"da-DK\",\"potentialAction\":[{\"@type\":\"ReadAction\",\"target\":[\"https:\\\/\\\/mylittlemeal.se\\\/da\\\/produkter\\\/smoothiepose-af-silikone-260-ml\\\/\"]}]},{\"@type\":\"ImageObject\",\"inLanguage\":\"da-DK\",\"@id\":\"https:\\\/\\\/mylittlemeal.se\\\/da\\\/produkter\\\/smoothiepose-af-silikone-260-ml\\\/#primaryimage\",\"url\":\"https:\\\/\\\/i0.wp.com\\\/mylittlemeal.se\\\/wp-content\\\/uploads\\\/2023\\\/10\\\/Silkonklammis-produktbild.jpg?fit=1845%2C1845&ssl=1\",\"contentUrl\":\"https:\\\/\\\/i0.wp.com\\\/mylittlemeal.se\\\/wp-content\\\/uploads\\\/2023\\\/10\\\/Silkonklammis-produktbild.jpg?fit=1845%2C1845&ssl=1\",\"width\":1845,\"height\":1845,\"caption\":\"My Little Meal Silikoneklemmepose\"},{\"@type\":\"BreadcrumbList\",\"@id\":\"https:\\\/\\\/mylittlemeal.se\\\/da\\\/produkter\\\/smoothiepose-af-silikone-260-ml\\\/#breadcrumb\",\"itemListElement\":[{\"@type\":\"ListItem\",\"position\":1,\"name\":\"Hem\",\"item\":\"https:\\\/\\\/mylittlemeal.se\\\/da\\\/hjem\\\/\"},{\"@type\":\"ListItem\",\"position\":2,\"name\":\"Produkter\",\"item\":\"https:\\\/\\\/mylittlemeal.se\\\/da\\\/produkter\\\/\"},{\"@type\":\"ListItem\",\"position\":3,\"name\":\"Smoothiepose af silikone, 260 ml\"}]},{\"@type\":\"WebSite\",\"@id\":\"https:\\\/\\\/mylittlemeal.se\\\/da\\\/#website\",\"url\":\"https:\\\/\\\/mylittlemeal.se\\\/da\\\/\",\"name\":\"My Little Meal - Kl\u00e4mmisp\u00e5sar\",\"description\":\"G\u00f6r Din Egen Kl\u00e4mmis\",\"publisher\":{\"@id\":\"https:\\\/\\\/mylittlemeal.se\\\/da\\\/#organization\"},\"potentialAction\":[{\"@type\":\"SearchAction\",\"target\":{\"@type\":\"EntryPoint\",\"urlTemplate\":\"https:\\\/\\\/mylittlemeal.se\\\/da\\\/?s={search_term_string}\"},\"query-input\":{\"@type\":\"PropertyValueSpecification\",\"valueRequired\":true,\"valueName\":\"search_term_string\"}}],\"inLanguage\":\"da-DK\"},{\"@type\":\"Organization\",\"@id\":\"https:\\\/\\\/mylittlemeal.se\\\/da\\\/#organization\",\"name\":\"My Little Meal\",\"url\":\"https:\\\/\\\/mylittlemeal.se\\\/da\\\/\",\"logo\":{\"@type\":\"ImageObject\",\"inLanguage\":\"da-DK\",\"@id\":\"https:\\\/\\\/mylittlemeal.se\\\/da\\\/#\\\/schema\\\/logo\\\/image\\\/\",\"url\":\"https:\\\/\\\/mylittlemeal.se\\\/wp-content\\\/uploads\\\/2019\\\/11\\\/My-Little-Meal.png\",\"contentUrl\":\"https:\\\/\\\/mylittlemeal.se\\\/wp-content\\\/uploads\\\/2019\\\/11\\\/My-Little-Meal.png\",\"width\":1772,\"height\":1772,\"caption\":\"My Little Meal\"},\"image\":{\"@id\":\"https:\\\/\\\/mylittlemeal.se\\\/da\\\/#\\\/schema\\\/logo\\\/image\\\/\"},\"sameAs\":[\"https:\\\/\\\/www.facebook.com\\\/MyLittleMeal\\\/\",\"https:\\\/\\\/www.instagram.com\\\/my_little_meal\\\/\",\"https:\\\/\\\/www.youtube.com\\\/channel\\\/UCJV-jxZ4L8AJbdgdEgS127A\"]}]}<\/script>\n<!-- \/ Yoast SEO plugin. -->","yoast_head_json":{"title":"Smoothiepose af silikone, 260 ml - My Little Meal - Kl\u00e4mmisp\u00e5sar","description":"Svensk-designet genanvendelig smoothiepose af silikone. Unikt produkt med silikone af h\u00f8jeste kvalitet. Lav din egen babymad, og tag den med p\u00e5 din n\u00e6ste udflugt.","robots":{"index":"index","follow":"follow","max-snippet":"max-snippet:-1","max-image-preview":"max-image-preview:large","max-video-preview":"max-video-preview:-1"},"canonical":"https:\/\/mylittlemeal.se\/da\/produkter\/smoothiepose-af-silikone-260-ml\/","og_locale":"da_DK","og_type":"article","og_title":"Smoothiepose af silikone, 260 ml - My Little Meal - Kl\u00e4mmisp\u00e5sar","og_description":"Svensk-designet genanvendelig smoothiepose af silikone. Unikt produkt med silikone af h\u00f8jeste kvalitet. Lav din egen babymad, og tag den med p\u00e5 din n\u00e6ste udflugt.","og_url":"https:\/\/mylittlemeal.se\/da\/produkter\/smoothiepose-af-silikone-260-ml\/","og_site_name":"My Little Meal - Kl\u00e4mmisp\u00e5sar","article_publisher":"https:\/\/www.facebook.com\/MyLittleMeal\/","article_modified_time":"2025-11-25T18:35:02+00:00","og_image":[{"width":1845,"height":1845,"url":"https:\/\/i0.wp.com\/mylittlemeal.se\/wp-content\/uploads\/2023\/10\/Silkonklammis-produktbild.jpg?fit=1845%2C1845&ssl=1","type":"image\/jpeg"}],"twitter_card":"summary_large_image","twitter_misc":{"Estimeret l\u00e6setid":"1 minut"},"schema":{"@context":"https:\/\/schema.org","@graph":[{"@type":["WebPage","ItemPage"],"@id":"https:\/\/mylittlemeal.se\/da\/produkter\/smoothiepose-af-silikone-260-ml\/","url":"https:\/\/mylittlemeal.se\/da\/produkter\/smoothiepose-af-silikone-260-ml\/","name":"Smoothiepose af silikone, 260 ml - My Little Meal - Kl\u00e4mmisp\u00e5sar","isPartOf":{"@id":"https:\/\/mylittlemeal.se\/da\/#website"},"primaryImageOfPage":{"@id":"https:\/\/mylittlemeal.se\/da\/produkter\/smoothiepose-af-silikone-260-ml\/#primaryimage"},"image":{"@id":"https:\/\/mylittlemeal.se\/da\/produkter\/smoothiepose-af-silikone-260-ml\/#primaryimage"},"thumbnailUrl":"https:\/\/i0.wp.com\/mylittlemeal.se\/wp-content\/uploads\/2023\/10\/Silkonklammis-produktbild.jpg?fit=1845%2C1845&ssl=1","datePublished":"2023-12-08T13:08:57+00:00","dateModified":"2025-11-25T18:35:02+00:00","description":"Svensk-designet genanvendelig smoothiepose af silikone. Unikt produkt med silikone af h\u00f8jeste kvalitet. Lav din egen babymad, og tag den med p\u00e5 din n\u00e6ste udflugt.","breadcrumb":{"@id":"https:\/\/mylittlemeal.se\/da\/produkter\/smoothiepose-af-silikone-260-ml\/#breadcrumb"},"inLanguage":"da-DK","potentialAction":[{"@type":"ReadAction","target":["https:\/\/mylittlemeal.se\/da\/produkter\/smoothiepose-af-silikone-260-ml\/"]}]},{"@type":"ImageObject","inLanguage":"da-DK","@id":"https:\/\/mylittlemeal.se\/da\/produkter\/smoothiepose-af-silikone-260-ml\/#primaryimage","url":"https:\/\/i0.wp.com\/mylittlemeal.se\/wp-content\/uploads\/2023\/10\/Silkonklammis-produktbild.jpg?fit=1845%2C1845&ssl=1","contentUrl":"https:\/\/i0.wp.com\/mylittlemeal.se\/wp-content\/uploads\/2023\/10\/Silkonklammis-produktbild.jpg?fit=1845%2C1845&ssl=1","width":1845,"height":1845,"caption":"My Little Meal Silikoneklemmepose"},{"@type":"BreadcrumbList","@id":"https:\/\/mylittlemeal.se\/da\/produkter\/smoothiepose-af-silikone-260-ml\/#breadcrumb","itemListElement":[{"@type":"ListItem","position":1,"name":"Hem","item":"https:\/\/mylittlemeal.se\/da\/hjem\/"},{"@type":"ListItem","position":2,"name":"Produkter","item":"https:\/\/mylittlemeal.se\/da\/produkter\/"},{"@type":"ListItem","position":3,"name":"Smoothiepose af silikone, 260 ml"}]},{"@type":"WebSite","@id":"https:\/\/mylittlemeal.se\/da\/#website","url":"https:\/\/mylittlemeal.se\/da\/","name":"My Little Meal - Kl\u00e4mmisp\u00e5sar","description":"G\u00f6r Din Egen Kl\u00e4mmis","publisher":{"@id":"https:\/\/mylittlemeal.se\/da\/#organization"},"potentialAction":[{"@type":"SearchAction","target":{"@type":"EntryPoint","urlTemplate":"https:\/\/mylittlemeal.se\/da\/?s={search_term_string}"},"query-input":{"@type":"PropertyValueSpecification","valueRequired":true,"valueName":"search_term_string"}}],"inLanguage":"da-DK"},{"@type":"Organization","@id":"https:\/\/mylittlemeal.se\/da\/#organization","name":"My Little Meal","url":"https:\/\/mylittlemeal.se\/da\/","logo":{"@type":"ImageObject","inLanguage":"da-DK","@id":"https:\/\/mylittlemeal.se\/da\/#\/schema\/logo\/image\/","url":"https:\/\/mylittlemeal.se\/wp-content\/uploads\/2019\/11\/My-Little-Meal.png","contentUrl":"https:\/\/mylittlemeal.se\/wp-content\/uploads\/2019\/11\/My-Little-Meal.png","width":1772,"height":1772,"caption":"My Little Meal"},"image":{"@id":"https:\/\/mylittlemeal.se\/da\/#\/schema\/logo\/image\/"},"sameAs":["https:\/\/www.facebook.com\/MyLittleMeal\/","https:\/\/www.instagram.com\/my_little_meal\/","https:\/\/www.youtube.com\/channel\/UCJV-jxZ4L8AJbdgdEgS127A"]}]}},"jetpack_sharing_enabled":true,"_links":{"self":[{"href":"https:\/\/mylittlemeal.se\/da\/wp-json\/wp\/v2\/product\/42509","targetHints":{"allow":["GET"]}}],"collection":[{"href":"https:\/\/mylittlemeal.se\/da\/wp-json\/wp\/v2\/product"}],"about":[{"href":"https:\/\/mylittlemeal.se\/da\/wp-json\/wp\/v2\/types\/product"}],"wp:featuredmedia":[{"embeddable":true,"href":"https:\/\/mylittlemeal.se\/da\/wp-json\/wp\/v2\/media\/40027"}],"wp:attachment":[{"href":"https:\/\/mylittlemeal.se\/da\/wp-json\/wp\/v2\/media?parent=42509"}],"wp:term":[{"taxonomy":"product_brand","embeddable":true,"href":"https:\/\/mylittlemeal.se\/da\/wp-json\/wp\/v2\/product_brand?post=42509"},{"taxonomy":"product_cat","embeddable":true,"href":"https:\/\/mylittlemeal.se\/da\/wp-json\/wp\/v2\/product_cat?post=42509"},{"taxonomy":"product_tag","embeddable":true,"href":"https:\/\/mylittlemeal.se\/da\/wp-json\/wp\/v2\/product_tag?post=42509"}],"curies":[{"name":"wp","href":"https:\/\/api.w.org\/{rel}","templated":true}]}}