{"id":38878,"date":"2021-09-10T19:48:17","date_gmt":"2021-09-10T19:48:17","guid":{"rendered":"https:\/\/mylittlemeal.se\/produkter\/sugekop-blaa-og-groen\/"},"modified":"2026-01-30T09:14:39","modified_gmt":"2026-01-30T09:14:39","slug":"sugekop-bla-gron","status":"publish","type":"product","link":"https:\/\/mylittlemeal.se\/da\/produkter\/sugekop-bla-gron\/","title":{"rendered":"Sugekop &#8211; bl\u00e5 og gr\u00f8n"},"content":{"rendered":"<p><p>Med Vaaperos finske sugekopper kan du nemt lade dit barn spise fra madposen p\u00e5 egen h\u00e5nd uden risiko for spild. Barnet er n\u00f8dt til at sutte for at f\u00e5 maden ud, s\u00e5 det kan ikke presse indholdet ud som normalt.<\/p>\n<p>Sugekopperne har et praktisk l\u00e5g, der g\u00f8r det ekstra sikkert at l\u00e6gge en halvt brugt klemme tilbage i tasken uden risiko for l\u00e6kage.<\/p>\n<p>Sugekapslerne passer ikke kun til My Little Meals genbrugelig madpose, men ogs\u00e5 til de fleste andre genbrugs- og engangsmadposer. <\/p>\n<p>Sutterne kommer i to pakker, her i bl\u00e5 og gr\u00f8n. <\/p>\n<p>Fremstillet af silikone af medicinsk kvalitet og naturligvis BPA-fri. Anbefales fra 4 m\u00e5neder.<\/p>\n","protected":false},"excerpt":{"rendered":"\n","protected":false},"featured_media":38879,"template":"","meta":{"ocean_post_layout":"","ocean_both_sidebars_style":"","ocean_both_sidebars_content_width":0,"ocean_both_sidebars_sidebars_width":0,"ocean_sidebar":"0","ocean_second_sidebar":"0","ocean_disable_margins":"enable","ocean_add_body_class":"","ocean_shortcode_before_top_bar":"","ocean_shortcode_after_top_bar":"","ocean_shortcode_before_header":"","ocean_shortcode_after_header":"","ocean_has_shortcode":"","ocean_shortcode_after_title":"","ocean_shortcode_before_footer_widgets":"","ocean_shortcode_after_footer_widgets":"","ocean_shortcode_before_footer_bottom":"","ocean_shortcode_after_footer_bottom":"","ocean_display_top_bar":"default","ocean_display_header":"default","ocean_header_style":"","ocean_center_header_left_menu":"0","ocean_custom_header_template":"0","ocean_custom_logo":0,"ocean_custom_retina_logo":0,"ocean_custom_logo_max_width":0,"ocean_custom_logo_tablet_max_width":0,"ocean_custom_logo_mobile_max_width":0,"ocean_custom_logo_max_height":0,"ocean_custom_logo_tablet_max_height":0,"ocean_custom_logo_mobile_max_height":0,"ocean_header_custom_menu":"0","ocean_menu_typo_font_family":"0","ocean_menu_typo_font_subset":"","ocean_menu_typo_font_size":0,"ocean_menu_typo_font_size_tablet":0,"ocean_menu_typo_font_size_mobile":0,"ocean_menu_typo_font_size_unit":"px","ocean_menu_typo_font_weight":"","ocean_menu_typo_font_weight_tablet":"","ocean_menu_typo_font_weight_mobile":"","ocean_menu_typo_transform":"","ocean_menu_typo_transform_tablet":"","ocean_menu_typo_transform_mobile":"","ocean_menu_typo_line_height":0,"ocean_menu_typo_line_height_tablet":0,"ocean_menu_typo_line_height_mobile":0,"ocean_menu_typo_line_height_unit":"","ocean_menu_typo_spacing":0,"ocean_menu_typo_spacing_tablet":0,"ocean_menu_typo_spacing_mobile":0,"ocean_menu_typo_spacing_unit":"","ocean_menu_link_color":"","ocean_menu_link_color_hover":"","ocean_menu_link_color_active":"","ocean_menu_link_background":"","ocean_menu_link_hover_background":"","ocean_menu_link_active_background":"","ocean_menu_social_links_bg":"","ocean_menu_social_hover_links_bg":"","ocean_menu_social_links_color":"","ocean_menu_social_hover_links_color":"","ocean_disable_title":"enable","ocean_disable_heading":"on","ocean_post_title":"","ocean_post_subheading":"","ocean_post_title_style":"background-image","ocean_post_title_background_color":"","ocean_post_title_background":3466,"ocean_post_title_bg_image_position":"","ocean_post_title_bg_image_attachment":"","ocean_post_title_bg_image_repeat":"","ocean_post_title_bg_image_size":"","ocean_post_title_height":0,"ocean_post_title_bg_overlay":0.7,"ocean_post_title_bg_overlay_color":"#ffffff","ocean_disable_breadcrumbs":"on","ocean_breadcrumbs_color":"#898989","ocean_breadcrumbs_separator_color":"#898989","ocean_breadcrumbs_links_color":"#000000","ocean_breadcrumbs_links_hover_color":"#6bc9f4","ocean_display_footer_widgets":"default","ocean_display_footer_bottom":"default","ocean_custom_footer_template":"0"},"product_brand":[],"product_cat":[97],"product_tag":[98],"class_list":{"0":"post-38878","1":"product","2":"type-product","3":"status-publish","4":"has-post-thumbnail","6":"product_cat-my-little-meal-madpose","7":"product_tag-klemme-med-sugekop","9":"entry","10":"has-media","12":"first","13":"instock","14":"taxable","15":"shipping-taxable","16":"purchasable","17":"product-type-simple","18":"has-product-nav","19":"col","20":"span_1_of_3","21":"owp-content-center","22":"owp-thumbs-layout-horizontal","23":"owp-btn-normal","24":"owp-tabs-layout-horizontal","26":"circle-sale"},"yoast_head":"<!-- This site is optimized with the Yoast SEO plugin v27.4 - https:\/\/yoast.com\/product\/yoast-seo-wordpress\/ -->\n<title>Sugekop - bl\u00e5 og gr\u00f8n - My Little Meal - Kl\u00e4mmisp\u00e5sar<\/title>\n<meta name=\"description\" content=\"Med Vaaperos finske sugekopper kan du nemt lade dit barn spise fra madposen p\u00e5 egen h\u00e5nd uden risiko for spild.\" \/>\n<meta name=\"robots\" content=\"index, follow, max-snippet:-1, max-image-preview:large, max-video-preview:-1\" \/>\n<link rel=\"canonical\" href=\"https:\/\/mylittlemeal.se\/da\/produkter\/sugekop-bla-gron\/\" \/>\n<meta property=\"og:locale\" content=\"da_DK\" \/>\n<meta property=\"og:type\" content=\"article\" \/>\n<meta property=\"og:title\" content=\"Sugekop - bl\u00e5 og gr\u00f8n - My Little Meal - Kl\u00e4mmisp\u00e5sar\" \/>\n<meta property=\"og:description\" content=\"Med Vaaperos finske sugekopper kan du nemt lade dit barn spise fra madposen p\u00e5 egen h\u00e5nd uden risiko for spild.\" \/>\n<meta property=\"og:url\" content=\"https:\/\/mylittlemeal.se\/da\/produkter\/sugekop-bla-gron\/\" \/>\n<meta property=\"og:site_name\" content=\"My Little Meal - Kl\u00e4mmisp\u00e5sar\" \/>\n<meta property=\"article:publisher\" content=\"https:\/\/www.facebook.com\/MyLittleMeal\/\" \/>\n<meta property=\"article:modified_time\" content=\"2026-01-30T09:14:39+00:00\" \/>\n<meta property=\"og:image\" content=\"https:\/\/mylittlemeal.se\/wp-content\/uploads\/2021\/09\/Gron-bla.jpg\" \/>\n\t<meta property=\"og:image:width\" content=\"1080\" \/>\n\t<meta property=\"og:image:height\" content=\"1080\" \/>\n\t<meta property=\"og:image:type\" content=\"image\/jpeg\" \/>\n<meta name=\"twitter:card\" content=\"summary_large_image\" \/>\n<meta name=\"twitter:label1\" content=\"Estimeret l\u00e6setid\" \/>\n\t<meta name=\"twitter:data1\" content=\"1 minut\" \/>\n<script type=\"application\/ld+json\" class=\"yoast-schema-graph\">{\"@context\":\"https:\\\/\\\/schema.org\",\"@graph\":[{\"@type\":[\"WebPage\",\"ItemPage\"],\"@id\":\"https:\\\/\\\/mylittlemeal.se\\\/da\\\/produkter\\\/sugekop-bla-gron\\\/\",\"url\":\"https:\\\/\\\/mylittlemeal.se\\\/da\\\/produkter\\\/sugekop-bla-gron\\\/\",\"name\":\"Sugekop - bl\u00e5 og gr\u00f8n - My Little Meal - Kl\u00e4mmisp\u00e5sar\",\"isPartOf\":{\"@id\":\"https:\\\/\\\/mylittlemeal.se\\\/da\\\/#website\"},\"primaryImageOfPage\":{\"@id\":\"https:\\\/\\\/mylittlemeal.se\\\/da\\\/produkter\\\/sugekop-bla-gron\\\/#primaryimage\"},\"image\":{\"@id\":\"https:\\\/\\\/mylittlemeal.se\\\/da\\\/produkter\\\/sugekop-bla-gron\\\/#primaryimage\"},\"thumbnailUrl\":\"https:\\\/\\\/i0.wp.com\\\/mylittlemeal.se\\\/wp-content\\\/uploads\\\/2021\\\/09\\\/Gron-bla.jpg?fit=1080%2C1080&ssl=1\",\"datePublished\":\"2021-09-10T19:48:17+00:00\",\"dateModified\":\"2026-01-30T09:14:39+00:00\",\"description\":\"Med Vaaperos finske sugekopper kan du nemt lade dit barn spise fra madposen p\u00e5 egen h\u00e5nd uden risiko for spild.\",\"breadcrumb\":{\"@id\":\"https:\\\/\\\/mylittlemeal.se\\\/da\\\/produkter\\\/sugekop-bla-gron\\\/#breadcrumb\"},\"inLanguage\":\"da-DK\",\"potentialAction\":[{\"@type\":\"ReadAction\",\"target\":[\"https:\\\/\\\/mylittlemeal.se\\\/da\\\/produkter\\\/sugekop-bla-gron\\\/\"]}]},{\"@type\":\"ImageObject\",\"inLanguage\":\"da-DK\",\"@id\":\"https:\\\/\\\/mylittlemeal.se\\\/da\\\/produkter\\\/sugekop-bla-gron\\\/#primaryimage\",\"url\":\"https:\\\/\\\/i0.wp.com\\\/mylittlemeal.se\\\/wp-content\\\/uploads\\\/2021\\\/09\\\/Gron-bla.jpg?fit=1080%2C1080&ssl=1\",\"contentUrl\":\"https:\\\/\\\/i0.wp.com\\\/mylittlemeal.se\\\/wp-content\\\/uploads\\\/2021\\\/09\\\/Gron-bla.jpg?fit=1080%2C1080&ssl=1\",\"width\":1080,\"height\":1080,\"caption\":\"Nyhet! Garanterat kladdfritt med denna sugkork\"},{\"@type\":\"BreadcrumbList\",\"@id\":\"https:\\\/\\\/mylittlemeal.se\\\/da\\\/produkter\\\/sugekop-bla-gron\\\/#breadcrumb\",\"itemListElement\":[{\"@type\":\"ListItem\",\"position\":1,\"name\":\"Hem\",\"item\":\"https:\\\/\\\/mylittlemeal.se\\\/da\\\/hjem\\\/\"},{\"@type\":\"ListItem\",\"position\":2,\"name\":\"Produkter\",\"item\":\"https:\\\/\\\/mylittlemeal.se\\\/da\\\/produkter\\\/\"},{\"@type\":\"ListItem\",\"position\":3,\"name\":\"Sugekop &#8211; bl\u00e5 og gr\u00f8n\"}]},{\"@type\":\"WebSite\",\"@id\":\"https:\\\/\\\/mylittlemeal.se\\\/da\\\/#website\",\"url\":\"https:\\\/\\\/mylittlemeal.se\\\/da\\\/\",\"name\":\"My Little Meal - Kl\u00e4mmisp\u00e5sar\",\"description\":\"G\u00f6r Din Egen Kl\u00e4mmis\",\"publisher\":{\"@id\":\"https:\\\/\\\/mylittlemeal.se\\\/da\\\/#organization\"},\"potentialAction\":[{\"@type\":\"SearchAction\",\"target\":{\"@type\":\"EntryPoint\",\"urlTemplate\":\"https:\\\/\\\/mylittlemeal.se\\\/da\\\/?s={search_term_string}\"},\"query-input\":{\"@type\":\"PropertyValueSpecification\",\"valueRequired\":true,\"valueName\":\"search_term_string\"}}],\"inLanguage\":\"da-DK\"},{\"@type\":\"Organization\",\"@id\":\"https:\\\/\\\/mylittlemeal.se\\\/da\\\/#organization\",\"name\":\"My Little Meal\",\"url\":\"https:\\\/\\\/mylittlemeal.se\\\/da\\\/\",\"logo\":{\"@type\":\"ImageObject\",\"inLanguage\":\"da-DK\",\"@id\":\"https:\\\/\\\/mylittlemeal.se\\\/da\\\/#\\\/schema\\\/logo\\\/image\\\/\",\"url\":\"https:\\\/\\\/mylittlemeal.se\\\/wp-content\\\/uploads\\\/2019\\\/11\\\/My-Little-Meal.png\",\"contentUrl\":\"https:\\\/\\\/mylittlemeal.se\\\/wp-content\\\/uploads\\\/2019\\\/11\\\/My-Little-Meal.png\",\"width\":1772,\"height\":1772,\"caption\":\"My Little Meal\"},\"image\":{\"@id\":\"https:\\\/\\\/mylittlemeal.se\\\/da\\\/#\\\/schema\\\/logo\\\/image\\\/\"},\"sameAs\":[\"https:\\\/\\\/www.facebook.com\\\/MyLittleMeal\\\/\",\"https:\\\/\\\/www.instagram.com\\\/my_little_meal\\\/\",\"https:\\\/\\\/www.youtube.com\\\/channel\\\/UCJV-jxZ4L8AJbdgdEgS127A\"]}]}<\/script>\n<!-- \/ Yoast SEO plugin. -->","yoast_head_json":{"title":"Sugekop - bl\u00e5 og gr\u00f8n - My Little Meal - Kl\u00e4mmisp\u00e5sar","description":"Med Vaaperos finske sugekopper kan du nemt lade dit barn spise fra madposen p\u00e5 egen h\u00e5nd uden risiko for spild.","robots":{"index":"index","follow":"follow","max-snippet":"max-snippet:-1","max-image-preview":"max-image-preview:large","max-video-preview":"max-video-preview:-1"},"canonical":"https:\/\/mylittlemeal.se\/da\/produkter\/sugekop-bla-gron\/","og_locale":"da_DK","og_type":"article","og_title":"Sugekop - bl\u00e5 og gr\u00f8n - My Little Meal - Kl\u00e4mmisp\u00e5sar","og_description":"Med Vaaperos finske sugekopper kan du nemt lade dit barn spise fra madposen p\u00e5 egen h\u00e5nd uden risiko for spild.","og_url":"https:\/\/mylittlemeal.se\/da\/produkter\/sugekop-bla-gron\/","og_site_name":"My Little Meal - Kl\u00e4mmisp\u00e5sar","article_publisher":"https:\/\/www.facebook.com\/MyLittleMeal\/","article_modified_time":"2026-01-30T09:14:39+00:00","og_image":[{"width":1080,"height":1080,"url":"https:\/\/mylittlemeal.se\/wp-content\/uploads\/2021\/09\/Gron-bla.jpg","type":"image\/jpeg"}],"twitter_card":"summary_large_image","twitter_misc":{"Estimeret l\u00e6setid":"1 minut"},"schema":{"@context":"https:\/\/schema.org","@graph":[{"@type":["WebPage","ItemPage"],"@id":"https:\/\/mylittlemeal.se\/da\/produkter\/sugekop-bla-gron\/","url":"https:\/\/mylittlemeal.se\/da\/produkter\/sugekop-bla-gron\/","name":"Sugekop - bl\u00e5 og gr\u00f8n - My Little Meal - Kl\u00e4mmisp\u00e5sar","isPartOf":{"@id":"https:\/\/mylittlemeal.se\/da\/#website"},"primaryImageOfPage":{"@id":"https:\/\/mylittlemeal.se\/da\/produkter\/sugekop-bla-gron\/#primaryimage"},"image":{"@id":"https:\/\/mylittlemeal.se\/da\/produkter\/sugekop-bla-gron\/#primaryimage"},"thumbnailUrl":"https:\/\/i0.wp.com\/mylittlemeal.se\/wp-content\/uploads\/2021\/09\/Gron-bla.jpg?fit=1080%2C1080&ssl=1","datePublished":"2021-09-10T19:48:17+00:00","dateModified":"2026-01-30T09:14:39+00:00","description":"Med Vaaperos finske sugekopper kan du nemt lade dit barn spise fra madposen p\u00e5 egen h\u00e5nd uden risiko for spild.","breadcrumb":{"@id":"https:\/\/mylittlemeal.se\/da\/produkter\/sugekop-bla-gron\/#breadcrumb"},"inLanguage":"da-DK","potentialAction":[{"@type":"ReadAction","target":["https:\/\/mylittlemeal.se\/da\/produkter\/sugekop-bla-gron\/"]}]},{"@type":"ImageObject","inLanguage":"da-DK","@id":"https:\/\/mylittlemeal.se\/da\/produkter\/sugekop-bla-gron\/#primaryimage","url":"https:\/\/i0.wp.com\/mylittlemeal.se\/wp-content\/uploads\/2021\/09\/Gron-bla.jpg?fit=1080%2C1080&ssl=1","contentUrl":"https:\/\/i0.wp.com\/mylittlemeal.se\/wp-content\/uploads\/2021\/09\/Gron-bla.jpg?fit=1080%2C1080&ssl=1","width":1080,"height":1080,"caption":"Nyhet! Garanterat kladdfritt med denna sugkork"},{"@type":"BreadcrumbList","@id":"https:\/\/mylittlemeal.se\/da\/produkter\/sugekop-bla-gron\/#breadcrumb","itemListElement":[{"@type":"ListItem","position":1,"name":"Hem","item":"https:\/\/mylittlemeal.se\/da\/hjem\/"},{"@type":"ListItem","position":2,"name":"Produkter","item":"https:\/\/mylittlemeal.se\/da\/produkter\/"},{"@type":"ListItem","position":3,"name":"Sugekop &#8211; bl\u00e5 og gr\u00f8n"}]},{"@type":"WebSite","@id":"https:\/\/mylittlemeal.se\/da\/#website","url":"https:\/\/mylittlemeal.se\/da\/","name":"My Little Meal - Kl\u00e4mmisp\u00e5sar","description":"G\u00f6r Din Egen Kl\u00e4mmis","publisher":{"@id":"https:\/\/mylittlemeal.se\/da\/#organization"},"potentialAction":[{"@type":"SearchAction","target":{"@type":"EntryPoint","urlTemplate":"https:\/\/mylittlemeal.se\/da\/?s={search_term_string}"},"query-input":{"@type":"PropertyValueSpecification","valueRequired":true,"valueName":"search_term_string"}}],"inLanguage":"da-DK"},{"@type":"Organization","@id":"https:\/\/mylittlemeal.se\/da\/#organization","name":"My Little Meal","url":"https:\/\/mylittlemeal.se\/da\/","logo":{"@type":"ImageObject","inLanguage":"da-DK","@id":"https:\/\/mylittlemeal.se\/da\/#\/schema\/logo\/image\/","url":"https:\/\/mylittlemeal.se\/wp-content\/uploads\/2019\/11\/My-Little-Meal.png","contentUrl":"https:\/\/mylittlemeal.se\/wp-content\/uploads\/2019\/11\/My-Little-Meal.png","width":1772,"height":1772,"caption":"My Little Meal"},"image":{"@id":"https:\/\/mylittlemeal.se\/da\/#\/schema\/logo\/image\/"},"sameAs":["https:\/\/www.facebook.com\/MyLittleMeal\/","https:\/\/www.instagram.com\/my_little_meal\/","https:\/\/www.youtube.com\/channel\/UCJV-jxZ4L8AJbdgdEgS127A"]}]}},"jetpack_sharing_enabled":true,"_links":{"self":[{"href":"https:\/\/mylittlemeal.se\/da\/wp-json\/wp\/v2\/product\/38878","targetHints":{"allow":["GET"]}}],"collection":[{"href":"https:\/\/mylittlemeal.se\/da\/wp-json\/wp\/v2\/product"}],"about":[{"href":"https:\/\/mylittlemeal.se\/da\/wp-json\/wp\/v2\/types\/product"}],"wp:featuredmedia":[{"embeddable":true,"href":"https:\/\/mylittlemeal.se\/da\/wp-json\/wp\/v2\/media\/38879"}],"wp:attachment":[{"href":"https:\/\/mylittlemeal.se\/da\/wp-json\/wp\/v2\/media?parent=38878"}],"wp:term":[{"taxonomy":"product_brand","embeddable":true,"href":"https:\/\/mylittlemeal.se\/da\/wp-json\/wp\/v2\/product_brand?post=38878"},{"taxonomy":"product_cat","embeddable":true,"href":"https:\/\/mylittlemeal.se\/da\/wp-json\/wp\/v2\/product_cat?post=38878"},{"taxonomy":"product_tag","embeddable":true,"href":"https:\/\/mylittlemeal.se\/da\/wp-json\/wp\/v2\/product_tag?post=38878"}],"curies":[{"name":"wp","href":"https:\/\/api.w.org\/{rel}","templated":true}]}}