{"id":38860,"date":"2023-09-16T19:44:14","date_gmt":"2023-09-16T19:44:14","guid":{"rendered":"https:\/\/mylittlemeal.se\/om-my-little-meal\/"},"modified":"2023-09-16T19:44:14","modified_gmt":"2023-09-16T19:44:14","slug":"om-my-little-meal","status":"publish","type":"page","link":"https:\/\/mylittlemeal.se\/da\/om-my-little-meal\/","title":{"rendered":"Om My Little Meal"},"content":{"rendered":"\t\t<div data-elementor-type=\"wp-page\" data-elementor-id=\"38860\" class=\"elementor elementor-38860 elementor-152\">\n\t\t\t\t\t\t<section class=\"elementor-section elementor-top-section elementor-element elementor-element-6e25e2c6 elementor-section-stretched elementor-section-boxed elementor-section-height-default elementor-section-height-default\" data-id=\"6e25e2c6\" data-element_type=\"section\" data-e-type=\"section\" data-settings=\"{&quot;background_background&quot;:&quot;classic&quot;,&quot;stretch_section&quot;:&quot;section-stretched&quot;}\">\n\t\t\t\t\t\t<div class=\"elementor-container elementor-column-gap-default\">\n\t\t\t\t\t<div class=\"elementor-column elementor-col-100 elementor-top-column elementor-element elementor-element-4acd536e\" data-id=\"4acd536e\" data-element_type=\"column\" data-e-type=\"column\">\n\t\t\t<div class=\"elementor-widget-wrap elementor-element-populated\">\n\t\t\t\t\t\t<div class=\"elementor-element elementor-element-9af46f5 elementor-widget-mobile__width-inherit elementor-widget elementor-widget-heading\" data-id=\"9af46f5\" data-element_type=\"widget\" data-e-type=\"widget\" data-widget_type=\"heading.default\">\n\t\t\t\t<div class=\"elementor-widget-container\">\n\t\t\t\t\t<h1 class=\"elementor-heading-title elementor-size-small\"><span style=\"font-size: 50px\">Om<\/span><br><span style=\"font-size: 50px\">My Little <\/span><span style=\"font-size: 50px\">Meal<\/span><\/h1>\t\t\t\t<\/div>\n\t\t\t\t<\/div>\n\t\t\t\t\t<\/div>\n\t\t<\/div>\n\t\t\t\t\t<\/div>\n\t\t<\/section>\n\t\t\t\t<section class=\"elementor-section elementor-top-section elementor-element elementor-element-45d16e9b elementor-section-stretched elementor-section-boxed elementor-section-height-default elementor-section-height-default\" data-id=\"45d16e9b\" data-element_type=\"section\" data-e-type=\"section\" data-settings=\"{&quot;stretch_section&quot;:&quot;section-stretched&quot;}\">\n\t\t\t\t\t\t<div class=\"elementor-container elementor-column-gap-default\">\n\t\t\t\t\t<div class=\"elementor-column elementor-col-100 elementor-top-column elementor-element elementor-element-11ce03c7\" data-id=\"11ce03c7\" data-element_type=\"column\" data-e-type=\"column\">\n\t\t\t<div class=\"elementor-widget-wrap elementor-element-populated\">\n\t\t\t\t\t\t<div class=\"elementor-element elementor-element-4a69d28e elementor-widget elementor-widget-heading\" data-id=\"4a69d28e\" data-element_type=\"widget\" data-e-type=\"widget\" data-widget_type=\"heading.default\">\n\t\t\t\t<div class=\"elementor-widget-container\">\n\t\t\t\t\t<h2 class=\"elementor-heading-title elementor-size-large\">Om os og vores klemmeposer<\/h2>\t\t\t\t<\/div>\n\t\t\t\t<\/div>\n\t\t\t\t<div class=\"elementor-element elementor-element-1ec841e0 elementor-widget elementor-widget-text-editor\" data-id=\"1ec841e0\" data-element_type=\"widget\" data-e-type=\"widget\" data-widget_type=\"text-editor.default\">\n\t\t\t\t<div class=\"elementor-widget-container\">\n\t\t\t\t\t\t\t\t\t<h2>\n<\/h2><p class=\"MsoNormal\"><span style=\"font-size: 10pt; line-height: 100%; font-family: ABeeZee, sans-serif; font-weight: normal;\">My Little Meal er en familie, hvis for\u00e6ldre har mange \u00e5rs erfaring med f\u00f8devareindk\u00f8b og produktudvikling med fokus p\u00e5 b\u00e6redygtighed.&nbsp;<\/span><\/p>\n<p class=\"MsoNormal\"><span style=\"font-size: 10pt; line-height: 100%; font-family: ABeeZee, sans-serif; font-weight: normal;\">Vores vision for vores produkter er funktionelt design, der g\u00f8r for\u00e6ldrenes liv lidt lettere. Da vi ogs\u00e5 elsker at tage p\u00e5 ture med vores b\u00f8rn til skoven og andre naturomr\u00e5der, er milj\u00f8et og naturen en stor del af vores families liv. Det er derfor vigtigt, at funktion og kvalitet lever op til vores h\u00f8je standarder. N\u00e5r produktet er godt, er risikoen for, at det ikke bliver brugt, mindre. Vi \u00f8nsker, at vores produkter skal bruges s\u00e5 mange gange som muligt for at reducere forbruget af engangsklemmer. Det er vores fors\u00f8g p\u00e5 at bidrage til en mere b\u00e6redygtig livsstil. &nbsp;<\/span><\/p>\n<p class=\"MsoNormal\"><span style=\"font-size: 10pt; line-height: 100%; font-family: ABeeZee, sans-serif; font-weight: normal;\">Vores m\u00e5l er at g\u00f8re de klemmeposer, vi producerer, til de bedste i test i alle kategorier. Vores clip-on-poser skal v\u00e6re nemme at fylde med babymad eller smoothies. De skal v\u00e6re lette at lukke, og de skal holde t\u00e6t. Designet skal v\u00e6re ergonomisk for b\u00f8rn. En enkel og praktisk snack kan &#8220;redde&#8221; turen og holde b\u00f8rnenes hum\u00f8r oppe lidt l\u00e6ngere. Det ved vi af egen erfaring \ud83d\ude42<o:p><\/o:p><\/span><\/p>\n<p class=\"MsoNormal\"><span style=\"font-weight: normal; font-size: 10pt; line-height: 107%; font-family: ABeeZee, sans-serif;\">Vi har valgt vores leverand\u00f8rer med omhu, og alle de klemmeposer, du kan k\u00f8be i vores <a href=\"https:\/\/mylittlemeal.se\/produkter\/\" rel=\"noopener\" target=\"_blank\"><u>butik<\/u><\/a>&nbsp;opfylder&nbsp;EU-standard og vores egne h\u00f8je standarder. For at sikre, at vi opfylder alle krav, har vi arbejdet med, <a href=\"http:\/\/www.sgs.com\" rel=\"noopener\" target=\"_blank\"><u>SGS<\/u><\/a>. De har hjulpet os med at udf\u00f8re alle de n\u00f8dvendige tests i deres laboratorium. Det er vigtigt for os&nbsp;ikke at g\u00e5 p\u00e5 kompromis med design, funktion og kvalitet. Det resulterer i et holdbart produkt, som du og dit barn vil bruge regelm\u00e6ssigt.<\/span><o:p><\/o:p><\/p>\n\t\t\t\t\t\t\t\t<\/div>\n\t\t\t\t<\/div>\n\t\t\t\t<section class=\"elementor-section elementor-inner-section elementor-element elementor-element-7474bd6d elementor-section-height-min-height elementor-section-content-bottom elementor-section-boxed elementor-section-height-default\" data-id=\"7474bd6d\" data-element_type=\"section\" data-e-type=\"section\">\n\t\t\t\t\t\t<div class=\"elementor-container elementor-column-gap-wider\">\n\t\t\t\t\t<div class=\"elementor-column elementor-col-33 elementor-inner-column elementor-element elementor-element-584a88bf\" data-id=\"584a88bf\" data-element_type=\"column\" data-e-type=\"column\" data-settings=\"{&quot;background_background&quot;:&quot;classic&quot;}\">\n\t\t\t<div class=\"elementor-widget-wrap elementor-element-populated\">\n\t\t\t\t\t\t<div class=\"elementor-element elementor-element-baa49ed elementor-widget elementor-widget-heading\" data-id=\"baa49ed\" data-element_type=\"widget\" data-e-type=\"widget\" data-widget_type=\"heading.default\">\n\t\t\t\t<div class=\"elementor-widget-container\">\n\t\t\t\t\t<h2 class=\"elementor-heading-title elementor-size-medium\">Design<\/h2>\t\t\t\t<\/div>\n\t\t\t\t<\/div>\n\t\t\t\t\t<\/div>\n\t\t<\/div>\n\t\t\t\t<div class=\"elementor-column elementor-col-33 elementor-inner-column elementor-element elementor-element-3b1a0ca4\" data-id=\"3b1a0ca4\" data-element_type=\"column\" data-e-type=\"column\" data-settings=\"{&quot;background_background&quot;:&quot;classic&quot;}\">\n\t\t\t<div class=\"elementor-widget-wrap elementor-element-populated\">\n\t\t\t\t\t\t<div class=\"elementor-element elementor-element-48ba193b elementor-widget elementor-widget-heading\" data-id=\"48ba193b\" data-element_type=\"widget\" data-e-type=\"widget\" data-widget_type=\"heading.default\">\n\t\t\t\t<div class=\"elementor-widget-container\">\n\t\t\t\t\t<h2 class=\"elementor-heading-title elementor-size-medium\">funktion<\/h2>\t\t\t\t<\/div>\n\t\t\t\t<\/div>\n\t\t\t\t\t<\/div>\n\t\t<\/div>\n\t\t\t\t<div class=\"elementor-column elementor-col-33 elementor-inner-column elementor-element elementor-element-5700110d\" data-id=\"5700110d\" data-element_type=\"column\" data-e-type=\"column\" data-settings=\"{&quot;background_background&quot;:&quot;classic&quot;}\">\n\t\t\t<div class=\"elementor-widget-wrap elementor-element-populated\">\n\t\t\t\t\t\t<div class=\"elementor-element elementor-element-19a24d13 elementor-widget elementor-widget-heading\" data-id=\"19a24d13\" data-element_type=\"widget\" data-e-type=\"widget\" data-widget_type=\"heading.default\">\n\t\t\t\t<div class=\"elementor-widget-container\">\n\t\t\t\t\t<h2 class=\"elementor-heading-title elementor-size-large\">Kvalitet<\/h2>\t\t\t\t<\/div>\n\t\t\t\t<\/div>\n\t\t\t\t\t<\/div>\n\t\t<\/div>\n\t\t\t\t\t<\/div>\n\t\t<\/section>\n\t\t\t\t\t<\/div>\n\t\t<\/div>\n\t\t\t\t\t<\/div>\n\t\t<\/section>\n\t\t\t\t<\/div>\n\t\t","protected":false},"excerpt":{"rendered":"<p>OmMy Little Meal Om os og vores klemmeposer My Little Meal er en familie, hvis for\u00e6ldre har mange \u00e5rs erfaring med f\u00f8devareindk\u00f8b og produktudvikling med fokus p\u00e5 b\u00e6redygtighed.&nbsp; Vores vision for vores produkter er funktionelt design, der g\u00f8r for\u00e6ldrenes liv lidt lettere. Da vi ogs\u00e5 elsker at tage p\u00e5 ture med vores b\u00f8rn til skoven [&hellip;]<\/p>\n","protected":false},"author":1,"featured_media":0,"parent":0,"menu_order":0,"comment_status":"closed","ping_status":"closed","template":"","meta":{"ocean_post_layout":"","ocean_both_sidebars_style":"","ocean_both_sidebars_content_width":0,"ocean_both_sidebars_sidebars_width":0,"ocean_sidebar":"0","ocean_second_sidebar":"0","ocean_disable_margins":"on","ocean_add_body_class":"","ocean_shortcode_before_top_bar":"","ocean_shortcode_after_top_bar":"","ocean_shortcode_before_header":"","ocean_shortcode_after_header":"","ocean_has_shortcode":"","ocean_shortcode_after_title":"","ocean_shortcode_before_footer_widgets":"","ocean_shortcode_after_footer_widgets":"","ocean_shortcode_before_footer_bottom":"","ocean_shortcode_after_footer_bottom":"","ocean_display_top_bar":"off","ocean_display_header":"default","ocean_header_style":"","ocean_center_header_left_menu":"0","ocean_custom_header_template":"0","ocean_custom_logo":0,"ocean_custom_retina_logo":0,"ocean_custom_logo_max_width":0,"ocean_custom_logo_tablet_max_width":0,"ocean_custom_logo_mobile_max_width":0,"ocean_custom_logo_max_height":0,"ocean_custom_logo_tablet_max_height":0,"ocean_custom_logo_mobile_max_height":0,"ocean_header_custom_menu":"0","ocean_menu_typo_font_family":"0","ocean_menu_typo_font_subset":"","ocean_menu_typo_font_size":0,"ocean_menu_typo_font_size_tablet":0,"ocean_menu_typo_font_size_mobile":0,"ocean_menu_typo_font_size_unit":"px","ocean_menu_typo_font_weight":"","ocean_menu_typo_font_weight_tablet":"","ocean_menu_typo_font_weight_mobile":"","ocean_menu_typo_transform":"","ocean_menu_typo_transform_tablet":"","ocean_menu_typo_transform_mobile":"","ocean_menu_typo_line_height":0,"ocean_menu_typo_line_height_tablet":0,"ocean_menu_typo_line_height_mobile":0,"ocean_menu_typo_line_height_unit":"","ocean_menu_typo_spacing":0,"ocean_menu_typo_spacing_tablet":0,"ocean_menu_typo_spacing_mobile":0,"ocean_menu_typo_spacing_unit":"","ocean_menu_link_color":"","ocean_menu_link_color_hover":"","ocean_menu_link_color_active":"","ocean_menu_link_background":"","ocean_menu_link_hover_background":"","ocean_menu_link_active_background":"","ocean_menu_social_links_bg":"","ocean_menu_social_hover_links_bg":"","ocean_menu_social_links_color":"","ocean_menu_social_hover_links_color":"","ocean_disable_title":"on","ocean_disable_heading":"default","ocean_post_title":"","ocean_post_subheading":"","ocean_post_title_style":"","ocean_post_title_background_color":"","ocean_post_title_background":0,"ocean_post_title_bg_image_position":"","ocean_post_title_bg_image_attachment":"","ocean_post_title_bg_image_repeat":"","ocean_post_title_bg_image_size":"","ocean_post_title_height":0,"ocean_post_title_bg_overlay":0.5,"ocean_post_title_bg_overlay_color":"","ocean_disable_breadcrumbs":"default","ocean_breadcrumbs_color":"","ocean_breadcrumbs_separator_color":"","ocean_breadcrumbs_links_color":"","ocean_breadcrumbs_links_hover_color":"","ocean_display_footer_widgets":"default","ocean_display_footer_bottom":"default","ocean_custom_footer_template":"0","footnotes":""},"class_list":["post-38860","page","type-page","status-publish","hentry","entry","owp-thumbs-layout-horizontal","owp-btn-normal","owp-tabs-layout-horizontal","has-no-thumbnails","has-product-nav","circle-sale"],"yoast_head":"<!-- This site is optimized with the Yoast SEO plugin v27.4 - https:\/\/yoast.com\/product\/yoast-seo-wordpress\/ -->\n<title>Om My Little Meal og baggrunden for vores klemmer<\/title>\n<meta name=\"description\" content=\"Hos My Little Meal br\u00e6nder vi for funktionelt design af produkter til b\u00f8rn. Det har f\u00e5et os til at udvikle vores klemmer til babymad.\" \/>\n<meta name=\"robots\" content=\"index, follow, max-snippet:-1, max-image-preview:large, max-video-preview:-1\" \/>\n<link rel=\"canonical\" href=\"https:\/\/mylittlemeal.se\/da\/om-my-little-meal\/\" \/>\n<meta property=\"og:locale\" content=\"da_DK\" \/>\n<meta property=\"og:type\" content=\"article\" \/>\n<meta property=\"og:title\" content=\"Om My Little Meal og baggrunden for vores klemmer\" \/>\n<meta property=\"og:description\" content=\"Hos My Little Meal br\u00e6nder vi for funktionelt design af produkter til b\u00f8rn. Det har f\u00e5et os til at udvikle vores klemmer til babymad.\" \/>\n<meta property=\"og:url\" content=\"https:\/\/mylittlemeal.se\/da\/om-my-little-meal\/\" \/>\n<meta property=\"og:site_name\" content=\"My Little Meal - Kl\u00e4mmisp\u00e5sar\" \/>\n<meta property=\"article:publisher\" content=\"https:\/\/www.facebook.com\/MyLittleMeal\/\" \/>\n<meta property=\"og:image\" content=\"https:\/\/i0.wp.com\/mylittlemeal.se\/wp-content\/uploads\/2020\/01\/Koala_%C3%84ta-kl%C3%A4mmis.jpg?fit=750%2C750&ssl=1\" \/>\n\t<meta property=\"og:image:width\" content=\"750\" \/>\n\t<meta property=\"og:image:height\" content=\"750\" \/>\n\t<meta property=\"og:image:type\" content=\"image\/jpeg\" \/>\n<meta name=\"twitter:card\" content=\"summary_large_image\" \/>\n<meta name=\"twitter:label1\" content=\"Estimeret l\u00e6setid\" \/>\n\t<meta name=\"twitter:data1\" content=\"2 minutter\" \/>\n<script type=\"application\/ld+json\" class=\"yoast-schema-graph\">{\"@context\":\"https:\\\/\\\/schema.org\",\"@graph\":[{\"@type\":\"WebPage\",\"@id\":\"https:\\\/\\\/mylittlemeal.se\\\/da\\\/om-my-little-meal\\\/\",\"url\":\"https:\\\/\\\/mylittlemeal.se\\\/da\\\/om-my-little-meal\\\/\",\"name\":\"Om My Little Meal og baggrunden for vores klemmer\",\"isPartOf\":{\"@id\":\"https:\\\/\\\/mylittlemeal.se\\\/da\\\/#website\"},\"datePublished\":\"2023-09-16T19:44:14+00:00\",\"description\":\"Hos My Little Meal br\u00e6nder vi for funktionelt design af produkter til b\u00f8rn. Det har f\u00e5et os til at udvikle vores klemmer til babymad.\",\"breadcrumb\":{\"@id\":\"https:\\\/\\\/mylittlemeal.se\\\/da\\\/om-my-little-meal\\\/#breadcrumb\"},\"inLanguage\":\"da-DK\",\"potentialAction\":[{\"@type\":\"ReadAction\",\"target\":[\"https:\\\/\\\/mylittlemeal.se\\\/da\\\/om-my-little-meal\\\/\"]}]},{\"@type\":\"BreadcrumbList\",\"@id\":\"https:\\\/\\\/mylittlemeal.se\\\/da\\\/om-my-little-meal\\\/#breadcrumb\",\"itemListElement\":[{\"@type\":\"ListItem\",\"position\":1,\"name\":\"Hem\",\"item\":\"https:\\\/\\\/mylittlemeal.se\\\/da\\\/hjem\\\/\"},{\"@type\":\"ListItem\",\"position\":2,\"name\":\"Om My Little Meal\"}]},{\"@type\":\"WebSite\",\"@id\":\"https:\\\/\\\/mylittlemeal.se\\\/da\\\/#website\",\"url\":\"https:\\\/\\\/mylittlemeal.se\\\/da\\\/\",\"name\":\"My Little Meal - Kl\u00e4mmisp\u00e5sar\",\"description\":\"G\u00f6r Din Egen Kl\u00e4mmis\",\"publisher\":{\"@id\":\"https:\\\/\\\/mylittlemeal.se\\\/da\\\/#organization\"},\"potentialAction\":[{\"@type\":\"SearchAction\",\"target\":{\"@type\":\"EntryPoint\",\"urlTemplate\":\"https:\\\/\\\/mylittlemeal.se\\\/da\\\/?s={search_term_string}\"},\"query-input\":{\"@type\":\"PropertyValueSpecification\",\"valueRequired\":true,\"valueName\":\"search_term_string\"}}],\"inLanguage\":\"da-DK\"},{\"@type\":\"Organization\",\"@id\":\"https:\\\/\\\/mylittlemeal.se\\\/da\\\/#organization\",\"name\":\"My Little Meal\",\"url\":\"https:\\\/\\\/mylittlemeal.se\\\/da\\\/\",\"logo\":{\"@type\":\"ImageObject\",\"inLanguage\":\"da-DK\",\"@id\":\"https:\\\/\\\/mylittlemeal.se\\\/da\\\/#\\\/schema\\\/logo\\\/image\\\/\",\"url\":\"https:\\\/\\\/mylittlemeal.se\\\/wp-content\\\/uploads\\\/2019\\\/11\\\/My-Little-Meal.png\",\"contentUrl\":\"https:\\\/\\\/mylittlemeal.se\\\/wp-content\\\/uploads\\\/2019\\\/11\\\/My-Little-Meal.png\",\"width\":1772,\"height\":1772,\"caption\":\"My Little Meal\"},\"image\":{\"@id\":\"https:\\\/\\\/mylittlemeal.se\\\/da\\\/#\\\/schema\\\/logo\\\/image\\\/\"},\"sameAs\":[\"https:\\\/\\\/www.facebook.com\\\/MyLittleMeal\\\/\",\"https:\\\/\\\/www.instagram.com\\\/my_little_meal\\\/\",\"https:\\\/\\\/www.youtube.com\\\/channel\\\/UCJV-jxZ4L8AJbdgdEgS127A\"]}]}<\/script>\n<!-- \/ Yoast SEO plugin. -->","yoast_head_json":{"title":"Om My Little Meal og baggrunden for vores klemmer","description":"Hos My Little Meal br\u00e6nder vi for funktionelt design af produkter til b\u00f8rn. Det har f\u00e5et os til at udvikle vores klemmer til babymad.","robots":{"index":"index","follow":"follow","max-snippet":"max-snippet:-1","max-image-preview":"max-image-preview:large","max-video-preview":"max-video-preview:-1"},"canonical":"https:\/\/mylittlemeal.se\/da\/om-my-little-meal\/","og_locale":"da_DK","og_type":"article","og_title":"Om My Little Meal og baggrunden for vores klemmer","og_description":"Hos My Little Meal br\u00e6nder vi for funktionelt design af produkter til b\u00f8rn. Det har f\u00e5et os til at udvikle vores klemmer til babymad.","og_url":"https:\/\/mylittlemeal.se\/da\/om-my-little-meal\/","og_site_name":"My Little Meal - Kl\u00e4mmisp\u00e5sar","article_publisher":"https:\/\/www.facebook.com\/MyLittleMeal\/","og_image":[{"width":750,"height":750,"url":"https:\/\/i0.wp.com\/mylittlemeal.se\/wp-content\/uploads\/2020\/01\/Koala_%C3%84ta-kl%C3%A4mmis.jpg?fit=750%2C750&ssl=1","type":"image\/jpeg"}],"twitter_card":"summary_large_image","twitter_misc":{"Estimeret l\u00e6setid":"2 minutter"},"schema":{"@context":"https:\/\/schema.org","@graph":[{"@type":"WebPage","@id":"https:\/\/mylittlemeal.se\/da\/om-my-little-meal\/","url":"https:\/\/mylittlemeal.se\/da\/om-my-little-meal\/","name":"Om My Little Meal og baggrunden for vores klemmer","isPartOf":{"@id":"https:\/\/mylittlemeal.se\/da\/#website"},"datePublished":"2023-09-16T19:44:14+00:00","description":"Hos My Little Meal br\u00e6nder vi for funktionelt design af produkter til b\u00f8rn. Det har f\u00e5et os til at udvikle vores klemmer til babymad.","breadcrumb":{"@id":"https:\/\/mylittlemeal.se\/da\/om-my-little-meal\/#breadcrumb"},"inLanguage":"da-DK","potentialAction":[{"@type":"ReadAction","target":["https:\/\/mylittlemeal.se\/da\/om-my-little-meal\/"]}]},{"@type":"BreadcrumbList","@id":"https:\/\/mylittlemeal.se\/da\/om-my-little-meal\/#breadcrumb","itemListElement":[{"@type":"ListItem","position":1,"name":"Hem","item":"https:\/\/mylittlemeal.se\/da\/hjem\/"},{"@type":"ListItem","position":2,"name":"Om My Little Meal"}]},{"@type":"WebSite","@id":"https:\/\/mylittlemeal.se\/da\/#website","url":"https:\/\/mylittlemeal.se\/da\/","name":"My Little Meal - Kl\u00e4mmisp\u00e5sar","description":"G\u00f6r Din Egen Kl\u00e4mmis","publisher":{"@id":"https:\/\/mylittlemeal.se\/da\/#organization"},"potentialAction":[{"@type":"SearchAction","target":{"@type":"EntryPoint","urlTemplate":"https:\/\/mylittlemeal.se\/da\/?s={search_term_string}"},"query-input":{"@type":"PropertyValueSpecification","valueRequired":true,"valueName":"search_term_string"}}],"inLanguage":"da-DK"},{"@type":"Organization","@id":"https:\/\/mylittlemeal.se\/da\/#organization","name":"My Little Meal","url":"https:\/\/mylittlemeal.se\/da\/","logo":{"@type":"ImageObject","inLanguage":"da-DK","@id":"https:\/\/mylittlemeal.se\/da\/#\/schema\/logo\/image\/","url":"https:\/\/mylittlemeal.se\/wp-content\/uploads\/2019\/11\/My-Little-Meal.png","contentUrl":"https:\/\/mylittlemeal.se\/wp-content\/uploads\/2019\/11\/My-Little-Meal.png","width":1772,"height":1772,"caption":"My Little Meal"},"image":{"@id":"https:\/\/mylittlemeal.se\/da\/#\/schema\/logo\/image\/"},"sameAs":["https:\/\/www.facebook.com\/MyLittleMeal\/","https:\/\/www.instagram.com\/my_little_meal\/","https:\/\/www.youtube.com\/channel\/UCJV-jxZ4L8AJbdgdEgS127A"]}]}},"jetpack_sharing_enabled":true,"_links":{"self":[{"href":"https:\/\/mylittlemeal.se\/da\/wp-json\/wp\/v2\/pages\/38860","targetHints":{"allow":["GET"]}}],"collection":[{"href":"https:\/\/mylittlemeal.se\/da\/wp-json\/wp\/v2\/pages"}],"about":[{"href":"https:\/\/mylittlemeal.se\/da\/wp-json\/wp\/v2\/types\/page"}],"author":[{"embeddable":true,"href":"https:\/\/mylittlemeal.se\/da\/wp-json\/wp\/v2\/users\/1"}],"replies":[{"embeddable":true,"href":"https:\/\/mylittlemeal.se\/da\/wp-json\/wp\/v2\/comments?post=38860"}],"version-history":[{"count":1,"href":"https:\/\/mylittlemeal.se\/da\/wp-json\/wp\/v2\/pages\/38860\/revisions"}],"predecessor-version":[{"id":38861,"href":"https:\/\/mylittlemeal.se\/da\/wp-json\/wp\/v2\/pages\/38860\/revisions\/38861"}],"wp:attachment":[{"href":"https:\/\/mylittlemeal.se\/da\/wp-json\/wp\/v2\/media?parent=38860"}],"curies":[{"name":"wp","href":"https:\/\/api.w.org\/{rel}","templated":true}]}}